{"id":964,"date":"2023-04-06T07:54:04","date_gmt":"2023-04-06T07:54:04","guid":{"rendered":"https:\/\/outdoorsosapp.com\/?page_id=964"},"modified":"2023-07-25T10:12:22","modified_gmt":"2023-07-25T10:12:22","slug":"app-demonstration","status":"publish","type":"page","link":"https:\/\/outdoorsosapp.com\/pl\/app-demonstration\/","title":{"rendered":"Demonstracja aplikacji"},"content":{"rendered":"<div class=\"wp-block-cover alignfull is-light\" style=\"min-height:579px;aspect-ratio:unset;\"><span aria-hidden=\"true\" class=\"wp-block-cover__background has-background-dim\"><\/span><img loading=\"lazy\" decoding=\"async\" width=\"1599\" height=\"822\" class=\"wp-block-cover__image-background wp-image-965\" alt=\"\" src=\"https:\/\/outdoorsosapp.com\/wp-content\/uploads\/2023\/04\/WhatsApp-Image-2022-07-05-at-10.57.12-PM-2.jpeg\" data-object-fit=\"cover\" srcset=\"https:\/\/outdoorsosapp.com\/wp-content\/uploads\/2023\/04\/WhatsApp-Image-2022-07-05-at-10.57.12-PM-2.jpeg 1599w, https:\/\/outdoorsosapp.com\/wp-content\/uploads\/2023\/04\/WhatsApp-Image-2022-07-05-at-10.57.12-PM-2-300x154.jpeg 300w, https:\/\/outdoorsosapp.com\/wp-content\/uploads\/2023\/04\/WhatsApp-Image-2022-07-05-at-10.57.12-PM-2-1024x526.jpeg 1024w, https:\/\/outdoorsosapp.com\/wp-content\/uploads\/2023\/04\/WhatsApp-Image-2022-07-05-at-10.57.12-PM-2-768x395.jpeg 768w, https:\/\/outdoorsosapp.com\/wp-content\/uploads\/2023\/04\/WhatsApp-Image-2022-07-05-at-10.57.12-PM-2-1536x790.jpeg 1536w, https:\/\/outdoorsosapp.com\/wp-content\/uploads\/2023\/04\/WhatsApp-Image-2022-07-05-at-10.57.12-PM-2-18x9.jpeg 18w\" sizes=\"auto, (max-width: 1599px) 100vw, 1599px\" \/><div class=\"wp-block-cover__inner-container is-layout-flow wp-block-cover-is-layout-flow\">\n<h1 class=\"wp-block-heading has-nv-text-dark-bg-color has-text-color\">Przejrzysto\u015b\u0107 to wszystko, czego potrzebujesz!<\/h1>\n<\/div><\/div>\n\n\n\n<div style=\"height:39px\" aria-hidden=\"true\" class=\"wp-block-spacer\"><\/div>\n\n\n\n<h2 class=\"wp-block-heading\">Obejrzyj film demonstracyjny<\/h2>\n\n\n\n<div class=\"wp-block-cover alignfull\" style=\"min-height:600px;aspect-ratio:unset;\"><span aria-hidden=\"true\" class=\"wp-block-cover__background has-nv-light-bg-background-color has-background-dim-100 has-background-dim\"><\/span><div class=\"wp-block-cover__inner-container is-layout-flow wp-block-cover-is-layout-flow\">\n<div class=\"wp-block-group\"><div class=\"wp-block-group__inner-container is-layout-flow wp-block-group-is-layout-flow\">\n<div style=\"height:80px\" aria-hidden=\"true\" class=\"wp-block-spacer\"><\/div>\n\n\n\n<div class=\"wp-block-columns are-vertically-aligned-center is-layout-flex wp-container-core-columns-is-layout-9d6595d7 wp-block-columns-is-layout-flex\">\n<div class=\"wp-block-column is-vertically-aligned-center is-layout-flow wp-block-column-is-layout-flow\" style=\"flex-basis:100%\">\n<figure class=\"wp-block-video\"><video controls src=\"https:\/\/outdoorsosapp.com\/wp-content\/uploads\/2023\/04\/Alarmering-met-Smartphones-SD-480p.mov\"><\/video><\/figure>\n\n\n\n<h3 class=\"wp-block-heading has-text-align-center has-neve-text-color-color has-text-color\">\u0141atwy w u\u017cyciu<\/h3>\n\n\n\n<p class=\"has-text-align-left has-neve-text-color-color has-text-color\">Aplikacja zosta\u0142a rozwini\u0119ta, dzi\u0119ki czemu jest \u0142atwa w u\u017cyciu w sytuacji paniki, bez dodatkowych ogranicze\u0144 lub wiedzy. <\/p>\n\n\n\n<p class=\"has-nv-dark-bg-color has-text-color\">Powy\u017cszy film demonstracyjny to schemat dla holenderskiego rynku us\u0142ug reagowania kryzysowego w biurach i \u015brodowiskach przemys\u0142owych. Poniewa\u017c unikalne podstawowe cechy opracowanej Aplikacji s\u0105 uniwersalne dla wszystkich sytuacji wymagaj\u0105cych pomocy, Aplikacja znajduje zastosowanie r\u00f3wnie\u017c w \u017cyciu na \u015bwie\u017cym powietrzu ze wzgl\u0119du na istotne i niezb\u0119dne cechy bezpo\u015bredniego kontaktu wideo i natychmiastowego pozycjonowania na cyfrowej mapie.<\/p>\n\n\n\n<p class=\"has-nv-dark-bg-color has-text-color\">Wraz z rozwojem aplikacji Outdoor SOS spe\u0142niamy wieloletnie pragnienie s\u0142u\u017cb ratunkowych, aby dzia\u0142a\u0107 szybciej i skuteczniej, bez wysokich koszt\u00f3w i skomplikowanych procedur.<\/p>\n\n\n\n<p class=\"has-nv-dark-bg-color has-text-color\">Poniewa\u017c sama aplikacja jest projektowana indywidualnie dla ka\u017cdego nowego klienta, planujemy zako\u0144czy\u0107 uniwersaln\u0105 wersj\u0119 demonstracyjn\u0105 najp\u00f3\u017aniej pod koniec 2023 roku.<\/p>\n\n\n\n<p class=\"has-nv-dark-bg-color has-text-color\">Prosz\u0119, <a href=\"https:\/\/outdoorsosapp.com\/pl\/contact-us\/\" data-type=\"URL\" data-id=\"https:\/\/outdoorsosapp.com\/contact-us\/\">Skontaktuj si\u0119 z nami<\/a> w dowolnym momencie w celu uzyskania dalszych informacji lub demonstracji \u017cycia w Twojej lokalizacji. <\/p>\n\n\n\n<div class=\"wp-block-buttons is-content-justification-center is-layout-flex wp-container-core-buttons-is-layout-16018d1d wp-block-buttons-is-layout-flex\">\n<div class=\"wp-block-button is-style-primary\"><a class=\"wp-block-button__link wp-element-button\" href=\"https:\/\/outdoorsosapp.com\/pl\/app-impression\/\">WRA\u017bENIA EKRANOWE<\/a><\/div>\n\n\n\n<div class=\"wp-block-button is-style-default\"><a class=\"wp-block-button__link wp-element-button\" href=\"https:\/\/outdoorsosapp.com\/pl\/download-brochure\/\">BROSZURA<\/a><\/div>\n<\/div>\n\n\n\n<div style=\"height:63px\" aria-hidden=\"true\" class=\"wp-block-spacer\"><\/div>\n\n\n\n<h2 class=\"wp-block-heading has-nv-dark-bg-color has-text-color\">Twoje zg\u0142oszenie<\/h2>\n\n\n\n<p class=\"has-nv-dark-bg-color has-text-color\">Film demonstracyjny to holenderska wersja dla s\u0142u\u017cb reagowania kryzysowego, kt\u00f3ra daje wyobra\u017cenie o u\u017cywanych funkcjach technicznych. <\/p>\n\n\n\n<p class=\"has-nv-dark-bg-color has-text-color\">Twoja aplikacja b\u0119dzie niestandardow\u0105 aplikacj\u0105 opart\u0105 na twoich \u017cyczeniach. Zrzuty ekranu prezentowane na naszej stronie internetowej oraz w broszurach powinny da\u0107 wyobra\u017cenie o tym, jak mo\u017ce wygl\u0105da\u0107 Twoja aplikacja. <\/p>\n\n\n\n<h2 class=\"wp-block-heading has-nv-dark-bg-color has-text-color\">Razem mo\u017cemy<\/h2>\n\n\n\n<p class=\"has-nv-dark-bg-color has-text-color\">Kiedy zdecydujesz si\u0119 korzysta\u0107 z Aplikacji Outdoor SOS, rozpoczniemy wsp\u00f3ln\u0105 podr\u00f3\u017c w celu opracowania Aplikacji dok\u0142adnie wed\u0142ug Twoich wymaga\u0144 i \u017cycze\u0144. Nasze zespo\u0142y wsparcia technicznego i kreatywne poprowadz\u0105 Ci\u0119 krok po kroku, aby stworzy\u0107 Twoj\u0105 niestandardow\u0105 aplikacj\u0119.  <\/p>\n\n\n\n<p class=\"has-nv-dark-bg-color has-text-color\">Skontaktuj si\u0119 z nami, aby um\u00f3wi\u0107 si\u0119 na osobiste spotkanie, aby pozna\u0107 wszystkie opcje, kt\u00f3re mo\u017cemy Ci zapewni\u0107.  <\/p>\n\n\n\n<p class=\"has-nv-dark-bg-color has-text-color\">  <\/p>\n\n\n\n<div class=\"wp-block-buttons is-content-justification-center is-layout-flex wp-container-core-buttons-is-layout-16018d1d wp-block-buttons-is-layout-flex\">\n<div class=\"wp-block-button is-style-primary\"><a class=\"wp-block-button__link has-text-align-center wp-element-button\" href=\"https:\/\/outdoorsosapp.com\/pl\/contact-us\/\">SKONTAKTUJ SI\u0118 Z NAMI<\/a><\/div>\n<\/div>\n\n\n\n<div style=\"height:40px\" aria-hidden=\"true\" class=\"wp-block-spacer\"><\/div>\n<\/div>\n<\/div>\n\n\n\n<div style=\"height:40px\" aria-hidden=\"true\" class=\"wp-block-spacer\"><\/div>\n<\/div><\/div>\n<\/div><\/div>\n\n\n\n<div class=\"wp-block-cover alignfull is-light\" style=\"min-height:653px;aspect-ratio:unset;\"><span aria-hidden=\"true\" class=\"wp-block-cover__background has-nv-dark-bg-background-color has-background-dim\"><\/span><img loading=\"lazy\" decoding=\"async\" width=\"1920\" height=\"1280\" class=\"wp-block-cover__image-background wp-image-982\" alt=\"\" src=\"https:\/\/outdoorsosapp.com\/wp-content\/uploads\/2023\/04\/WhatsApp-Image-2022-07-06-at-10.42.05-PM-2.jpeg\" data-object-fit=\"cover\" srcset=\"https:\/\/outdoorsosapp.com\/wp-content\/uploads\/2023\/04\/WhatsApp-Image-2022-07-06-at-10.42.05-PM-2.jpeg 1920w, https:\/\/outdoorsosapp.com\/wp-content\/uploads\/2023\/04\/WhatsApp-Image-2022-07-06-at-10.42.05-PM-2-300x200.jpeg 300w, https:\/\/outdoorsosapp.com\/wp-content\/uploads\/2023\/04\/WhatsApp-Image-2022-07-06-at-10.42.05-PM-2-1024x683.jpeg 1024w, https:\/\/outdoorsosapp.com\/wp-content\/uploads\/2023\/04\/WhatsApp-Image-2022-07-06-at-10.42.05-PM-2-768x512.jpeg 768w, https:\/\/outdoorsosapp.com\/wp-content\/uploads\/2023\/04\/WhatsApp-Image-2022-07-06-at-10.42.05-PM-2-1536x1024.jpeg 1536w, https:\/\/outdoorsosapp.com\/wp-content\/uploads\/2023\/04\/WhatsApp-Image-2022-07-06-at-10.42.05-PM-2-18x12.jpeg 18w, https:\/\/outdoorsosapp.com\/wp-content\/uploads\/2023\/04\/WhatsApp-Image-2022-07-06-at-10.42.05-PM-2-930x620.jpeg 930w\" sizes=\"auto, (max-width: 1920px) 100vw, 1920px\" \/><div class=\"wp-block-cover__inner-container is-layout-flow wp-block-cover-is-layout-flow\">\n<div style=\"height:80px\" aria-hidden=\"true\" class=\"wp-block-spacer\"><\/div>\n\n\n\n<h3 class=\"wp-block-heading has-text-align-center has-nv-text-dark-bg-color has-text-color\">\u201eCh\u0119\u0107 pomocy innym jest darem i talentem. My mo\u017cemy zapewni\u0107 im tylko najlepsze narz\u0119dzia!\u201d<\/h3>\n\n\n\n<div style=\"height:80px\" aria-hidden=\"true\" class=\"wp-block-spacer\"><\/div>\n<\/div><\/div>","protected":false},"excerpt":{"rendered":"<p>Obejrzyj film demonstracyjny<\/p>","protected":false},"author":1,"featured_media":0,"parent":0,"menu_order":0,"comment_status":"closed","ping_status":"closed","template":"","meta":{"neve_meta_sidebar":"full-width","neve_meta_container":"","neve_meta_enable_content_width":"on","neve_meta_content_width":100,"neve_meta_title_alignment":"","neve_meta_author_avatar":"","neve_post_elements_order":"","neve_meta_disable_header":"","neve_meta_disable_footer":"","neve_meta_disable_title":"on","footnotes":""},"class_list":["post-964","page","type-page","status-publish","hentry"],"_links":{"self":[{"href":"https:\/\/outdoorsosapp.com\/pl\/wp-json\/wp\/v2\/pages\/964","targetHints":{"allow":["GET"]}}],"collection":[{"href":"https:\/\/outdoorsosapp.com\/pl\/wp-json\/wp\/v2\/pages"}],"about":[{"href":"https:\/\/outdoorsosapp.com\/pl\/wp-json\/wp\/v2\/types\/page"}],"author":[{"embeddable":true,"href":"https:\/\/outdoorsosapp.com\/pl\/wp-json\/wp\/v2\/users\/1"}],"replies":[{"embeddable":true,"href":"https:\/\/outdoorsosapp.com\/pl\/wp-json\/wp\/v2\/comments?post=964"}],"version-history":[{"count":12,"href":"https:\/\/outdoorsosapp.com\/pl\/wp-json\/wp\/v2\/pages\/964\/revisions"}],"predecessor-version":[{"id":1071,"href":"https:\/\/outdoorsosapp.com\/pl\/wp-json\/wp\/v2\/pages\/964\/revisions\/1071"}],"wp:attachment":[{"href":"https:\/\/outdoorsosapp.com\/pl\/wp-json\/wp\/v2\/media?parent=964"}],"curies":[{"name":"wp","href":"https:\/\/api.w.org\/{rel}","templated":true}]}}