{"id":833,"date":"2022-08-02T10:16:10","date_gmt":"2022-08-02T10:16:10","guid":{"rendered":"https:\/\/outdoorsosapp.com\/?page_id=833"},"modified":"2022-08-02T11:13:23","modified_gmt":"2022-08-02T11:13:23","slug":"disclaimer","status":"publish","type":"page","link":"https:\/\/outdoorsosapp.com\/pl\/disclaimer\/","title":{"rendered":"Zastrze\u017cenie"},"content":{"rendered":"<div class=\"wp-block-cover alignfull\" style=\"min-height:505px;aspect-ratio:unset;\"><span aria-hidden=\"true\" class=\"wp-block-cover__background has-background-dim\"><\/span><img loading=\"lazy\" decoding=\"async\" width=\"1920\" height=\"1080\" class=\"wp-block-cover__image-background wp-image-823\" alt=\"\" src=\"https:\/\/outdoorsosapp.com\/wp-content\/uploads\/2022\/08\/oSOSa_Legal.jpg\" data-object-fit=\"cover\" srcset=\"https:\/\/outdoorsosapp.com\/wp-content\/uploads\/2022\/08\/oSOSa_Legal.jpg 1920w, https:\/\/outdoorsosapp.com\/wp-content\/uploads\/2022\/08\/oSOSa_Legal-300x169.jpg 300w, https:\/\/outdoorsosapp.com\/wp-content\/uploads\/2022\/08\/oSOSa_Legal-1024x576.jpg 1024w, https:\/\/outdoorsosapp.com\/wp-content\/uploads\/2022\/08\/oSOSa_Legal-768x432.jpg 768w, https:\/\/outdoorsosapp.com\/wp-content\/uploads\/2022\/08\/oSOSa_Legal-1536x864.jpg 1536w, https:\/\/outdoorsosapp.com\/wp-content\/uploads\/2022\/08\/oSOSa_Legal-18x10.jpg 18w\" sizes=\"auto, (max-width: 1920px) 100vw, 1920px\" \/><div class=\"wp-block-cover__inner-container is-layout-flow wp-block-cover-is-layout-flow\">\n<h1 class=\"has-nv-site-bg-color has-text-color wp-block-heading\">Zastrze\u017cenie<\/h1>\n<\/div><\/div>\n\n\n\n<div style=\"height:30px\" aria-hidden=\"true\" class=\"wp-block-spacer\"><\/div>\n\n\n\n<h3 class=\"wp-block-heading\">Co musz\u0119 wiedzie\u0107 odwiedzaj\u0105c stron\u0119?<\/h3>\n\n\n\n<p><strong>Informacja<\/strong><br>Strona zawiera tylko og\u00f3lne informacje. Aby uzyska\u0107 osobist\u0105 porad\u0119, skontaktuj si\u0119 z nami. Z przyjemno\u015bci\u0105 Ci pomo\u017cemy!Op de website zapewnia wszystkie algemene informatie. Voor een persoonlijk advies, kunt u met ons contact opnemen. Pomagamy ci graag!<\/p>\n\n\n\n<p><strong>Dost\u0119pno\u015b\u0107 serwisu<\/strong><br>Dok\u0142adamy wszelkich stara\u0144, aby strona by\u0142a dost\u0119pna. Czy strona internetowa jest chwilowo niedost\u0119pna i poniesiesz z tego powodu szkod\u0119? Wtedy Outdoor SOS App\u00ae nie ponosi odpowiedzialno\u015bci.<\/p>\n\n\n\n<p><strong>B\u0142\u0119dy na stronie internetowej<\/strong><br>Dbamy o to, aby informacje na stronie by\u0142y jak najbardziej wiarygodne. Czy informacje na stronie internetowej nie s\u0105 (ju\u017c) poprawne i czy w rezultacie poniesiesz szkod\u0119? Wtedy Outdoor SOS App\u00ae nie ponosi odpowiedzialno\u015bci.<\/p>\n\n\n\n<p><strong>Rodzina kr\u00f3lewska<\/strong><br>Wszystkie informacje na stronie internetowej, projekt, styl domu i logo pochodz\u0105 z aplikacji Outdoor SOS App\u00ae. Mo\u017cesz wykorzystywa\u0107 informacje na stronie do cel\u00f3w prywatnych, na przyk\u0142ad w gazecie lub na prywatnym blogu. W takim przypadku o\u015bwiadcz, \u017ce znalaz\u0142e\u015b informacje na stronie www.abnamro.nl. Nie mo\u017cesz zmienia\u0107 tekst\u00f3w na stronie. Chcesz wykorzysta\u0107 informacje zawarte na stronie w celach komercyjnych? Nast\u0119pnie musisz najpierw poprosi\u0107 aplikacj\u0119 Outdoor SOS App\u00ae o pozwolenie.<\/p>\n\n\n\n<p><strong>Strony internetowe innych os\u00f3b<\/strong><br>Czasami odsy\u0142amy do innej strony internetowej, na przyk\u0142ad za po\u015brednictwem hiper\u0142\u0105cza. Klikni\u0119cie linku przeniesie Ci\u0119 do witryny innej osoby. Nie weryfikowali\u015bmy informacji na innych stronach internetowych i nie ponosimy za nie odpowiedzialno\u015bci. Nasze zasady dotycz\u0105ce Twojej prywatno\u015bci nie maj\u0105 zastosowania do stron internetowych innych os\u00f3b.<\/p>\n\n\n\n<p><strong>Europejski Obszar Gospodarczy i Szwajcaria<\/strong><br>Informacje na stronie s\u0105 przeznaczone dla Europejskiego Obszaru Gospodarczego i Szwajcarii. Za granic\u0105 mog\u0105 obowi\u0105zywa\u0107 inne zasady.<\/p>\n\n\n\n<p><strong>Zmiany<\/strong><br>Mo\u017cemy zmieni\u0107 zasady wy\u0142\u0105czenia odpowiedzialno\u015bci.<\/p>","protected":false},"excerpt":{"rendered":"<p>Co musz\u0119 wiedzie\u0107 odwiedzaj\u0105c stron\u0119 internetow\u0105? InformacjeNa stronie znajduj\u0105 si\u0119 wy\u0142\u0105cznie informacje og\u00f3lne. Aby uzyska\u0107 osobist\u0105 porad\u0119, skontaktuj si\u0119 z nami. Ch\u0119tnie Ci pomo\u017cemy! Op de site staat alleen algemene informatie. Voor een persoonlijk advies, mo\u017cesz spotka\u0107 si\u0119 z opnemenami kontaktowymi. Pomogli\u015bmy ci, graag! Dost\u0119pno\u015b\u0107 strony internetowejDok\u0142adamy wszelkich stara\u0144\u2026&nbsp;<a href=\"https:\/\/outdoorsosapp.com\/pl\/disclaimer\/\" rel=\"bookmark\">Dowiedz si\u0119 wi\u0119cej \u00bb<span class=\"screen-reader-text\">Zastrze\u017cenie<\/span><\/a><\/p>","protected":false},"author":1,"featured_media":0,"parent":0,"menu_order":0,"comment_status":"closed","ping_status":"closed","template":"","meta":{"neve_meta_sidebar":"default","neve_meta_container":"","neve_meta_enable_content_width":"on","neve_meta_content_width":100,"neve_meta_title_alignment":"","neve_meta_author_avatar":"","neve_post_elements_order":"","neve_meta_disable_header":"","neve_meta_disable_footer":"","neve_meta_disable_title":"on","footnotes":""},"class_list":["post-833","page","type-page","status-publish","hentry"],"_links":{"self":[{"href":"https:\/\/outdoorsosapp.com\/pl\/wp-json\/wp\/v2\/pages\/833","targetHints":{"allow":["GET"]}}],"collection":[{"href":"https:\/\/outdoorsosapp.com\/pl\/wp-json\/wp\/v2\/pages"}],"about":[{"href":"https:\/\/outdoorsosapp.com\/pl\/wp-json\/wp\/v2\/types\/page"}],"author":[{"embeddable":true,"href":"https:\/\/outdoorsosapp.com\/pl\/wp-json\/wp\/v2\/users\/1"}],"replies":[{"embeddable":true,"href":"https:\/\/outdoorsosapp.com\/pl\/wp-json\/wp\/v2\/comments?post=833"}],"version-history":[{"count":5,"href":"https:\/\/outdoorsosapp.com\/pl\/wp-json\/wp\/v2\/pages\/833\/revisions"}],"predecessor-version":[{"id":850,"href":"https:\/\/outdoorsosapp.com\/pl\/wp-json\/wp\/v2\/pages\/833\/revisions\/850"}],"wp:attachment":[{"href":"https:\/\/outdoorsosapp.com\/pl\/wp-json\/wp\/v2\/media?parent=833"}],"curies":[{"name":"wp","href":"https:\/\/api.w.org\/{rel}","templated":true}]}}