{"id":828,"date":"2022-08-02T10:10:52","date_gmt":"2022-08-02T10:10:52","guid":{"rendered":"https:\/\/outdoorsosapp.com\/?page_id=828"},"modified":"2022-08-05T07:13:19","modified_gmt":"2022-08-05T07:13:19","slug":"privacy-and-cookies","status":"publish","type":"page","link":"https:\/\/outdoorsosapp.com\/pl\/privacy-and-cookies\/","title":{"rendered":"Prywatno\u015b\u0107 i pliki cookie"},"content":{"rendered":"<div class=\"wp-block-cover alignfull\" style=\"min-height:505px;aspect-ratio:unset;\"><span aria-hidden=\"true\" class=\"wp-block-cover__background has-background-dim\"><\/span><img loading=\"lazy\" decoding=\"async\" width=\"1920\" height=\"1080\" class=\"wp-block-cover__image-background wp-image-823\" alt=\"\" src=\"https:\/\/outdoorsosapp.com\/wp-content\/uploads\/2022\/08\/oSOSa_Legal.jpg\" data-object-fit=\"cover\" srcset=\"https:\/\/outdoorsosapp.com\/wp-content\/uploads\/2022\/08\/oSOSa_Legal.jpg 1920w, https:\/\/outdoorsosapp.com\/wp-content\/uploads\/2022\/08\/oSOSa_Legal-300x169.jpg 300w, https:\/\/outdoorsosapp.com\/wp-content\/uploads\/2022\/08\/oSOSa_Legal-1024x576.jpg 1024w, https:\/\/outdoorsosapp.com\/wp-content\/uploads\/2022\/08\/oSOSa_Legal-768x432.jpg 768w, https:\/\/outdoorsosapp.com\/wp-content\/uploads\/2022\/08\/oSOSa_Legal-1536x864.jpg 1536w, https:\/\/outdoorsosapp.com\/wp-content\/uploads\/2022\/08\/oSOSa_Legal-18x10.jpg 18w\" sizes=\"auto, (max-width: 1920px) 100vw, 1920px\" \/><div class=\"wp-block-cover__inner-container is-layout-flow wp-block-cover-is-layout-flow\">\n<h1 class=\"has-nv-site-bg-color has-text-color wp-block-heading\">Prywatno\u015b\u0107 i pliki cookie<\/h1>\n<\/div><\/div>\n\n\n\n<div style=\"height:35px\" aria-hidden=\"true\" class=\"wp-block-spacer\"><\/div>\n\n\n\n<h3 class=\"wp-block-heading\">O\u015aWIADCZENIE O PRYWATNO\u015aCI STRONY INTERNETOWEJ \/ MOBILNEJ \/ APLIKACJI DLA EUROPEJSKIEGO OBSZARU GOSPODARCZEGO I SZWAJCARII<\/h3>\n\n\n\n<p id=\"block-07088aa0-e606-4aae-8ca1-730741b1f359\">Informacje na stronie s\u0105 przeznaczone dla Europejskiego Obszaru Gospodarczego i Szwajcarii. Za granic\u0105 mog\u0105 obowi\u0105zywa\u0107 inne zasady.<\/p>\n\n\n\n<p>Wersja z 1 sierpnia 2022 r<br>Prywatno\u015b\u0107 wszystkich naszych U\u017cytkownik\u00f3w jest dla nas bardzo wa\u017cna. Gdy jako u\u017cytkownik aplikacji\/witryny korzystasz z Us\u0142ugi, my (wydawca aplikacji\/witryny) przetwarzamy Twoje Dane Osobowe. Niniejsze O\u015bwiadczenie o ochronie prywatno\u015bci i plikach cookie opisuje, w jaki spos\u00f3b chronimy i przetwarzamy Twoje dane osobowe. Zalecamy uwa\u017cne przeczytanie.<\/p>\n\n\n\n<h3 class=\"wp-block-heading\">Co zawiera niniejsze O\u015bwiadczenie o ochronie prywatno\u015bci i plikach cookie?<\/h3>\n\n\n\n<p>Strony informuj\u0105 Ci\u0119 w niniejszym O\u015bwiadczeniu o ochronie prywatno\u015bci i plikach cookie o:<\/p>\n\n\n\n<ul class=\"wp-block-list\"><li>Rodzaje przetwarzanych Danych Osobowych;<\/li><li>Cele, dla kt\u00f3rych przetwarzane s\u0105 Dane Osobowe;<\/li><li>Gdzie przetwarzane s\u0105 Dane Osobowe;<\/li><li>\u015arodki bezpiecze\u0144stwa stosowane w celu ochrony danych osobowych;<\/li><li>Granice odpowiedzialno\u015bci os\u00f3b trzecich;<\/li><li>Przegl\u0105danie, zmiana i usuwanie Twoich danych osobowych;<\/li><li>Prywatno\u015b\u0107 dzieci<\/li><li>Bezpiecze\u0144stwo<\/li><li>Zmiany w niniejszym O\u015bwiadczeniu o ochronie prywatno\u015bci;<\/li><li>Co zrobi\u0107, je\u015bli masz jakie\u015b pytania lub uwagi.<\/li><\/ul>\n\n\n\n<ol class=\"wp-block-list\"><li>Rodzaje przetwarzanych danych osobowych<br>A. Dane osobowe podczas korzystania z naszej Us\u0142ugi<br>W celu ulepszenia Serwisu korzystamy z Danych anonimowych. Informacje te nie zostan\u0105 upublicznione za po\u015brednictwem Us\u0142ugi.<br>B. Informacje generowane automatycznie<br>Podobnie jak wi\u0119kszo\u015b\u0107 innych stron internetowych i us\u0142ug online, gromadzimy i przetwarzamy automatycznie generowane informacje o tym, jak korzystasz z aplikacji\/strony internetowej. Zebrane informacje obejmuj\u0105 Tw\u00f3j adres IP i\/lub unikalny identyfikator urz\u0105dzenia.<br>Je\u015bli wyrazisz na to zgod\u0119, aplikacja\/strona internetowa mo\u017ce zbiera\u0107 informacje o Twojej lokalizacji geograficznej. W ka\u017cdym przypadku mo\u017cesz zablokowa\u0107 gromadzenie informacji o lokalizacji geograficznej za pomoc\u0105 ustawie\u0144 swojego urz\u0105dzenia mobilnego.<br>Je\u015bli wyra\u017anie wyrazisz zgod\u0119 na dost\u0119p i gromadzenie informacji z Twojego konta w sieci spo\u0142eczno\u015bciowej, w\u00f3wczas gromadzone b\u0119d\u0105 Twoje podstawowe dane osobowe na Twoim koncie w sieci spo\u0142eczno\u015bciowej (takie jak imi\u0119 i nazwisko oraz adres e-mail), a tak\u017ce identyfikator u\u017cytkownika sieci spo\u0142eczno\u015bciowej ( ale nie twoje has\u0142o) oraz parametry zwi\u0105zane z postami, kt\u00f3re udost\u0119pni\u0142e\u015b za po\u015brednictwem aplikacji\/strony internetowej. Zapoznaj si\u0119 z polityk\u0105 prywatno\u015bci sieci spo\u0142eczno\u015bciowej, aby uzyska\u0107 wi\u0119cej informacji o tym, jak mo\u017cesz ustawi\u0107 preferencje prywatno\u015bci swojego konta, aby kontrolowa\u0107 informacje, do kt\u00f3rych mo\u017cna uzyska\u0107 dost\u0119p i je odzyska\u0107.<br>Dotyczy to r\u00f3wnie\u017c automatycznie generowanych informacji o sposobie korzystania z aplikacji\/strony internetowej. Tego rodzaju informacje pomagaj\u0105 nam lepiej zrozumie\u0107, w jaki spos\u00f3b u\u017cywana jest aplikacja i jak mo\u017cemy j\u0105 ulepszy\u0107<br>Us\u0142uga dostosowana do potrzeb u\u017cytkownika. Je\u015bli w\u0142\u0105czysz funkcje autoryzacji u\u017cytkownika w aplikacji\/witrynie, zostan\u0105 zapisane nast\u0119puj\u0105ce dodatkowe informacje:<br>\u2022 Nazwa;<br>\u2022 Adres e-mail;<br>\u2022 Przedzia\u0142 wiekowy (opcjonalnie);<br>\u2022 P\u0142e\u0107 (opcjonalnie);<br>\u2022 Numer telefonu (opcjonalnie);<br>\u2022 Dodatkowe informacje profilowe zwr\u00f3cone przez zewn\u0119trznego dostawc\u0119, takiego jak Facebook lub LinkedIn.<br>Aby przekaza\u0107 w\u0142a\u015bcicielowi aplikacji\/strony internetowej informacje o korzystaniu z aplikacji\/witryny internetowej, zbieramy r\u00f3wnie\u017c nast\u0119puj\u0105ce (anonimowe) informacje:<br>\u2022 Moment otwarcia aplikacji\/strony internetowej;<br>\u2022 Bloki, kt\u00f3re otworzy\u0142e\u015b w aplikacji\/stronie internetowej i ilo\u015b\u0107 czasu, jaki sp\u0119dzi\u0142e\u015b w tym bloku;<br>\u2022 Czynno\u015bci takie jak odtwarzanie muzyki, otwieranie adres\u00f3w URL itp.<br>\u2022 Moment opuszczenia aplikacji\/strony internetowej;<br>Uwaga: je\u015bli w\u0142\u0105czone s\u0105 funkcje autoryzacji u\u017cytkownika, mo\u017cemy powi\u0105za\u0107 z Tob\u0105 anonimowe informacje po zalogowaniu.<br>C. Konkretne informacje<br>Mo\u017cemy poprosi\u0107 Ci\u0119 o zaanga\u017cowanie si\u0119 w okre\u015blone dzia\u0142ania w aplikacji\/witrynie internetowej, takie jak na przyk\u0142ad karta lojalno\u015bciowa, biuletyny, reklamy, w kt\u00f3rym to przypadku zostaniesz poproszony o podanie pewnych danych osobowych. Informacje te b\u0119d\u0105 przechowywane w bazach danych naszego serwisu (w tym stron trzecich) i b\u0119d\u0105 nam udost\u0119pniane.<br>Gdy prze\u015blesz Dane, w tym zdj\u0119cia w aplikacji\/witrynie, zostan\u0105 one udost\u0119pnione i b\u0119d\u0105 mog\u0142y by\u0107 przegl\u0105dane przez wszystkich innych u\u017cytkownik\u00f3w aplikacji\/witryny.<\/li><li>Cele, w jakich przetwarzane s\u0105 Dane Osobowe?<br>Cele<br>Strony przetwarzaj\u0105 Dane Osobowe w nast\u0119puj\u0105cych celach:<\/li><\/ol>\n\n\n\n<ul class=\"wp-block-list\"><li>aby umo\u017cliwi\u0107 Ci korzystanie z Us\u0142ugi;<\/li><li>aby na bie\u017c\u0105co przekazywa\u0107 Ci istotne informacje o naszej Us\u0142udze;<\/li><li>w celu ulepszenia i\/lub dostosowania Us\u0142ugi;<\/li><li>w celu zidentyfikowania u\u017cytkownika\/lub dostosowania Us\u0142ugi;<\/li><li>w celu identyfikacji u\u017cytkownika i zapobiegania oszustwom;<\/li><li>zapewni\u0107 wsparcie;<\/li><li>do przekazywania Twoich Danych Osobowych stronom trzecim, je\u015bli nas o to poprosisz lub je\u015bli jeste\u015bmy do tego prawnie zobowi\u0105zani.<br>B. Przekazywanie Danych Osobowych osobom trzecim<br>Nie sprzedajemy, nie wymieniamy ani nie wynajmujemy Twoich danych osobowych stronom trzecim bez Twojej uprzedniej zgody. Mo\u017cemy jednak udost\u0119pnia\u0107 Twoje Dane Osobowe stronom trzecim, gdy jest to niezb\u0119dne do \u015bwiadczenia Ci Us\u0142ugi lub wykonywania Twoich polece\u0144, takich jak dokonywanie p\u0142atno\u015bci za Us\u0142ugi P\u0142atne za po\u015brednictwem dostawc\u00f3w us\u0142ug p\u0142atniczych.<br>Mo\u017cemy udost\u0119pnia\u0107 \u201ezagregowane anonimowe dane\u201d dotycz\u0105ce korzystania z Us\u0142ugi stronom trzecim r\u00f3wnie\u017c w takich celach, je\u015bli uznamy to za stosowne. \u201eZagregowane anonimowe dane\u201d to dane, kt\u00f3rych nie mo\u017cna powi\u0105za\u0107 z u\u017cytkownikiem i kt\u00f3re w zwi\u0105zku z tym nie s\u0105 zaliczane do Danych Osobowych. Na przyk\u0142ad mo\u017cemy wykorzystywa\u0107 zagregowane anonimowe dane, aby lepiej zrozumie\u0107, w jaki spos\u00f3b U\u017cytkownicy korzystaj\u0105 z Us\u0142ugi.<br>W przypadku, gdy zostaniemy przeniesieni do strony trzeciej lub po\u0142\u0105czymy si\u0119 z osob\u0105 trzeci\u0105 lub przejdziemy reorganizacj\u0119, Twoje Dane Osobowe mog\u0105 r\u00f3wnie\u017c zosta\u0107 ujawnione i\/lub przekazane tej stronie trzeciej. Ta strona trzecia b\u0119dzie mia\u0142a prawo do dalszego wykorzystywania danych osobowych i innych informacji, kt\u00f3re nam przekaza\u0142e\u015b.<br>Mo\u017cemy ujawni\u0107 Twoje Dane Osobowe, je\u015bli uznamy w dobrej wierze, \u017ce jest to konieczne do zastosowania si\u0119 do nakazu s\u0105dowego, tocz\u0105cego si\u0119 post\u0119powania s\u0105dowego, wezwania karnego lub cywilnego lub innego procesu prawnego lub \u017c\u0105dania organ\u00f3w \u015bcigania w Holandii lub do wykonywania swoich praw lub broni\u0107 si\u0119 przed roszczeniami prawnymi.<\/li><\/ul>\n\n\n\n<ol class=\"wp-block-list\" start=\"3\"><li>Gdzie s\u0105 przetwarzane Dane Osobowe<br>Us\u0142uga \u015bwiadczona jest z wykorzystaniem us\u0142ug hostingowych na terenie Europejskiego Obszaru Gospodarczego. Jednak przetwarzane Dane Osobowe mog\u0105 by\u0107 przekazywane i przechowywane na serwerach utrzymywanych przez znajduj\u0105ce si\u0119 w kraju spoza Europejskiego Obszaru Gospodarczego (EOG), takie jak Stany Zjednoczone<br>Ameryka. Te osoby trzecie o\u015bwiadczaj\u0105, \u017ce b\u0119d\u0105 przestrzega\u0107 zasad Safe Harbor i s\u0105 stowarzyszone z programem Safe Harbor Departamentu Handlu Stan\u00f3w Zjednoczonych. Oznacza to, \u017ce powinien istnie\u0107 odpowiedni poziom ochrony przetwarzania danych osobowych przez Amazon. Zgadzasz si\u0119 na to przekazanie i przetwarzanie poza EOG. Podejmiemy wszelkie uzasadnione kroki, aby zapewni\u0107, \u017ce Twoje dane osobowe s\u0105 traktowane w spos\u00f3b bezpieczny i zgodnie z niniejsz\u0105 polityk\u0105 prywatno\u015bci.<\/li><li>Jakie \u015brodki bezpiecze\u0144stwa stosuje si\u0119 w celu ochrony danych osobowych?<br>Bezpiecze\u0144stwo danych Twoich i innych U\u017cytkownik\u00f3w jest dla nas bardzo wa\u017cne. Wdro\u017cyli\u015bmy \u015brodki techniczne i organizacyjne w celu ochrony Twoich Danych Osobowych przed utrat\u0105 lub jak\u0105kolwiek form\u0105 niezgodnego z prawem przetwarzania. Wdro\u017cyli\u015bmy nast\u0119puj\u0105ce \u015brodki: zabezpieczenie naszych serwer\u00f3w za pomoc\u0105 firewalli, po\u0142\u0105cze\u0144 SSL oraz szyfrowanie wra\u017cliwych danych. Ta lista nie jest wyczerpuj\u0105ca.<\/li><li>Granice odpowiedzialno\u015bci os\u00f3b trzecich<br>Nasza Us\u0142uga mo\u017ce zawiera\u0107 us\u0142ugi i produkty oferowane przez strony trzecie i\/lub hiper\u0142\u0105cza do stron internetowych lub us\u0142ug partner\u00f3w, reklamodawc\u00f3w i innych stron trzecich.<br>Strony nie maj\u0105 kontroli ani wp\u0142ywu na tre\u015bci, strony internetowe lub us\u0142ugi tych stron trzecich. W przypadku korzystania ze stron internetowych i us\u0142ug stron trzecich mog\u0105 obowi\u0105zywa\u0107 r\u00f3\u017cne polityki prywatno\u015bci. Niniejsze O\u015bwiadczenie o ochronie prywatno\u015bci dotyczy wy\u0142\u0105cznie Danych Osobowych, kt\u00f3re zosta\u0142y uzyskane przez strony w wyniku korzystania przez Ciebie z Us\u0142ugi do w\u0142asnych cel\u00f3w. Strony nie przyjmuj\u0105 \u017cadnej odpowiedzialno\u015bci za tre\u015b\u0107, praktyki lub dzia\u0142anie stron internetowych i us\u0142ug stron trzecich.<\/li><li>Przegl\u0105danie i usuwanie danych osobowych<br>Mo\u017cesz wys\u0142a\u0107 pro\u015bb\u0119 o dost\u0119p lub usuni\u0119cie danych osobowych zebranych podczas korzystania z aplikacji\/strony internetowej, kontaktuj\u0105c si\u0119 z nami za po\u015brednictwem poczty elektronicznej. Mo\u017cesz zosta\u0107 poproszony o podanie dodatkowych informacji w celu weryfikacji Twojej to\u017csamo\u015bci.<\/li><li>Prywatno\u015b\u0107 dzieci<br>Dane osobowe dzieci nie s\u0105 gromadzone \u015bwiadomie ani celowo.<\/li><li>Bezpiecze\u0144stwo<br>Wdra\u017cane s\u0105 \u015brodki maj\u0105ce na celu zabezpieczenie Twoich danych osobowych, aby zminimalizowa\u0107 ryzyko uszkodzenia, utraty informacji oraz nieupowa\u017cnionego dost\u0119pu lub wykorzystania informacji. Jednak \u015brodki te nie s\u0105 w stanie zapewni\u0107 absolutnego bezpiecze\u0144stwa informacji. W zwi\u0105zku z tym, chocia\u017c podejmowane s\u0105 wysi\u0142ki w celu zabezpieczenia danych osobowych, nie ma gwarancji i nie mo\u017cna zasadnie oczekiwa\u0107, \u017ce aplikacja\/strona internetowa i powi\u0105zane z ni\u0105 bazy danych b\u0119d\u0105 odporne na wszelkie wykroczenia, awarie, nieautoryzowane przechwycenie lub dost\u0119p lub inne rodzaje nadu\u017cy\u0107 i nadu\u017cywanie.<\/li><li>Zmiany w niniejszym O\u015bwiadczeniu o ochronie prywatno\u015bci<br>Niniejsze O\u015bwiadczenie mo\u017ce by\u0107 aktualizowane w dowolnym momencie. Strony opublikuj\u0105 wszelkie zaktualizowane wersje O\u015bwiadczenia o ochronie prywatno\u015bci za po\u015brednictwem Us\u0142ugi. Strony zach\u0119caj\u0105 do sprawdzania tej strony od czasu do czasu, aby mie\u0107 \u015bwiadomo\u015b\u0107 wszelkich zmian w niniejszym O\u015bwiadczeniu o ochronie prywatno\u015bci i by\u0107 na bie\u017c\u0105co informowanym o tym, w jaki spos\u00f3b strony chroni\u0105 Twoje dane osobowe. Przyjmujesz do wiadomo\u015bci i zgadzasz si\u0119, \u017ce Twoim obowi\u0105zkiem jest okresowe przegl\u0105danie niniejszego O\u015bwiadczenia o ochronie prywatno\u015bci i zapoznawanie si\u0119 z wszelkimi aktualizacjami.<br>Zgadzasz si\u0119 na zwi\u0105zanie wszelkimi zmianami wprowadzonymi do niniejszego O\u015bwiadczenia. Dalsze korzystanie z aplikacji\/strony internetowej po wej\u015bciu w \u017cycie zmienionego O\u015bwiadczenia b\u0119dzie r\u00f3wnoznaczne z akceptacj\u0105 zmienionego O\u015bwiadczenia. Je\u015bli nie zgadzasz si\u0119 ze zmienionym O\u015bwiadczeniem, musisz odinstalowa\u0107 Aplikacj\u0119 i powstrzyma\u0107 si\u0119 od dalszego korzystania z niej.<\/li><li>Co zrobi\u0107, je\u015bli masz jakie\u015b pytania lub uwagi<br>Je\u015bli masz jakiekolwiek pytania lub uwagi dotycz\u0105ce niniejszego O\u015bwiadczenia o ochronie prywatno\u015bci, skontaktuj si\u0119 z nami, wysy\u0142aj\u0105c wiadomo\u015b\u0107 e-mail.<br>Ostatnia aktualizacja tego O\u015bwiadczenia o ochronie prywatno\u015bci i plikach cookie: 01<sup>ul<\/sup> sierpnia 2022 r.<\/li><\/ol>","protected":false},"excerpt":{"rendered":"<p>STRONA INTERNETOWA \/ MOBILNA \/ APLIKACJA O\u015bwiadczenie o ochronie prywatno\u015bci dla Europejskiego Obszaru Gospodarczego i Szwajcarii Informacje zawarte na stronie dotycz\u0105 Europejskiego Obszaru Gospodarczego i Szwajcarii. Za granic\u0105 mog\u0105 obowi\u0105zywa\u0107 inne zasady. Wersja, 01.08.2022. Prywatno\u015b\u0107 wszystkich naszych U\u017cytkownik\u00f3w jest dla nas bardzo wa\u017cna. Kiedy jako u\u017cytkownik aplikacji\/strony internetowej korzystasz z Us\u0142ugi\u2026&nbsp;<a href=\"https:\/\/outdoorsosapp.com\/pl\/privacy-and-cookies\/\" rel=\"bookmark\">Dowiedz si\u0119 wi\u0119cej \u00bb<span class=\"screen-reader-text\">Prywatno\u015b\u0107 i pliki cookie<\/span><\/a><\/p>","protected":false},"author":1,"featured_media":0,"parent":0,"menu_order":0,"comment_status":"closed","ping_status":"closed","template":"","meta":{"neve_meta_sidebar":"default","neve_meta_container":"","neve_meta_enable_content_width":"on","neve_meta_content_width":100,"neve_meta_title_alignment":"","neve_meta_author_avatar":"","neve_post_elements_order":"","neve_meta_disable_header":"","neve_meta_disable_footer":"","neve_meta_disable_title":"on","footnotes":""},"class_list":["post-828","page","type-page","status-publish","hentry"],"_links":{"self":[{"href":"https:\/\/outdoorsosapp.com\/pl\/wp-json\/wp\/v2\/pages\/828","targetHints":{"allow":["GET"]}}],"collection":[{"href":"https:\/\/outdoorsosapp.com\/pl\/wp-json\/wp\/v2\/pages"}],"about":[{"href":"https:\/\/outdoorsosapp.com\/pl\/wp-json\/wp\/v2\/types\/page"}],"author":[{"embeddable":true,"href":"https:\/\/outdoorsosapp.com\/pl\/wp-json\/wp\/v2\/users\/1"}],"replies":[{"embeddable":true,"href":"https:\/\/outdoorsosapp.com\/pl\/wp-json\/wp\/v2\/comments?post=828"}],"version-history":[{"count":16,"href":"https:\/\/outdoorsosapp.com\/pl\/wp-json\/wp\/v2\/pages\/828\/revisions"}],"predecessor-version":[{"id":880,"href":"https:\/\/outdoorsosapp.com\/pl\/wp-json\/wp\/v2\/pages\/828\/revisions\/880"}],"wp:attachment":[{"href":"https:\/\/outdoorsosapp.com\/pl\/wp-json\/wp\/v2\/media?parent=828"}],"curies":[{"name":"wp","href":"https:\/\/api.w.org\/{rel}","templated":true}]}}