{"id":71,"date":"2020-01-27T08:15:05","date_gmt":"2020-01-27T08:15:05","guid":{"rendered":"https:\/\/demosites.io\/web-agency-gb\/?page_id=71"},"modified":"2023-04-06T13:34:13","modified_gmt":"2023-04-06T13:34:13","slug":"emergency-services","status":"publish","type":"page","link":"https:\/\/outdoorsosapp.com\/pl\/emergency-services\/","title":{"rendered":"4 S\u0142u\u017cby ratownicze"},"content":{"rendered":"<div class=\"wp-block-cover alignfull is-light\" style=\"min-height:505px;aspect-ratio:unset;\"><span aria-hidden=\"true\" class=\"wp-block-cover__background has-background-dim\"><\/span><img loading=\"lazy\" decoding=\"async\" width=\"1599\" height=\"1200\" class=\"wp-block-cover__image-background wp-image-616\" alt=\"\" src=\"https:\/\/outdoorsosapp.com\/wp-content\/uploads\/2022\/07\/oSOSa_professionls.jpeg\" data-object-fit=\"cover\" srcset=\"https:\/\/outdoorsosapp.com\/wp-content\/uploads\/2022\/07\/oSOSa_professionls.jpeg 1599w, https:\/\/outdoorsosapp.com\/wp-content\/uploads\/2022\/07\/oSOSa_professionls-300x225.jpeg 300w, https:\/\/outdoorsosapp.com\/wp-content\/uploads\/2022\/07\/oSOSa_professionls-1024x768.jpeg 1024w, https:\/\/outdoorsosapp.com\/wp-content\/uploads\/2022\/07\/oSOSa_professionls-768x576.jpeg 768w, https:\/\/outdoorsosapp.com\/wp-content\/uploads\/2022\/07\/oSOSa_professionls-1536x1153.jpeg 1536w\" sizes=\"auto, (max-width: 1599px) 100vw, 1599px\" \/><div class=\"wp-block-cover__inner-container is-layout-flow wp-block-cover-is-layout-flow\">\n<h1 class=\"wp-block-heading has-nv-site-bg-color has-text-color\">S\u0142u\u017cby ratunkowe<\/h1>\n<\/div><\/div>\n\n\n\n<p class=\"has-nv-site-bg-color has-text-color\">zewn\u0119trzna aplikacja sos pomaga wszystkim kochaj\u0105cym \u017cycie na \u015bwie\u017cym powietrzu<\/p>\n\n\n\n<h2 class=\"wp-block-heading has-nv-dark-bg-color has-text-color\">Popracujmy razem !<\/h2>\n\n\n\n<p class=\"has-nv-dark-bg-color has-text-color\">Nic nie jest bardziej frustruj\u0105ce ni\u017c ch\u0119\u0107 pomocy, ale nie masz pe\u0142nych informacji.<\/p>\n\n\n\n<p class=\"has-nv-dark-bg-color has-text-color\">W przypadku aplikacji Outdoor SOS informacje s\u0105 kluczowe. Po\u0142\u0105czenie wideo zapewnia szybki wizualny stan pacjenta; Dok\u0142adna lokalizacja na mapie cyfrowej pozwala na pod\u0105\u017canie najszybsz\u0105 mo\u017cliw\u0105 tras\u0105; Sta\u0142y kontakt z pacjentem i wsp\u00f3\u0142pracownikami.<\/p>\n\n\n\n<p class=\"has-nv-dark-bg-color has-text-color\">Dzi\u0119ki aplikacji Outdoor SOS ratujesz \u017cycie!<\/p>\n\n\n\n<div class=\"wp-block-cover alignfull\" style=\"min-height:600px;aspect-ratio:unset;\"><span aria-hidden=\"true\" class=\"wp-block-cover__background has-nv-light-bg-background-color has-background-dim-100 has-background-dim\"><\/span><div class=\"wp-block-cover__inner-container is-layout-flow wp-block-cover-is-layout-flow\">\n<div class=\"wp-block-group\"><div class=\"wp-block-group__inner-container is-layout-flow wp-block-group-is-layout-flow\">\n<div style=\"height:80px\" aria-hidden=\"true\" class=\"wp-block-spacer\"><\/div>\n\n\n\n<div class=\"wp-block-columns are-vertically-aligned-center is-layout-flex wp-container-core-columns-is-layout-9d6595d7 wp-block-columns-is-layout-flex\">\n<div class=\"wp-block-column is-vertically-aligned-center is-layout-flow wp-block-column-is-layout-flow\" style=\"flex-basis:50%\">\n<figure class=\"wp-block-image size-full\"><img loading=\"lazy\" decoding=\"async\" width=\"600\" height=\"600\" src=\"http:\/\/outdoorsosapp.com\/wp-content\/uploads\/2022\/07\/104_templ_600x600.png\" alt=\"\" class=\"wp-image-640\" srcset=\"https:\/\/outdoorsosapp.com\/wp-content\/uploads\/2022\/07\/104_templ_600x600.png 600w, https:\/\/outdoorsosapp.com\/wp-content\/uploads\/2022\/07\/104_templ_600x600-300x300.png 300w, https:\/\/outdoorsosapp.com\/wp-content\/uploads\/2022\/07\/104_templ_600x600-150x150.png 150w\" sizes=\"auto, (max-width: 600px) 100vw, 600px\" \/><\/figure>\n\n\n\n<h3 class=\"wp-block-heading has-text-align-center has-neve-text-color-color has-text-color\">Przejrzyste funkcje<\/h3>\n\n\n\n<p class=\"has-text-align-center has-neve-text-color-color has-text-color\">Aplikacja zawiera przydatne i cz\u0119sto u\u017cywane funkcje, kt\u00f3re s\u0105 \u0142atwe w obs\u0142udze.<\/p>\n\n\n\n<div class=\"wp-block-buttons is-content-justification-center is-layout-flex wp-container-core-buttons-is-layout-16018d1d wp-block-buttons-is-layout-flex\">\n<div class=\"wp-block-button is-style-primary\"><a class=\"wp-block-button__link wp-element-button\" href=\"https:\/\/outdoorsosapp.com\/pl\/app-impression\/#outdoorsosapp_impression-ES\">WRA\u017bENIA EKRANOWE<\/a><\/div>\n<\/div>\n\n\n\n<div style=\"height:40px\" aria-hidden=\"true\" class=\"wp-block-spacer\"><\/div>\n<\/div>\n\n\n\n<div class=\"wp-block-column is-vertically-aligned-center is-layout-flow wp-block-column-is-layout-flow\" style=\"flex-basis:50%\">\n<figure class=\"wp-block-image size-full\"><img loading=\"lazy\" decoding=\"async\" width=\"600\" height=\"600\" src=\"http:\/\/outdoorsosapp.com\/wp-content\/uploads\/2022\/07\/0506_templ_600x600.png\" alt=\"\" class=\"wp-image-625\" srcset=\"https:\/\/outdoorsosapp.com\/wp-content\/uploads\/2022\/07\/0506_templ_600x600.png 600w, https:\/\/outdoorsosapp.com\/wp-content\/uploads\/2022\/07\/0506_templ_600x600-300x300.png 300w, https:\/\/outdoorsosapp.com\/wp-content\/uploads\/2022\/07\/0506_templ_600x600-150x150.png 150w\" sizes=\"auto, (max-width: 600px) 100vw, 600px\" \/><\/figure>\n\n\n\n<h3 class=\"wp-block-heading has-text-align-center has-neve-text-color-color has-text-color\">Ci\u0105g\u0142e po\u0142\u0105czenie<\/h3>\n\n\n\n<p class=\"has-text-align-center has-neve-text-color-color has-text-color\">Aplikacja Outdoor SOS wykorzystuje bezpo\u015brednie i ci\u0105g\u0142e po\u0142\u0105czenie wideo i d\u017awi\u0119kowe z pacjentem i wsp\u00f3\u0142pracownikami!<\/p>\n\n\n\n<div class=\"wp-block-buttons is-content-justification-center is-layout-flex wp-container-core-buttons-is-layout-16018d1d wp-block-buttons-is-layout-flex\">\n<div class=\"wp-block-button is-style-primary\"><a class=\"wp-block-button__link wp-element-button\" href=\"https:\/\/outdoorsosapp.com\/pl\/app-demonstration\/\">OBEJRZYJ DEMO<\/a><\/div>\n<\/div>\n\n\n\n<div style=\"height:40px\" aria-hidden=\"true\" class=\"wp-block-spacer\"><\/div>\n<\/div>\n<\/div>\n\n\n\n<div style=\"height:40px\" aria-hidden=\"true\" class=\"wp-block-spacer\"><\/div>\n<\/div><\/div>\n<\/div><\/div>\n\n\n\n<div class=\"wp-block-cover alignfull\" style=\"min-height:600px;aspect-ratio:unset;\"><span aria-hidden=\"true\" class=\"wp-block-cover__background has-nv-site-bg-background-color has-background-dim-100 has-background-dim\"><\/span><div class=\"wp-block-cover__inner-container is-layout-flow wp-block-cover-is-layout-flow\">\n<div class=\"wp-block-group\"><div class=\"wp-block-group__inner-container is-layout-flow wp-block-group-is-layout-flow\">\n<div style=\"height:80px\" aria-hidden=\"true\" class=\"wp-block-spacer\"><\/div>\n\n\n\n<h2 class=\"wp-block-heading has-neve-text-color-color has-text-color\">Na pok\u0142adzie funkcja walkie-talkie<\/h2>\n\n\n\n<div style=\"height:20px\" aria-hidden=\"true\" class=\"wp-block-spacer\"><\/div>\n\n\n\n<div class=\"wp-block-columns are-vertically-aligned-center is-layout-flex wp-container-core-columns-is-layout-9d6595d7 wp-block-columns-is-layout-flex\">\n<div class=\"wp-block-column is-vertically-aligned-center is-layout-flow wp-block-column-is-layout-flow\" style=\"flex-basis:50%\">\n<figure class=\"wp-block-image size-full\"><img loading=\"lazy\" decoding=\"async\" width=\"600\" height=\"600\" src=\"https:\/\/outdoorsosapp.com\/wp-content\/uploads\/2022\/07\/0704_templ_600x600.png\" alt=\"\" class=\"wp-image-643\" srcset=\"https:\/\/outdoorsosapp.com\/wp-content\/uploads\/2022\/07\/0704_templ_600x600.png 600w, https:\/\/outdoorsosapp.com\/wp-content\/uploads\/2022\/07\/0704_templ_600x600-300x300.png 300w, https:\/\/outdoorsosapp.com\/wp-content\/uploads\/2022\/07\/0704_templ_600x600-150x150.png 150w\" sizes=\"auto, (max-width: 600px) 100vw, 600px\" \/><\/figure>\n\n\n\n<h3 class=\"wp-block-heading has-text-align-center has-nv-dark-bg-color has-text-color\">Zobacz, kto jest dost\u0119pny<\/h3>\n\n\n\n<div style=\"height:40px\" aria-hidden=\"true\" class=\"wp-block-spacer\"><\/div>\n<\/div>\n\n\n\n<div class=\"wp-block-column is-vertically-aligned-center is-layout-flow wp-block-column-is-layout-flow\" style=\"flex-basis:50%\">\n<figure class=\"wp-block-image size-full\"><img loading=\"lazy\" decoding=\"async\" width=\"600\" height=\"600\" src=\"https:\/\/outdoorsosapp.com\/wp-content\/uploads\/2022\/07\/0706_templ_600x600.png\" alt=\"\" class=\"wp-image-644\" srcset=\"https:\/\/outdoorsosapp.com\/wp-content\/uploads\/2022\/07\/0706_templ_600x600.png 600w, https:\/\/outdoorsosapp.com\/wp-content\/uploads\/2022\/07\/0706_templ_600x600-300x300.png 300w, https:\/\/outdoorsosapp.com\/wp-content\/uploads\/2022\/07\/0706_templ_600x600-150x150.png 150w\" sizes=\"auto, (max-width: 600px) 100vw, 600px\" \/><\/figure>\n\n\n\n<h3 class=\"wp-block-heading has-text-align-center has-nv-dark-bg-color has-text-color\">Wybierz wszystkie lub tylko jeden<\/h3>\n\n\n\n<div style=\"height:40px\" aria-hidden=\"true\" class=\"wp-block-spacer\"><\/div>\n<\/div>\n<\/div>\n\n\n\n<h1 class=\"wp-block-heading has-nv-dark-bg-color has-text-color\">Inne genialne funkcje<\/h1>\n\n\n\n<div class=\"wp-block-columns is-layout-flex wp-container-core-columns-is-layout-9d6595d7 wp-block-columns-is-layout-flex\">\n<div class=\"wp-block-column is-layout-flow wp-block-column-is-layout-flow\">\n<figure class=\"wp-block-image size-full\"><img loading=\"lazy\" decoding=\"async\" width=\"600\" height=\"600\" src=\"https:\/\/outdoorsosapp.com\/wp-content\/uploads\/2022\/07\/0802_templ_600x600-1.png\" alt=\"\" class=\"wp-image-683\" srcset=\"https:\/\/outdoorsosapp.com\/wp-content\/uploads\/2022\/07\/0802_templ_600x600-1.png 600w, https:\/\/outdoorsosapp.com\/wp-content\/uploads\/2022\/07\/0802_templ_600x600-1-300x300.png 300w, https:\/\/outdoorsosapp.com\/wp-content\/uploads\/2022\/07\/0802_templ_600x600-1-150x150.png 150w\" sizes=\"auto, (max-width: 600px) 100vw, 600px\" \/><\/figure>\n\n\n\n<h3 class=\"wp-block-heading has-text-align-center has-nv-dark-bg-color has-text-color\">Funkcja MAP<\/h3>\n\n\n\n<p class=\"has-text-align-center has-nv-dark-bg-color has-text-color\">Dzi\u0119ki cyfrowej mapie w aplikacji Outdoor SOS zawsze wiesz, gdzie s\u0105 twoi koledzy i gdzie jest pacjent.<\/p>\n<\/div>\n\n\n\n<div class=\"wp-block-column is-layout-flow wp-block-column-is-layout-flow\">\n<figure class=\"wp-block-image size-full\"><img loading=\"lazy\" decoding=\"async\" width=\"600\" height=\"600\" src=\"https:\/\/outdoorsosapp.com\/wp-content\/uploads\/2022\/07\/Features_In-App_Messages_templ_600x600.png\" alt=\"\" class=\"wp-image-678\" srcset=\"https:\/\/outdoorsosapp.com\/wp-content\/uploads\/2022\/07\/Features_In-App_Messages_templ_600x600.png 600w, https:\/\/outdoorsosapp.com\/wp-content\/uploads\/2022\/07\/Features_In-App_Messages_templ_600x600-300x300.png 300w, https:\/\/outdoorsosapp.com\/wp-content\/uploads\/2022\/07\/Features_In-App_Messages_templ_600x600-150x150.png 150w\" sizes=\"auto, (max-width: 600px) 100vw, 600px\" \/><\/figure>\n\n\n\n<h3 class=\"wp-block-heading has-text-align-center has-nv-dark-bg-color has-text-color\">Funkcja wiadomo\u015bci<\/h3>\n\n\n\n<p class=\"has-text-align-center has-nv-dark-bg-color has-text-color\">Aplikacja oferuje wysy\u0142anie standardowych wiadomo\u015bci przez CMS lub wiadomo\u015bci w aplikacji.<\/p>\n<\/div>\n\n\n\n<div class=\"wp-block-column is-layout-flow wp-block-column-is-layout-flow\">\n<figure class=\"wp-block-image size-full\"><img loading=\"lazy\" decoding=\"async\" width=\"600\" height=\"600\" src=\"https:\/\/outdoorsosapp.com\/wp-content\/uploads\/2022\/07\/Features_Multi_templ_600x600.png\" alt=\"\" class=\"wp-image-680\" srcset=\"https:\/\/outdoorsosapp.com\/wp-content\/uploads\/2022\/07\/Features_Multi_templ_600x600.png 600w, https:\/\/outdoorsosapp.com\/wp-content\/uploads\/2022\/07\/Features_Multi_templ_600x600-300x300.png 300w, https:\/\/outdoorsosapp.com\/wp-content\/uploads\/2022\/07\/Features_Multi_templ_600x600-150x150.png 150w\" sizes=\"auto, (max-width: 600px) 100vw, 600px\" \/><\/figure>\n\n\n\n<h3 class=\"wp-block-heading has-text-align-center has-nv-dark-bg-color has-text-color\">Wiele wydarze\u0144<\/h3>\n\n\n\n<p class=\"has-text-align-center has-nv-dark-bg-color has-text-color\">Prawo Murphy&#039;ego m\u00f3wi, \u017ce zdarzenie nigdy nie wyst\u0119puje samodzielnie. Dlatego aplikacja nie ma ogranicze\u0144 w wyst\u0119puj\u0105cych zdarzeniach.<\/p>\n<\/div>\n<\/div>\n\n\n\n<ul class=\"wp-block-list\">\n<li><\/li>\n<\/ul>\n\n\n\n<h3 class=\"wp-block-heading has-text-align-center has-nv-site-bg-color has-neve-text-color-background-color has-text-color has-background\">Ostatecznie aplikacja Outdoor SOS jest lepszym rozwi\u0105zaniem ni\u017c istniej\u0105ce aplikacje z wi\u0119ksz\u0105 liczb\u0105 funkcji ratuj\u0105cych \u017cycie i ni\u017cszymi kosztami.<\/h3>\n\n\n\n<div style=\"height:40px\" aria-hidden=\"true\" class=\"wp-block-spacer\"><\/div>\n\n\n\n<div class=\"wp-block-buttons is-layout-flex wp-block-buttons-is-layout-flex\">\n<div class=\"wp-block-button is-style-secondary aligncenter\"><a class=\"wp-block-button__link wp-element-button\" href=\"https:\/\/outdoorsosapp.com\/pl\/offering\/\">ZOBACZ NASZ\u0104 OFERT\u0118<\/a><\/div>\n<\/div>\n<\/div><\/div>\n\n\n\n<div style=\"height:50px\" aria-hidden=\"true\" class=\"wp-block-spacer\"><\/div>\n<\/div><\/div>\n\n\n\n<div class=\"wp-block-cover alignfull\" style=\"min-height:300px;aspect-ratio:unset;\"><span aria-hidden=\"true\" class=\"wp-block-cover__background has-nv-dark-bg-background-color has-background-dim\"><\/span><img loading=\"lazy\" decoding=\"async\" width=\"1920\" height=\"1080\" class=\"wp-block-cover__image-background wp-image-632\" alt=\"outdoor-sos-app-technology\" src=\"http:\/\/outdoorsosapp.com\/wp-content\/uploads\/2022\/07\/oSOSa_technolgy-must0help.jpg\" data-object-fit=\"cover\" srcset=\"https:\/\/outdoorsosapp.com\/wp-content\/uploads\/2022\/07\/oSOSa_technolgy-must0help.jpg 1920w, https:\/\/outdoorsosapp.com\/wp-content\/uploads\/2022\/07\/oSOSa_technolgy-must0help-300x169.jpg 300w, https:\/\/outdoorsosapp.com\/wp-content\/uploads\/2022\/07\/oSOSa_technolgy-must0help-1024x576.jpg 1024w, https:\/\/outdoorsosapp.com\/wp-content\/uploads\/2022\/07\/oSOSa_technolgy-must0help-768x432.jpg 768w, https:\/\/outdoorsosapp.com\/wp-content\/uploads\/2022\/07\/oSOSa_technolgy-must0help-1536x864.jpg 1536w\" sizes=\"auto, (max-width: 1920px) 100vw, 1920px\" \/><div class=\"wp-block-cover__inner-container is-layout-flow wp-block-cover-is-layout-flow\">\n<div style=\"height:140px\" aria-hidden=\"true\" class=\"wp-block-spacer\"><\/div>\n\n\n\n<h2 class=\"wp-block-heading has-text-align-center has-nv-text-dark-bg-color has-text-color\">Technologia musi pom\u00f3c<\/h2>\n\n\n\n<p class=\"has-text-align-center\">Wsp\u00f3\u0142praca jest kluczem do wszelkich rozwi\u0105za\u0144. Aplikacja Outdoor SOS i dedykowane s\u0142u\u017cby ratunkowe robi\u0105 r\u00f3\u017cnic\u0119.<\/p>\n\n\n\n<div class=\"wp-block-buttons is-horizontal is-content-justification-center is-layout-flex wp-container-core-buttons-is-layout-499968f5 wp-block-buttons-is-layout-flex\">\n<div class=\"wp-block-button is-style-primary\"><a class=\"wp-block-button__link wp-element-button\" href=\"https:\/\/outdoorsosapp.com\/pl\/contact-us\/\">SKONTAKTUJ SI\u0118 Z NAMI<\/a><\/div>\n<\/div>\n\n\n\n<div style=\"height:140px\" aria-hidden=\"true\" class=\"wp-block-spacer\"><\/div>\n<\/div><\/div>","protected":false},"excerpt":{"rendered":"<p>zewn\u0119trzna aplikacja sos pomaga wszystkim kochaj\u0105cym \u017cycie na \u015bwie\u017cym powietrzu Pracujmy razem! Nic nie jest bardziej frustruj\u0105ce ni\u017c ch\u0119\u0107 pomocy, ale nie masz pe\u0142nych informacji. W przypadku aplikacji Outdoor SOS informacje s\u0105 kluczowe. Po\u0142\u0105czenie wideo zapewnia szybki wizualny stan pacjenta; Dok\u0142adna lokalizacja na cyfrowej mapie pozwala\u2026&nbsp;<a href=\"https:\/\/outdoorsosapp.com\/pl\/emergency-services\/\" rel=\"bookmark\">Dowiedz si\u0119 wi\u0119cej \u00bb<span class=\"screen-reader-text\">4 S\u0142u\u017cby ratownicze<\/span><\/a><\/p>","protected":false},"author":1,"featured_media":0,"parent":0,"menu_order":0,"comment_status":"closed","ping_status":"closed","template":"","meta":{"neve_meta_sidebar":"default","neve_meta_container":"","neve_meta_enable_content_width":"on","neve_meta_content_width":100,"neve_meta_title_alignment":"","neve_meta_author_avatar":"","neve_post_elements_order":"","neve_meta_disable_header":"","neve_meta_disable_footer":"","neve_meta_disable_title":"on","footnotes":""},"class_list":["post-71","page","type-page","status-publish","hentry"],"_links":{"self":[{"href":"https:\/\/outdoorsosapp.com\/pl\/wp-json\/wp\/v2\/pages\/71","targetHints":{"allow":["GET"]}}],"collection":[{"href":"https:\/\/outdoorsosapp.com\/pl\/wp-json\/wp\/v2\/pages"}],"about":[{"href":"https:\/\/outdoorsosapp.com\/pl\/wp-json\/wp\/v2\/types\/page"}],"author":[{"embeddable":true,"href":"https:\/\/outdoorsosapp.com\/pl\/wp-json\/wp\/v2\/users\/1"}],"replies":[{"embeddable":true,"href":"https:\/\/outdoorsosapp.com\/pl\/wp-json\/wp\/v2\/comments?post=71"}],"version-history":[{"count":37,"href":"https:\/\/outdoorsosapp.com\/pl\/wp-json\/wp\/v2\/pages\/71\/revisions"}],"predecessor-version":[{"id":1018,"href":"https:\/\/outdoorsosapp.com\/pl\/wp-json\/wp\/v2\/pages\/71\/revisions\/1018"}],"wp:attachment":[{"href":"https:\/\/outdoorsosapp.com\/pl\/wp-json\/wp\/v2\/media?parent=71"}],"curies":[{"name":"wp","href":"https:\/\/api.w.org\/{rel}","templated":true}]}}