{"id":69,"date":"2020-01-27T08:05:29","date_gmt":"2020-01-27T08:05:29","guid":{"rendered":"https:\/\/demosites.io\/web-agency-gb\/?page_id=69"},"modified":"2023-06-30T09:20:08","modified_gmt":"2023-06-30T09:20:08","slug":"outdoor-sos-app","status":"publish","type":"page","link":"https:\/\/outdoorsosapp.com\/pl\/outdoor-sos-app\/","title":{"rendered":"Informacje o aplikacji"},"content":{"rendered":"<div class=\"wp-block-cover alignfull\" style=\"min-height:579px;aspect-ratio:unset;\"><span aria-hidden=\"true\" class=\"wp-block-cover__background has-background-dim\"><\/span><img loading=\"lazy\" decoding=\"async\" width=\"1920\" height=\"1282\" class=\"wp-block-cover__image-background wp-image-408\" alt=\"\" src=\"https:\/\/outdoorsosapp.com\/wp-content\/uploads\/2022\/07\/oSOSa_bg_use.jpeg\" data-object-fit=\"cover\" srcset=\"https:\/\/outdoorsosapp.com\/wp-content\/uploads\/2022\/07\/oSOSa_bg_use.jpeg 1920w, https:\/\/outdoorsosapp.com\/wp-content\/uploads\/2022\/07\/oSOSa_bg_use-300x200.jpeg 300w, https:\/\/outdoorsosapp.com\/wp-content\/uploads\/2022\/07\/oSOSa_bg_use-1024x684.jpeg 1024w, https:\/\/outdoorsosapp.com\/wp-content\/uploads\/2022\/07\/oSOSa_bg_use-768x513.jpeg 768w, https:\/\/outdoorsosapp.com\/wp-content\/uploads\/2022\/07\/oSOSa_bg_use-1536x1026.jpeg 1536w, https:\/\/outdoorsosapp.com\/wp-content\/uploads\/2022\/07\/oSOSa_bg_use-930x620.jpeg 930w\" sizes=\"auto, (max-width: 1920px) 100vw, 1920px\" \/><div class=\"wp-block-cover__inner-container is-layout-flow wp-block-cover-is-layout-flow\">\n<h1 class=\"wp-block-heading\">Pomoc jest w drodze!<\/h1>\n<\/div><\/div>\n\n\n\n<div class=\"wp-block-cover alignfull\" style=\"min-height:600px;aspect-ratio:unset;\"><span aria-hidden=\"true\" class=\"wp-block-cover__background has-nv-light-bg-background-color has-background-dim-100 has-background-dim\"><\/span><div class=\"wp-block-cover__inner-container is-layout-flow wp-block-cover-is-layout-flow\">\n<div class=\"wp-block-group\"><div class=\"wp-block-group__inner-container is-layout-flow wp-block-group-is-layout-flow\">\n<div style=\"height:80px\" aria-hidden=\"true\" class=\"wp-block-spacer\"><\/div>\n\n\n\n<div class=\"wp-block-columns are-vertically-aligned-center is-layout-flex wp-container-core-columns-is-layout-9d6595d7 wp-block-columns-is-layout-flex\">\n<div class=\"wp-block-column is-vertically-aligned-center is-layout-flow wp-block-column-is-layout-flow\" style=\"flex-basis:50%\">\n<figure class=\"wp-block-image size-full\"><img loading=\"lazy\" decoding=\"async\" width=\"600\" height=\"600\" src=\"https:\/\/outdoorsosapp.com\/wp-content\/uploads\/2022\/07\/0102_templ_600x600-1.png\" alt=\"\" class=\"wp-image-597\" srcset=\"https:\/\/outdoorsosapp.com\/wp-content\/uploads\/2022\/07\/0102_templ_600x600-1.png 600w, https:\/\/outdoorsosapp.com\/wp-content\/uploads\/2022\/07\/0102_templ_600x600-1-300x300.png 300w, https:\/\/outdoorsosapp.com\/wp-content\/uploads\/2022\/07\/0102_templ_600x600-1-150x150.png 150w\" sizes=\"auto, (max-width: 600px) 100vw, 600px\" \/><\/figure>\n\n\n\n<h3 class=\"wp-block-heading has-text-align-center has-neve-text-color-color has-text-color\">\u0141atwy w u\u017cyciu<\/h3>\n\n\n\n<p class=\"has-text-align-center has-neve-text-color-color has-text-color\">Aplikacja zosta\u0142a rozwini\u0119ta, dzi\u0119ki czemu jest \u0142atwa w u\u017cyciu w sytuacji paniki bez \u017cadnych ogranicze\u0144 i przeszk\u00f3d lub niezb\u0119dnej wiedzy.<\/p>\n\n\n\n<div class=\"wp-block-buttons is-content-justification-center is-layout-flex wp-container-core-buttons-is-layout-16018d1d wp-block-buttons-is-layout-flex\">\n<div class=\"wp-block-button is-style-primary\"><a class=\"wp-block-button__link wp-element-button\" href=\"https:\/\/outdoorsosapp.com\/pl\/app-impression\/\">WRA\u017bENIA EKRANOWE<\/a><\/div>\n<\/div>\n\n\n\n<div style=\"height:40px\" aria-hidden=\"true\" class=\"wp-block-spacer\"><\/div>\n<\/div>\n\n\n\n<div class=\"wp-block-column is-vertically-aligned-center is-layout-flow wp-block-column-is-layout-flow\" style=\"flex-basis:50%\">\n<figure class=\"wp-block-image size-full\"><img loading=\"lazy\" decoding=\"async\" width=\"600\" height=\"600\" src=\"https:\/\/outdoorsosapp.com\/wp-content\/uploads\/2022\/07\/0302_templ_600x600_v2.png\" alt=\"\" class=\"wp-image-610\" srcset=\"https:\/\/outdoorsosapp.com\/wp-content\/uploads\/2022\/07\/0302_templ_600x600_v2.png 600w, https:\/\/outdoorsosapp.com\/wp-content\/uploads\/2022\/07\/0302_templ_600x600_v2-300x300.png 300w, https:\/\/outdoorsosapp.com\/wp-content\/uploads\/2022\/07\/0302_templ_600x600_v2-150x150.png 150w\" sizes=\"auto, (max-width: 600px) 100vw, 600px\" \/><\/figure>\n\n\n\n<h3 class=\"wp-block-heading has-text-align-center has-neve-text-color-color has-text-color\">Jeden przycisk, bezpo\u015brednie po\u0142\u0105czenie<\/h3>\n\n\n\n<p class=\"has-text-align-center has-neve-text-color-color has-text-color\">Gdy potrzebujesz pomocy, otw\u00f3rz aplikacj\u0119 Outdoor SOS i naci\u015bnij przycisk SOS. Potwierd\u017a pro\u015bb\u0119 o pomoc, a pomoc zostanie natychmiast powiadomiona!<\/p>\n\n\n\n<div class=\"wp-block-buttons is-content-justification-center is-layout-flex wp-container-core-buttons-is-layout-16018d1d wp-block-buttons-is-layout-flex\">\n<div class=\"wp-block-button is-style-primary\"><a class=\"wp-block-button__link wp-element-button\" href=\"https:\/\/outdoorsosapp.com\/pl\/app-demonstration\/\">OBEJRZYJ DEMO<\/a><\/div>\n<\/div>\n\n\n\n<div style=\"height:40px\" aria-hidden=\"true\" class=\"wp-block-spacer\"><\/div>\n<\/div>\n<\/div>\n\n\n\n<div style=\"height:40px\" aria-hidden=\"true\" class=\"wp-block-spacer\"><\/div>\n<\/div><\/div>\n<\/div><\/div>\n\n\n\n<div class=\"wp-block-cover alignfull\" style=\"min-height:600px;aspect-ratio:unset;\"><span aria-hidden=\"true\" class=\"wp-block-cover__background has-nv-site-bg-background-color has-background-dim-100 has-background-dim\"><\/span><div class=\"wp-block-cover__inner-container is-layout-flow wp-block-cover-is-layout-flow\">\n<div class=\"wp-block-group\"><div class=\"wp-block-group__inner-container is-layout-flow wp-block-group-is-layout-flow\">\n<div style=\"height:80px\" aria-hidden=\"true\" class=\"wp-block-spacer\"><\/div>\n\n\n\n<div class=\"wp-block-columns are-vertically-aligned-center is-layout-flex wp-container-core-columns-is-layout-9d6595d7 wp-block-columns-is-layout-flex\">\n<div class=\"wp-block-column is-vertically-aligned-center is-layout-flow wp-block-column-is-layout-flow\" style=\"flex-basis:50%\">\n<figure class=\"wp-block-image size-full\"><img loading=\"lazy\" decoding=\"async\" width=\"600\" height=\"600\" src=\"http:\/\/outdoorsosapp.com\/wp-content\/uploads\/2022\/07\/0502_templ_600x600.png\" alt=\"video on the Outdoor SOS App\" class=\"wp-image-603\" srcset=\"https:\/\/outdoorsosapp.com\/wp-content\/uploads\/2022\/07\/0502_templ_600x600.png 600w, https:\/\/outdoorsosapp.com\/wp-content\/uploads\/2022\/07\/0502_templ_600x600-300x300.png 300w, https:\/\/outdoorsosapp.com\/wp-content\/uploads\/2022\/07\/0502_templ_600x600-150x150.png 150w\" sizes=\"auto, (max-width: 600px) 100vw, 600px\" \/><figcaption class=\"wp-element-caption\">s\u0142u\u017cby ratunkowe prezentowane w aplikacji Outdoor SOS<\/figcaption><\/figure>\n\n\n\n<h3 class=\"wp-block-heading has-text-align-center has-neve-text-color-color has-text-color\">Twoi bohaterowie ratunkowi<\/h3>\n\n\n\n<p class=\"has-text-align-center has-neve-text-color-color has-text-color\">Dzi\u0119ki po\u0142\u0105czeniu wideo s\u0142u\u017cby ratunkowe maj\u0105 bezpo\u015bredni wgl\u0105d w Tw\u00f3j status i otoczenie.<\/p>\n\n\n\n<div class=\"wp-block-buttons is-content-justification-center is-layout-flex wp-container-core-buttons-is-layout-16018d1d wp-block-buttons-is-layout-flex\">\n<div class=\"wp-block-button is-style-primary\"><a class=\"wp-block-button__link wp-element-button\" href=\"https:\/\/outdoorsosapp.com\/pl\/emergency-services\/\">PROFESJONALNE SZCZEG\u00d3\u0141Y<\/a><\/div>\n<\/div>\n\n\n\n<div style=\"height:40px\" aria-hidden=\"true\" class=\"wp-block-spacer\"><\/div>\n<\/div>\n\n\n\n<div class=\"wp-block-column is-vertically-aligned-center is-layout-flow wp-block-column-is-layout-flow\" style=\"flex-basis:50%\">\n<figure class=\"wp-block-image size-full is-resized\"><img loading=\"lazy\" decoding=\"async\" src=\"http:\/\/outdoorsosapp.com\/wp-content\/uploads\/2022\/07\/0802_templ_600x600.png\" alt=\"the map on the Outdoor SOS app\" class=\"wp-image-605\" width=\"528\" height=\"528\" srcset=\"https:\/\/outdoorsosapp.com\/wp-content\/uploads\/2022\/07\/0802_templ_600x600.png 600w, https:\/\/outdoorsosapp.com\/wp-content\/uploads\/2022\/07\/0802_templ_600x600-300x300.png 300w, https:\/\/outdoorsosapp.com\/wp-content\/uploads\/2022\/07\/0802_templ_600x600-150x150.png 150w\" sizes=\"auto, (max-width: 528px) 100vw, 528px\" \/><figcaption class=\"wp-element-caption\">prezentuj\u0105c Twoj\u0105 lokalizacj\u0119 na mapie cyfrowej w aplikacji Outdoor SOS, s\u0142u\u017cby ratownicze mog\u0105 Ci\u0119 znale\u017a\u0107 w ka\u017cdej chwili<\/figcaption><\/figure>\n\n\n\n<h3 class=\"wp-block-heading has-text-align-center has-neve-text-color-color has-text-color\">Wiedz, gdzie jeste\u015b<\/h3>\n\n\n\n<p class=\"has-text-align-center has-neve-text-color-color has-text-color\">Dzi\u0119ki dok\u0142adnemu po\u0142o\u017ceniu na mapie nie tracisz czasu, a pomoc jest zawsze w pobli\u017cu.<\/p>\n\n\n\n<div class=\"wp-block-buttons is-content-justification-center is-layout-flex wp-container-core-buttons-is-layout-16018d1d wp-block-buttons-is-layout-flex\">\n<div class=\"wp-block-button is-style-primary\"><a class=\"wp-block-button__link wp-element-button\" href=\"https:\/\/outdoorsosapp.com\/pl\/emergency-services\/\">PROFESJONALNE SZCZEG\u00d3\u0141Y<\/a><\/div>\n<\/div>\n\n\n\n<div style=\"height:40px\" aria-hidden=\"true\" class=\"wp-block-spacer\"><\/div>\n<\/div>\n<\/div>\n\n\n\n<div style=\"height:40px\" aria-hidden=\"true\" class=\"wp-block-spacer\"><\/div>\n<\/div><\/div>\n<\/div><\/div>\n\n\n\n<div class=\"wp-block-cover alignfull\" style=\"min-height:653px;aspect-ratio:unset;\"><span aria-hidden=\"true\" class=\"wp-block-cover__background has-nv-dark-bg-background-color has-background-dim\"><\/span><img loading=\"lazy\" decoding=\"async\" width=\"2500\" height=\"1667\" class=\"wp-block-cover__image-background wp-image-607\" alt=\"\" src=\"https:\/\/outdoorsosapp.com\/wp-content\/uploads\/2022\/07\/oSOSa_help-everyone-and-enjoy-live.jpg\" data-object-fit=\"cover\" srcset=\"https:\/\/outdoorsosapp.com\/wp-content\/uploads\/2022\/07\/oSOSa_help-everyone-and-enjoy-live.jpg 2500w, https:\/\/outdoorsosapp.com\/wp-content\/uploads\/2022\/07\/oSOSa_help-everyone-and-enjoy-live-300x200.jpg 300w, https:\/\/outdoorsosapp.com\/wp-content\/uploads\/2022\/07\/oSOSa_help-everyone-and-enjoy-live-1024x683.jpg 1024w, https:\/\/outdoorsosapp.com\/wp-content\/uploads\/2022\/07\/oSOSa_help-everyone-and-enjoy-live-768x512.jpg 768w, https:\/\/outdoorsosapp.com\/wp-content\/uploads\/2022\/07\/oSOSa_help-everyone-and-enjoy-live-1536x1024.jpg 1536w, https:\/\/outdoorsosapp.com\/wp-content\/uploads\/2022\/07\/oSOSa_help-everyone-and-enjoy-live-2048x1366.jpg 2048w, https:\/\/outdoorsosapp.com\/wp-content\/uploads\/2022\/07\/oSOSa_help-everyone-and-enjoy-live-930x620.jpg 930w\" sizes=\"auto, (max-width: 2500px) 100vw, 2500px\" \/><div class=\"wp-block-cover__inner-container is-layout-flow wp-block-cover-is-layout-flow\">\n<div style=\"height:80px\" aria-hidden=\"true\" class=\"wp-block-spacer\"><\/div>\n\n\n\n<h3 class=\"wp-block-heading has-text-align-center has-nv-text-dark-bg-color has-text-color\">\u201ePo co \u017cy\u0107, je\u015bli przynajmniej nie \u017cyjesz <br>spr\u00f3bowa\u0107 zrobi\u0107 co\u015b niezwyk\u0142ego?\u201d<\/h3>\n\n\n\n<div style=\"height:80px\" aria-hidden=\"true\" class=\"wp-block-spacer\"><\/div>\n<\/div><\/div>","protected":false},"excerpt":{"rendered":"","protected":false},"author":1,"featured_media":0,"parent":0,"menu_order":0,"comment_status":"closed","ping_status":"closed","template":"","meta":{"neve_meta_sidebar":"full-width","neve_meta_container":"","neve_meta_enable_content_width":"on","neve_meta_content_width":100,"neve_meta_title_alignment":"","neve_meta_author_avatar":"","neve_post_elements_order":"","neve_meta_disable_header":"","neve_meta_disable_footer":"","neve_meta_disable_title":"on","footnotes":""},"class_list":["post-69","page","type-page","status-publish","hentry"],"_links":{"self":[{"href":"https:\/\/outdoorsosapp.com\/pl\/wp-json\/wp\/v2\/pages\/69","targetHints":{"allow":["GET"]}}],"collection":[{"href":"https:\/\/outdoorsosapp.com\/pl\/wp-json\/wp\/v2\/pages"}],"about":[{"href":"https:\/\/outdoorsosapp.com\/pl\/wp-json\/wp\/v2\/types\/page"}],"author":[{"embeddable":true,"href":"https:\/\/outdoorsosapp.com\/pl\/wp-json\/wp\/v2\/users\/1"}],"replies":[{"embeddable":true,"href":"https:\/\/outdoorsosapp.com\/pl\/wp-json\/wp\/v2\/comments?post=69"}],"version-history":[{"count":29,"href":"https:\/\/outdoorsosapp.com\/pl\/wp-json\/wp\/v2\/pages\/69\/revisions"}],"predecessor-version":[{"id":1047,"href":"https:\/\/outdoorsosapp.com\/pl\/wp-json\/wp\/v2\/pages\/69\/revisions\/1047"}],"wp:attachment":[{"href":"https:\/\/outdoorsosapp.com\/pl\/wp-json\/wp\/v2\/media?parent=69"}],"curies":[{"name":"wp","href":"https:\/\/api.w.org\/{rel}","templated":true}]}}