{"id":61,"date":"2020-01-23T18:21:52","date_gmt":"2020-01-23T18:21:52","guid":{"rendered":"https:\/\/demosites.io\/web-agency-gb\/?page_id=61"},"modified":"2023-05-17T08:17:53","modified_gmt":"2023-05-17T08:17:53","slug":"about-us","status":"publish","type":"page","link":"https:\/\/outdoorsosapp.com\/pl\/about-us\/","title":{"rendered":"O nas"},"content":{"rendered":"<div class=\"wp-block-cover alignfull is-light\" style=\"min-height:702px;aspect-ratio:unset;\"><span aria-hidden=\"true\" class=\"wp-block-cover__background has-background-dim\"><\/span><img loading=\"lazy\" decoding=\"async\" width=\"1984\" height=\"1116\" class=\"wp-block-cover__image-background wp-image-581\" alt=\"\" src=\"https:\/\/outdoorsosapp.com\/wp-content\/uploads\/2022\/07\/oSOSa_About_Us.jpg\" style=\"object-position:36% 45%\" data-object-fit=\"cover\" data-object-position=\"36% 45%\" srcset=\"https:\/\/outdoorsosapp.com\/wp-content\/uploads\/2022\/07\/oSOSa_About_Us.jpg 1984w, https:\/\/outdoorsosapp.com\/wp-content\/uploads\/2022\/07\/oSOSa_About_Us-300x169.jpg 300w, https:\/\/outdoorsosapp.com\/wp-content\/uploads\/2022\/07\/oSOSa_About_Us-1024x576.jpg 1024w, https:\/\/outdoorsosapp.com\/wp-content\/uploads\/2022\/07\/oSOSa_About_Us-768x432.jpg 768w, https:\/\/outdoorsosapp.com\/wp-content\/uploads\/2022\/07\/oSOSa_About_Us-1536x864.jpg 1536w\" sizes=\"auto, (max-width: 1984px) 100vw, 1984px\" \/><div class=\"wp-block-cover__inner-container is-layout-flow wp-block-cover-is-layout-flow\">\n<h1 class=\"wp-block-heading has-nv-site-bg-color has-text-color\">O nas<\/h1>\n<\/div><\/div>\n\n\n\n<div class=\"wp-block-cover alignfull\" style=\"min-height:600px;aspect-ratio:unset;\"><span aria-hidden=\"true\" class=\"wp-block-cover__background has-nv-light-bg-background-color has-background-dim-100 has-background-dim\"><\/span><div class=\"wp-block-cover__inner-container is-layout-flow wp-block-cover-is-layout-flow\">\n<div class=\"wp-block-group\"><div class=\"wp-block-group__inner-container is-layout-flow wp-block-group-is-layout-flow\">\n<div style=\"height:80px\" aria-hidden=\"true\" class=\"wp-block-spacer\"><\/div>\n\n\n\n<div class=\"wp-block-columns are-vertically-aligned-center is-layout-flex wp-container-core-columns-is-layout-9d6595d7 wp-block-columns-is-layout-flex\">\n<div class=\"wp-block-column is-vertically-aligned-center is-layout-flow wp-block-column-is-layout-flow\" style=\"flex-basis:50%\">\n<figure class=\"wp-block-image size-large is-resized\"><img loading=\"lazy\" decoding=\"async\" src=\"https:\/\/outdoorsosapp.com\/wp-content\/uploads\/2022\/07\/FrankvandenWildenberg-768x1024.jpg\" alt=\"\" class=\"wp-image-526\" width=\"502\" height=\"668\" srcset=\"https:\/\/outdoorsosapp.com\/wp-content\/uploads\/2022\/07\/FrankvandenWildenberg-768x1024.jpg 768w, https:\/\/outdoorsosapp.com\/wp-content\/uploads\/2022\/07\/FrankvandenWildenberg-225x300.jpg 225w, https:\/\/outdoorsosapp.com\/wp-content\/uploads\/2022\/07\/FrankvandenWildenberg-1152x1536.jpg 1152w, https:\/\/outdoorsosapp.com\/wp-content\/uploads\/2022\/07\/FrankvandenWildenberg-1536x2048.jpg 1536w, https:\/\/outdoorsosapp.com\/wp-content\/uploads\/2022\/07\/FrankvandenWildenberg-scaled.jpg 1920w\" sizes=\"auto, (max-width: 502px) 100vw, 502px\" \/><\/figure>\n<\/div>\n\n\n\n<div class=\"wp-block-column is-vertically-aligned-center is-layout-flow wp-block-column-is-layout-flow\" style=\"flex-basis:50%\">\n<h2 class=\"wp-block-heading has-neve-text-color-color has-text-color\">Nasza historia<\/h2>\n\n\n\n<p class=\"has-neve-text-color-color has-text-color\">W 2017 roku Frank van den Wildenberg wpad\u0142 na pomys\u0142 stworzenia aplikacji bezpiecze\u0144stwa dla reagowania kryzysowego w firmach i organizacjach, co jest wymagane przez holenderskie prawo.<\/p>\n\n\n\n<p class=\"has-neve-text-color-color has-text-color\">To, co zacz\u0119\u0142o si\u0119 jako aplikacja reagowania kryzysowego na rynek holenderski, wkr\u00f3tce sta\u0142o si\u0119 interesuj\u0105ce r\u00f3wnie\u017c dla innego rodzaju dzia\u0142a\u0144 potrzebnych do pomocy. Po niedawnym osobistym do\u015bwiadczeniu we francuskich g\u00f3rach podczas jazdy na snowboardzie w odleg\u0142ym miejscu, kiedy wypadek mia\u0142 miejsce tu\u017c przed Frankiem. <\/p>\n\n\n\n<p class=\"has-neve-text-color-color has-text-color\">Wszystko, co mog\u0142o p\u00f3j\u015b\u0107 \u017ale, posz\u0142o \u017ale. Problemy j\u0119zykowe, problem z lokalizacj\u0105 i niejasno\u015b\u0107, jaka pomoc jest faktycznie potrzebna. Min\u0119\u0142o ponad 3 godziny, zanim 13-letni ch\u0142opiec, w g\u00f3rach tylko z grup\u0105 i bez rodzic\u00f3w, zosta\u0142 w ko\u0144cu przetransportowany helikopterem na ostry dy\u017cur szpitala Alberville (gdzie potwierdzono z\u0142amanie kr\u0119gos\u0142upa u pacjent\u00f3w).<\/p>\n\n\n\n<p class=\"has-neve-text-color-color has-text-color\">Z tego do\u015bwiadczenia Frank zorganizowa\u0142 grup\u0119 ekspert\u00f3w z r\u00f3\u017cnych dziedzin i specjalno\u015bci i rozpocz\u0105\u0142 projekt Outdoor SOS App. Motto \u201ePomoc jest zawsze w pobli\u017cu\u201d powinno by\u0107 r\u00f3wnie\u017c dost\u0119pne we wszystkich miejscach \u017cycia na \u015bwie\u017cym powietrzu. <\/p>\n\n\n\n<p class=\"has-neve-text-color-color has-text-color\">Dzi\u0119ki aplikacji Outdoor SOS stworzono nowy poziom bezpiecze\u0144stwa dla wszystkich ludzi kochaj\u0105cych \u017cycie na \u015bwie\u017cym powietrzu!<\/p>\n<\/div>\n<\/div>\n\n\n\n<div style=\"height:40px\" aria-hidden=\"true\" class=\"wp-block-spacer\"><\/div>\n<\/div><\/div>\n<\/div><\/div>\n\n\n\n<div class=\"wp-block-cover alignfull\" style=\"min-height:600px;aspect-ratio:unset;\"><span aria-hidden=\"true\" class=\"wp-block-cover__background has-nv-dark-bg-background-color has-background-dim\"><\/span><img loading=\"lazy\" decoding=\"async\" width=\"1920\" height=\"1079\" class=\"wp-block-cover__image-background wp-image-568\" alt=\"\" src=\"https:\/\/outdoorsosapp.com\/wp-content\/uploads\/2022\/07\/oSOSa_About_Looking.jpg\" style=\"object-position:85% 16%\" data-object-fit=\"cover\" data-object-position=\"85% 16%\" srcset=\"https:\/\/outdoorsosapp.com\/wp-content\/uploads\/2022\/07\/oSOSa_About_Looking.jpg 1920w, https:\/\/outdoorsosapp.com\/wp-content\/uploads\/2022\/07\/oSOSa_About_Looking-300x169.jpg 300w, https:\/\/outdoorsosapp.com\/wp-content\/uploads\/2022\/07\/oSOSa_About_Looking-1024x575.jpg 1024w, https:\/\/outdoorsosapp.com\/wp-content\/uploads\/2022\/07\/oSOSa_About_Looking-768x432.jpg 768w, https:\/\/outdoorsosapp.com\/wp-content\/uploads\/2022\/07\/oSOSa_About_Looking-1536x863.jpg 1536w\" sizes=\"auto, (max-width: 1920px) 100vw, 1920px\" \/><div class=\"wp-block-cover__inner-container is-layout-flow wp-block-cover-is-layout-flow\">\n<div class=\"wp-block-columns is-layout-flex wp-container-core-columns-is-layout-9d6595d7 wp-block-columns-is-layout-flex\">\n<div class=\"wp-block-column is-layout-flow wp-block-column-is-layout-flow\" style=\"flex-basis:100%\">\n<div class=\"wp-block-group\"><div class=\"wp-block-group__inner-container is-layout-flow wp-block-group-is-layout-flow\">\n<div style=\"height:80px\" aria-hidden=\"true\" class=\"wp-block-spacer\"><\/div>\n\n\n\n<div class=\"wp-block-columns are-vertically-aligned-center is-layout-flex wp-container-core-columns-is-layout-9d6595d7 wp-block-columns-is-layout-flex\">\n<div class=\"wp-block-column is-vertically-aligned-center is-layout-flow wp-block-column-is-layout-flow\" style=\"flex-basis:50%\">\n<h2 class=\"wp-block-heading has-nv-text-dark-bg-color has-text-color\">Oryginalny pomys\u0142<\/h2>\n\n\n\n<p>Frank van den Wildenberg jest tw\u00f3rc\u0105 aplikacji SOSHELP-PRO, aplikacji bezpiecze\u0144stwa dla reagowania kryzysowego w firmach i organizacjach, zgodnie z prawem holenderskim. <kbd> <\/kbd><\/p>\n\n\n\n<p>Jako koordynator ds. bezpiecze\u0144stwa w firmie Enexis niezmiennie zadawa\u0142 kolegom to samo: co robisz, gdy\u2026<\/p>\n\n\n\n<p>To musia\u0142o by\u0107 inaczej. Lepsza. Prostsze. Poszed\u0142 wi\u0119c szuka\u0107 rozwi\u0105zania. Tego tam nie by\u0142o, wi\u0119c Frank w 2017 roku postanowi\u0142 sam opracowa\u0107 rozwi\u0105zanie. Tak narodzi\u0142a si\u0119 aplikacja SOSHELP-PRO. Proste jak ko\u0142o ratunkowe. <\/p>\n\n\n\n<div class=\"wp-block-group\"><div class=\"wp-block-group__inner-container is-layout-flow wp-block-group-is-layout-flow\">\n<p>Bo gdy kto\u015b wpadnie do wody, wystarczy rzuci\u0107 ko\u0142o ratunkowe i zaoferujesz natychmiastow\u0105 pomoc. Bez specjalistycznej wiedzy, bez skomplikowanych procedur. Tak musia\u0142a dzia\u0142a\u0107 aplikacja. W sytuacji awaryjnej wystarczy nacisn\u0105\u0107 przycisk SOS. Aplikacja zajmie si\u0119 reszt\u0105!<\/p>\n<\/div><\/div>\n\n\n\n<div class=\"wp-block-group\"><div class=\"wp-block-group__inner-container is-layout-flow wp-block-group-is-layout-flow\">\n<div class=\"wp-block-group\"><div class=\"wp-block-group__inner-container is-layout-flow wp-block-group-is-layout-flow\">\n<div class=\"wp-block-group\"><div class=\"wp-block-group__inner-container is-layout-flow wp-block-group-is-layout-flow\">\n<p>Ostatecznie aplikacja SOSHELP-PRO jest lepszym rozwi\u0105zaniem ni\u017c istniej\u0105ce aplikacje i dzia\u0142a przy takich samych, a cz\u0119sto nawet ni\u017cszych kosztach.<\/p>\n<\/div><\/div>\n<\/div><\/div>\n<\/div><\/div>\n\n\n\n<div style=\"height:20px\" aria-hidden=\"true\" class=\"wp-block-spacer\"><\/div>\n\n\n\n<div class=\"wp-block-buttons is-layout-flex wp-block-buttons-is-layout-flex\">\n<div class=\"wp-block-button is-style-default\"><a class=\"wp-block-button__link wp-element-button\" href=\"https:\/\/outdoorsosapp.com\/pl\/contact-us\/\">SKONTAKTUJ SI\u0118 Z NAMI<\/a><\/div>\n<\/div>\n\n\n\n<div style=\"height:20px\" aria-hidden=\"true\" class=\"wp-block-spacer\"><\/div>\n<\/div>\n\n\n\n<div class=\"wp-block-column is-vertically-aligned-center is-layout-flow wp-block-column-is-layout-flow\" style=\"flex-basis:50%\"><\/div>\n<\/div>\n\n\n\n<div style=\"height:40px\" aria-hidden=\"true\" class=\"wp-block-spacer\"><\/div>\n<\/div><\/div>\n<\/div>\n<\/div>\n<\/div><\/div>\n\n\n\n<div class=\"wp-block-cover alignfull\" style=\"min-height:420px;aspect-ratio:unset;\"><span aria-hidden=\"true\" class=\"wp-block-cover__background has-nv-site-bg-background-color has-background-dim-100 has-background-dim\"><\/span><div class=\"wp-block-cover__inner-container is-layout-flow wp-block-cover-is-layout-flow\">\n<div style=\"height:80px\" aria-hidden=\"true\" class=\"wp-block-spacer\"><\/div>\n\n\n\n<div class=\"wp-block-columns is-layout-flex wp-container-core-columns-is-layout-9d6595d7 wp-block-columns-is-layout-flex\">\n<div class=\"wp-block-column ticss-4ce656f1 is-layout-flow wp-block-column-is-layout-flow\">\n<figure class=\"wp-block-image size-full icon-style is-style-rounded\"><img loading=\"lazy\" decoding=\"async\" width=\"72\" height=\"72\" src=\"https:\/\/outdoorsosapp.com\/wp-content\/uploads\/2022\/07\/Mark_approved_oSOSapp.png\" alt=\"\" class=\"wp-image-791\"\/><\/figure>\n\n\n\n<h3 class=\"wp-block-heading has-text-align-left has-text-align-center has-neve-text-color-color has-text-color\">Superwydajny<\/h3>\n\n\n\n<p class=\"has-text-align-left has-neve-text-color-color has-text-color\" style=\"font-size:15px\">Im bardziej wydajne, tym wi\u0119cej istnie\u0144 ludzkich mo\u017cna uratowa\u0107.<\/p>\n\n\n\n<div style=\"height:20px\" aria-hidden=\"true\" class=\"wp-block-spacer\"><\/div>\n<\/div>\n\n\n\n<div class=\"wp-block-column ticss-f6fc7494 is-layout-flow wp-block-column-is-layout-flow\">\n<figure class=\"wp-block-image size-full icon-style is-style-rounded\"><img loading=\"lazy\" decoding=\"async\" width=\"72\" height=\"72\" src=\"http:\/\/outdoorsosapp.com\/wp-content\/uploads\/2022\/07\/Mark_approved_oSOSapp.png\" alt=\"\" class=\"wp-image-791\"\/><\/figure>\n\n\n\n<h3 class=\"wp-block-heading has-text-align-left has-text-align-center has-neve-text-color-color has-text-color\">G\u0142\u0119boko zaanga\u017cowany<\/h3>\n\n\n\n<p class=\"has-text-align-left has-neve-text-color-color has-text-color\" style=\"font-size:15px\">Ratowanie \u017cycia to nasza podstawowa dzia\u0142alno\u015b\u0107.<\/p>\n\n\n\n<div style=\"height:20px\" aria-hidden=\"true\" class=\"wp-block-spacer\"><\/div>\n<\/div>\n\n\n\n<div class=\"wp-block-column ticss-a5b4df29 is-layout-flow wp-block-column-is-layout-flow\">\n<figure class=\"wp-block-image size-full icon-style is-style-rounded\"><img loading=\"lazy\" decoding=\"async\" width=\"72\" height=\"72\" src=\"http:\/\/outdoorsosapp.com\/wp-content\/uploads\/2022\/07\/Mark_approved_oSOSapp.png\" alt=\"\" class=\"wp-image-791\"\/><\/figure>\n\n\n\n<h3 class=\"wp-block-heading has-text-align-left has-text-align-center has-neve-text-color-color has-text-color\">\u0141atwy w u\u017cyciu<\/h3>\n\n\n\n<p class=\"has-text-align-left has-neve-text-color-color has-text-color\" style=\"font-size:15px\">W sytuacji awaryjnej wystarczy nacisn\u0105\u0107 przycisk SOS.<\/p>\n\n\n\n<div style=\"height:20px\" aria-hidden=\"true\" class=\"wp-block-spacer\"><\/div>\n<\/div>\n<\/div>\n\n\n\n<div style=\"height:30px\" aria-hidden=\"true\" class=\"wp-block-spacer\"><\/div>\n<\/div><\/div>\n\n\n\n<div class=\"wp-block-cover alignfull\" style=\"min-height:600px;aspect-ratio:unset;\"><span aria-hidden=\"true\" class=\"wp-block-cover__background has-nv-light-bg-background-color has-background-dim-100 has-background-dim\"><\/span><div class=\"wp-block-cover__inner-container is-layout-flow wp-block-cover-is-layout-flow\">\n<div class=\"wp-block-group\"><div class=\"wp-block-group__inner-container is-layout-flow wp-block-group-is-layout-flow\">\n<div style=\"height:80px\" aria-hidden=\"true\" class=\"wp-block-spacer\"><\/div>\n\n\n\n<div class=\"wp-block-columns is-layout-flex wp-container-core-columns-is-layout-9d6595d7 wp-block-columns-is-layout-flex\">\n<div class=\"wp-block-column is-layout-flow wp-block-column-is-layout-flow\"><div class=\"wp-block-image is-style-default\">\n<figure class=\"aligncenter size-large\"><img loading=\"lazy\" decoding=\"async\" width=\"1024\" height=\"991\" src=\"http:\/\/outdoorsosapp.com\/wp-content\/uploads\/2022\/07\/Eddepet-1024x991.jpg\" alt=\"\" class=\"wp-image-561\" srcset=\"https:\/\/outdoorsosapp.com\/wp-content\/uploads\/2022\/07\/Eddepet-1024x991.jpg 1024w, https:\/\/outdoorsosapp.com\/wp-content\/uploads\/2022\/07\/Eddepet-300x290.jpg 300w, https:\/\/outdoorsosapp.com\/wp-content\/uploads\/2022\/07\/Eddepet-768x743.jpg 768w, https:\/\/outdoorsosapp.com\/wp-content\/uploads\/2022\/07\/Eddepet.jpg 1489w\" sizes=\"auto, (max-width: 1024px) 100vw, 1024px\" \/><\/figure><\/div>\n\n\n<h3 class=\"wp-block-heading has-text-align-center has-neve-text-color-color has-text-color\">Edsarda Koka<\/h3>\n\n\n\n<p class=\"has-text-align-center has-neve-text-color-color has-text-color\">Starszy Mened\u017cer Projektu<\/p>\n\n\n\n<ul class=\"wp-block-social-links aligncenter is-layout-flex wp-block-social-links-is-layout-flex\"><li class=\"wp-social-link wp-social-link-linkedin  wp-block-social-link\"><a rel=\"noopener nofollow\" target=\"_blank\" href=\"https:\/\/www.linkedin.com\/in\/edsard-kok\/\" class=\"wp-block-social-link-anchor\"><svg width=\"24\" height=\"24\" viewbox=\"0 0 24 24\" version=\"1.1\" xmlns=\"http:\/\/www.w3.org\/2000\/svg\" aria-hidden=\"true\" focusable=\"false\"><path d=\"M19.7,3H4.3C3.582,3,3,3.582,3,4.3v15.4C3,20.418,3.582,21,4.3,21h15.4c0.718,0,1.3-0.582,1.3-1.3V4.3 C21,3.582,20.418,3,19.7,3z M8.339,18.338H5.667v-8.59h2.672V18.338z M7.004,8.574c-0.857,0-1.549-0.694-1.549-1.548 c0-0.855,0.691-1.548,1.549-1.548c0.854,0,1.547,0.694,1.547,1.548C8.551,7.881,7.858,8.574,7.004,8.574z M18.339,18.338h-2.669 v-4.177c0-0.996-0.017-2.278-1.387-2.278c-1.389,0-1.601,1.086-1.601,2.206v4.249h-2.667v-8.59h2.559v1.174h0.037 c0.356-0.675,1.227-1.387,2.526-1.387c2.703,0,3.203,1.779,3.203,4.092V18.338z\"><\/path><\/svg><span class=\"wp-block-social-link-label screen-reader-text\">Linkedin<\/span><\/a><\/li><\/ul>\n\n\n\n<div style=\"height:40px\" aria-hidden=\"true\" class=\"wp-block-spacer\"><\/div>\n<\/div>\n\n\n\n<div class=\"wp-block-column is-layout-flow wp-block-column-is-layout-flow\"><div class=\"wp-block-image is-style-default\">\n<figure class=\"aligncenter size-large\"><img loading=\"lazy\" decoding=\"async\" width=\"1024\" height=\"989\" src=\"http:\/\/outdoorsosapp.com\/wp-content\/uploads\/2022\/07\/FrankvandenWildenberg-1-scaled-e1658434271803-1024x989.jpg\" alt=\"\" class=\"wp-image-564\" srcset=\"https:\/\/outdoorsosapp.com\/wp-content\/uploads\/2022\/07\/FrankvandenWildenberg-1-scaled-e1658434271803-1024x989.jpg 1024w, https:\/\/outdoorsosapp.com\/wp-content\/uploads\/2022\/07\/FrankvandenWildenberg-1-scaled-e1658434271803-300x290.jpg 300w, https:\/\/outdoorsosapp.com\/wp-content\/uploads\/2022\/07\/FrankvandenWildenberg-1-scaled-e1658434271803-768x742.jpg 768w, https:\/\/outdoorsosapp.com\/wp-content\/uploads\/2022\/07\/FrankvandenWildenberg-1-scaled-e1658434271803.jpg 1491w\" sizes=\"auto, (max-width: 1024px) 100vw, 1024px\" \/><\/figure><\/div>\n\n\n<h3 class=\"wp-block-heading has-text-align-center has-neve-text-color-color has-text-color\">Franka van den Wildenberga<\/h3>\n\n\n\n<p class=\"has-text-align-center has-neve-text-color-color has-text-color\">Za\u0142o\u017cyciel<\/p>\n\n\n\n<ul class=\"wp-block-social-links aligncenter is-layout-flex wp-block-social-links-is-layout-flex\"><li class=\"wp-social-link wp-social-link-facebook  wp-block-social-link\"><a rel=\"noopener nofollow\" target=\"_blank\" href=\"https:\/\/www.facebook.com\/Soshelp.nl\" class=\"wp-block-social-link-anchor\"><svg width=\"24\" height=\"24\" viewbox=\"0 0 24 24\" version=\"1.1\" xmlns=\"http:\/\/www.w3.org\/2000\/svg\" aria-hidden=\"true\" focusable=\"false\"><path d=\"M12 2C6.5 2 2 6.5 2 12c0 5 3.7 9.1 8.4 9.9v-7H7.9V12h2.5V9.8c0-2.5 1.5-3.9 3.8-3.9 1.1 0 2.2.2 2.2.2v2.5h-1.3c-1.2 0-1.6.8-1.6 1.6V12h2.8l-.4 2.9h-2.3v7C18.3 21.1 22 17 22 12c0-5.5-4.5-10-10-10z\"><\/path><\/svg><span class=\"wp-block-social-link-label screen-reader-text\">Facebook<\/span><\/a><\/li>\n\n<li class=\"wp-social-link wp-social-link-linkedin  wp-block-social-link\"><a rel=\"noopener nofollow\" target=\"_blank\" href=\"https:\/\/linkedin.com\/in\/frank-van-den-wildenberg-5ab82616\" class=\"wp-block-social-link-anchor\"><svg width=\"24\" height=\"24\" viewbox=\"0 0 24 24\" version=\"1.1\" xmlns=\"http:\/\/www.w3.org\/2000\/svg\" aria-hidden=\"true\" focusable=\"false\"><path d=\"M19.7,3H4.3C3.582,3,3,3.582,3,4.3v15.4C3,20.418,3.582,21,4.3,21h15.4c0.718,0,1.3-0.582,1.3-1.3V4.3 C21,3.582,20.418,3,19.7,3z M8.339,18.338H5.667v-8.59h2.672V18.338z M7.004,8.574c-0.857,0-1.549-0.694-1.549-1.548 c0-0.855,0.691-1.548,1.549-1.548c0.854,0,1.547,0.694,1.547,1.548C8.551,7.881,7.858,8.574,7.004,8.574z M18.339,18.338h-2.669 v-4.177c0-0.996-0.017-2.278-1.387-2.278c-1.389,0-1.601,1.086-1.601,2.206v4.249h-2.667v-8.59h2.559v1.174h0.037 c0.356-0.675,1.227-1.387,2.526-1.387c2.703,0,3.203,1.779,3.203,4.092V18.338z\"><\/path><\/svg><span class=\"wp-block-social-link-label screen-reader-text\">Linkedin<\/span><\/a><\/li><\/ul>\n\n\n\n<div style=\"height:40px\" aria-hidden=\"true\" class=\"wp-block-spacer\"><\/div>\n<\/div>\n\n\n\n<div class=\"wp-block-column is-layout-flow wp-block-column-is-layout-flow\">\n<div style=\"height:40px\" aria-hidden=\"true\" class=\"wp-block-spacer\"><\/div>\n<\/div>\n<\/div>\n\n\n\n<div style=\"height:40px\" aria-hidden=\"true\" class=\"wp-block-spacer\"><\/div>\n<\/div><\/div>\n<\/div><\/div>","protected":false},"excerpt":{"rendered":"","protected":false},"author":1,"featured_media":0,"parent":0,"menu_order":0,"comment_status":"closed","ping_status":"closed","template":"","meta":{"neve_meta_sidebar":"default","neve_meta_container":"default","neve_meta_enable_content_width":"on","neve_meta_content_width":100,"neve_meta_title_alignment":"","neve_meta_author_avatar":"","neve_post_elements_order":"","neve_meta_disable_header":"","neve_meta_disable_footer":"","neve_meta_disable_title":"on","footnotes":""},"class_list":["post-61","page","type-page","status-publish","hentry"],"_links":{"self":[{"href":"https:\/\/outdoorsosapp.com\/pl\/wp-json\/wp\/v2\/pages\/61","targetHints":{"allow":["GET"]}}],"collection":[{"href":"https:\/\/outdoorsosapp.com\/pl\/wp-json\/wp\/v2\/pages"}],"about":[{"href":"https:\/\/outdoorsosapp.com\/pl\/wp-json\/wp\/v2\/types\/page"}],"author":[{"embeddable":true,"href":"https:\/\/outdoorsosapp.com\/pl\/wp-json\/wp\/v2\/users\/1"}],"replies":[{"embeddable":true,"href":"https:\/\/outdoorsosapp.com\/pl\/wp-json\/wp\/v2\/comments?post=61"}],"version-history":[{"count":50,"href":"https:\/\/outdoorsosapp.com\/pl\/wp-json\/wp\/v2\/pages\/61\/revisions"}],"predecessor-version":[{"id":1032,"href":"https:\/\/outdoorsosapp.com\/pl\/wp-json\/wp\/v2\/pages\/61\/revisions\/1032"}],"wp:attachment":[{"href":"https:\/\/outdoorsosapp.com\/pl\/wp-json\/wp\/v2\/media?parent=61"}],"curies":[{"name":"wp","href":"https:\/\/api.w.org\/{rel}","templated":true}]}}