{"id":964,"date":"2023-04-06T07:54:04","date_gmt":"2023-04-06T07:54:04","guid":{"rendered":"https:\/\/outdoorsosapp.com\/?page_id=964"},"modified":"2023-07-25T10:12:22","modified_gmt":"2023-07-25T10:12:22","slug":"app-demonstration","status":"publish","type":"page","link":"https:\/\/outdoorsosapp.com\/fr\/app-demonstration\/","title":{"rendered":"D\u00e9monstration de l&#039;application"},"content":{"rendered":"<div class=\"wp-block-cover alignfull is-light\" style=\"min-height:579px;aspect-ratio:unset;\"><span aria-hidden=\"true\" class=\"wp-block-cover__background has-background-dim\"><\/span><img loading=\"lazy\" decoding=\"async\" width=\"1599\" height=\"822\" class=\"wp-block-cover__image-background wp-image-965\" alt=\"\" src=\"https:\/\/outdoorsosapp.com\/wp-content\/uploads\/2023\/04\/WhatsApp-Image-2022-07-05-at-10.57.12-PM-2.jpeg\" data-object-fit=\"cover\" srcset=\"https:\/\/outdoorsosapp.com\/wp-content\/uploads\/2023\/04\/WhatsApp-Image-2022-07-05-at-10.57.12-PM-2.jpeg 1599w, https:\/\/outdoorsosapp.com\/wp-content\/uploads\/2023\/04\/WhatsApp-Image-2022-07-05-at-10.57.12-PM-2-300x154.jpeg 300w, https:\/\/outdoorsosapp.com\/wp-content\/uploads\/2023\/04\/WhatsApp-Image-2022-07-05-at-10.57.12-PM-2-1024x526.jpeg 1024w, https:\/\/outdoorsosapp.com\/wp-content\/uploads\/2023\/04\/WhatsApp-Image-2022-07-05-at-10.57.12-PM-2-768x395.jpeg 768w, https:\/\/outdoorsosapp.com\/wp-content\/uploads\/2023\/04\/WhatsApp-Image-2022-07-05-at-10.57.12-PM-2-1536x790.jpeg 1536w, https:\/\/outdoorsosapp.com\/wp-content\/uploads\/2023\/04\/WhatsApp-Image-2022-07-05-at-10.57.12-PM-2-18x9.jpeg 18w\" sizes=\"auto, (max-width: 1599px) 100vw, 1599px\" \/><div class=\"wp-block-cover__inner-container is-layout-flow wp-block-cover-is-layout-flow\">\n<h1 class=\"wp-block-heading has-nv-text-dark-bg-color has-text-color\">La clart\u00e9 est tout ce dont vous avez besoin!<\/h1>\n<\/div><\/div>\n\n\n\n<div style=\"height:39px\" aria-hidden=\"true\" class=\"wp-block-spacer\"><\/div>\n\n\n\n<h2 class=\"wp-block-heading\">Regardez la vid\u00e9o de d\u00e9monstration<\/h2>\n\n\n\n<div class=\"wp-block-cover alignfull\" style=\"min-height:600px;aspect-ratio:unset;\"><span aria-hidden=\"true\" class=\"wp-block-cover__background has-nv-light-bg-background-color has-background-dim-100 has-background-dim\"><\/span><div class=\"wp-block-cover__inner-container is-layout-flow wp-block-cover-is-layout-flow\">\n<div class=\"wp-block-group\"><div class=\"wp-block-group__inner-container is-layout-flow wp-block-group-is-layout-flow\">\n<div style=\"height:80px\" aria-hidden=\"true\" class=\"wp-block-spacer\"><\/div>\n\n\n\n<div class=\"wp-block-columns are-vertically-aligned-center is-layout-flex wp-container-core-columns-is-layout-9d6595d7 wp-block-columns-is-layout-flex\">\n<div class=\"wp-block-column is-vertically-aligned-center is-layout-flow wp-block-column-is-layout-flow\" style=\"flex-basis:100%\">\n<figure class=\"wp-block-video\"><video controls src=\"https:\/\/outdoorsosapp.com\/wp-content\/uploads\/2023\/04\/Alarmering-met-Smartphones-SD-480p.mov\"><\/video><\/figure>\n\n\n\n<h3 class=\"wp-block-heading has-text-align-center has-neve-text-color-color has-text-color\">Facile \u00e0 utiliser<\/h3>\n\n\n\n<p class=\"has-text-align-left has-neve-text-color-color has-text-color\">L'application a \u00e9t\u00e9 d\u00e9velopp\u00e9e de sorte qu'elle est soit facile \u00e0 utiliser dans une situation de panique sans aucun boudries fronti\u00e8re ou ni connaissances suppl\u00e9mentaires n\u00e9cessaires. <\/p>\n\n\n\n<p class=\"has-nv-dark-bg-color has-text-color\">La vid\u00e9o de d\u00e9monstration ci-dessus est le sch\u00e9ma directeur du march\u00e9 n\u00e9erlandais des services d'intervention d'urgence dans les bureaux et les environnements industriels. Comme les fonctionnalit\u00e9s de base uniques de l'application d\u00e9velopp\u00e9e sont universelles pour toutes les situations d'aide n\u00e9cessaires, l'application trouve \u00e9galement son utilisation dans la vie en plein air, en raison de ses caract\u00e9ristiques fonctionnalit\u00e9s vitales et essentielles : de contact vid\u00e9o direct et de positionnement imm\u00e9diat sur une carte num\u00e9rique.<\/p>\n\n\n\n<p class=\"has-nv-dark-bg-color has-text-color\">Avec le d\u00e9veloppement de l&#039;application Outdoor SOS, nous r\u00e9pondons \u00e0 un d\u00e9sir de longue date des intervenants d&#039;urgence d&#039;agir plus rapidement et plus efficacement, sans co\u00fbts \u00e9lev\u00e9s ni proc\u00e9dures compliqu\u00e9es.<\/p>\n\n\n\n<p class=\"has-nv-dark-bg-color has-text-color\">Comme l&#039;application elle-m\u00eame est con\u00e7ue sur mesure pour chaque nouveau client, notre feuille de route est d\u00e9finie pour terminer une version de d\u00e9monstration universelle au plus tard \u00e0 la fin de 2023.<\/p>\n\n\n\n<p class=\"has-nv-dark-bg-color has-text-color\">S'il te vous pla\u00eet, <a href=\"https:\/\/outdoorsosapp.com\/fr\/contact-us\/\" data-type=\"URL\" data-id=\"https:\/\/outdoorsosapp.com\/contact-us\/\">Contactez-nous<\/a> \u00e0 tout moment pour de plus amples informations ou une demande de d\u00e9monstration de la vie \u00e0 votre emplacement. <\/p>\n\n\n\n<div class=\"wp-block-buttons is-content-justification-center is-layout-flex wp-container-core-buttons-is-layout-16018d1d wp-block-buttons-is-layout-flex\">\n<div class=\"wp-block-button is-style-primary\"><a class=\"wp-block-button__link wp-element-button\" href=\"https:\/\/outdoorsosapp.com\/fr\/app-impression\/\">IMPRESSIONS D&#039;\u00c9CRAN<\/a><\/div>\n\n\n\n<div class=\"wp-block-button is-style-default\"><a class=\"wp-block-button__link wp-element-button\" href=\"https:\/\/outdoorsosapp.com\/fr\/download-brochure\/\">BROCHURE<\/a><\/div>\n<\/div>\n\n\n\n<div style=\"height:63px\" aria-hidden=\"true\" class=\"wp-block-spacer\"><\/div>\n\n\n\n<h2 class=\"wp-block-heading has-nv-dark-bg-color has-text-color\">Ton application<\/h2>\n\n\n\n<p class=\"has-nv-dark-bg-color has-text-color\">La vid\u00e9o de d\u00e9monstration est la version n\u00e9erlandaise pour les services d&#039;intervention d&#039;urgence qui vous donne une id\u00e9e des fonctionnalit\u00e9s techniques utilis\u00e9es. <\/p>\n\n\n\n<p class=\"has-nv-dark-bg-color has-text-color\">Votre application sera une application personnalis\u00e9e bas\u00e9e sur vos souhaits. Les impressions d&#039;\u00e9cran pr\u00e9sent\u00e9es sur notre site Web et nos brochures devraient vous donner une id\u00e9e de ce \u00e0 quoi votre application pourrait ressembler. <\/p>\n\n\n\n<h2 class=\"wp-block-heading has-nv-dark-bg-color has-text-color\">Ensemble nous pouvons<\/h2>\n\n\n\n<p class=\"has-nv-dark-bg-color has-text-color\">Lorsque vous d\u00e9cidez d&#039;utiliser l&#039;application Outdoor SOS, nous commencerons un voyage ensemble pour d\u00e9velopper l&#039;application pr\u00e9cis\u00e9ment selon vos demandes et vos souhaits. Notre support technique et nos \u00e9quipes cr\u00e9atives vous guideront pas \u00e0 pas pour cr\u00e9er votre Application sur-mesure.  <\/p>\n\n\n\n<p class=\"has-nv-dark-bg-color has-text-color\">Veuillez nous contacter pour un rendez-vous personnel afin de conna\u00eetre toutes les options que nous pouvons vous proposer.  <\/p>\n\n\n\n<p class=\"has-nv-dark-bg-color has-text-color\">  <\/p>\n\n\n\n<div class=\"wp-block-buttons is-content-justification-center is-layout-flex wp-container-core-buttons-is-layout-16018d1d wp-block-buttons-is-layout-flex\">\n<div class=\"wp-block-button is-style-primary\"><a class=\"wp-block-button__link has-text-align-center wp-element-button\" href=\"https:\/\/outdoorsosapp.com\/fr\/contact-us\/\">NOUS CONTACTER<\/a><\/div>\n<\/div>\n\n\n\n<div style=\"height:40px\" aria-hidden=\"true\" class=\"wp-block-spacer\"><\/div>\n<\/div>\n<\/div>\n\n\n\n<div style=\"height:40px\" aria-hidden=\"true\" class=\"wp-block-spacer\"><\/div>\n<\/div><\/div>\n<\/div><\/div>\n\n\n\n<div class=\"wp-block-cover alignfull is-light\" style=\"min-height:653px;aspect-ratio:unset;\"><span aria-hidden=\"true\" class=\"wp-block-cover__background has-nv-dark-bg-background-color has-background-dim\"><\/span><img loading=\"lazy\" decoding=\"async\" width=\"1920\" height=\"1280\" class=\"wp-block-cover__image-background wp-image-982\" alt=\"\" src=\"https:\/\/outdoorsosapp.com\/wp-content\/uploads\/2023\/04\/WhatsApp-Image-2022-07-06-at-10.42.05-PM-2.jpeg\" data-object-fit=\"cover\" srcset=\"https:\/\/outdoorsosapp.com\/wp-content\/uploads\/2023\/04\/WhatsApp-Image-2022-07-06-at-10.42.05-PM-2.jpeg 1920w, https:\/\/outdoorsosapp.com\/wp-content\/uploads\/2023\/04\/WhatsApp-Image-2022-07-06-at-10.42.05-PM-2-300x200.jpeg 300w, https:\/\/outdoorsosapp.com\/wp-content\/uploads\/2023\/04\/WhatsApp-Image-2022-07-06-at-10.42.05-PM-2-1024x683.jpeg 1024w, https:\/\/outdoorsosapp.com\/wp-content\/uploads\/2023\/04\/WhatsApp-Image-2022-07-06-at-10.42.05-PM-2-768x512.jpeg 768w, https:\/\/outdoorsosapp.com\/wp-content\/uploads\/2023\/04\/WhatsApp-Image-2022-07-06-at-10.42.05-PM-2-1536x1024.jpeg 1536w, https:\/\/outdoorsosapp.com\/wp-content\/uploads\/2023\/04\/WhatsApp-Image-2022-07-06-at-10.42.05-PM-2-18x12.jpeg 18w, https:\/\/outdoorsosapp.com\/wp-content\/uploads\/2023\/04\/WhatsApp-Image-2022-07-06-at-10.42.05-PM-2-930x620.jpeg 930w\" sizes=\"auto, (max-width: 1920px) 100vw, 1920px\" \/><div class=\"wp-block-cover__inner-container is-layout-flow wp-block-cover-is-layout-flow\">\n<div style=\"height:80px\" aria-hidden=\"true\" class=\"wp-block-spacer\"><\/div>\n\n\n\n<h3 class=\"wp-block-heading has-text-align-center has-nv-text-dark-bg-color has-text-color\">\u00ab Vouloir aider les autres est un don et un talent, nous ne pouvons que leur fournir les meilleurs outils !<\/h3>\n\n\n\n<div style=\"height:80px\" aria-hidden=\"true\" class=\"wp-block-spacer\"><\/div>\n<\/div><\/div>","protected":false},"excerpt":{"rendered":"<p>Regardez la vid\u00e9o de d\u00e9monstration<\/p>","protected":false},"author":1,"featured_media":0,"parent":0,"menu_order":0,"comment_status":"closed","ping_status":"closed","template":"","meta":{"neve_meta_sidebar":"full-width","neve_meta_container":"","neve_meta_enable_content_width":"on","neve_meta_content_width":100,"neve_meta_title_alignment":"","neve_meta_author_avatar":"","neve_post_elements_order":"","neve_meta_disable_header":"","neve_meta_disable_footer":"","neve_meta_disable_title":"on","footnotes":""},"class_list":["post-964","page","type-page","status-publish","hentry"],"_links":{"self":[{"href":"https:\/\/outdoorsosapp.com\/fr\/wp-json\/wp\/v2\/pages\/964","targetHints":{"allow":["GET"]}}],"collection":[{"href":"https:\/\/outdoorsosapp.com\/fr\/wp-json\/wp\/v2\/pages"}],"about":[{"href":"https:\/\/outdoorsosapp.com\/fr\/wp-json\/wp\/v2\/types\/page"}],"author":[{"embeddable":true,"href":"https:\/\/outdoorsosapp.com\/fr\/wp-json\/wp\/v2\/users\/1"}],"replies":[{"embeddable":true,"href":"https:\/\/outdoorsosapp.com\/fr\/wp-json\/wp\/v2\/comments?post=964"}],"version-history":[{"count":12,"href":"https:\/\/outdoorsosapp.com\/fr\/wp-json\/wp\/v2\/pages\/964\/revisions"}],"predecessor-version":[{"id":1071,"href":"https:\/\/outdoorsosapp.com\/fr\/wp-json\/wp\/v2\/pages\/964\/revisions\/1071"}],"wp:attachment":[{"href":"https:\/\/outdoorsosapp.com\/fr\/wp-json\/wp\/v2\/media?parent=964"}],"curies":[{"name":"wp","href":"https:\/\/api.w.org\/{rel}","templated":true}]}}