{"id":833,"date":"2022-08-02T10:16:10","date_gmt":"2022-08-02T10:16:10","guid":{"rendered":"https:\/\/outdoorsosapp.com\/?page_id=833"},"modified":"2022-08-02T11:13:23","modified_gmt":"2022-08-02T11:13:23","slug":"disclaimer","status":"publish","type":"page","link":"https:\/\/outdoorsosapp.com\/fr\/disclaimer\/","title":{"rendered":"Clause de non-responsabilit\u00e9"},"content":{"rendered":"<div class=\"wp-block-cover alignfull\" style=\"min-height:505px;aspect-ratio:unset;\"><span aria-hidden=\"true\" class=\"wp-block-cover__background has-background-dim\"><\/span><img loading=\"lazy\" decoding=\"async\" width=\"1920\" height=\"1080\" class=\"wp-block-cover__image-background wp-image-823\" alt=\"\" src=\"https:\/\/outdoorsosapp.com\/wp-content\/uploads\/2022\/08\/oSOSa_Legal.jpg\" data-object-fit=\"cover\" srcset=\"https:\/\/outdoorsosapp.com\/wp-content\/uploads\/2022\/08\/oSOSa_Legal.jpg 1920w, https:\/\/outdoorsosapp.com\/wp-content\/uploads\/2022\/08\/oSOSa_Legal-300x169.jpg 300w, https:\/\/outdoorsosapp.com\/wp-content\/uploads\/2022\/08\/oSOSa_Legal-1024x576.jpg 1024w, https:\/\/outdoorsosapp.com\/wp-content\/uploads\/2022\/08\/oSOSa_Legal-768x432.jpg 768w, https:\/\/outdoorsosapp.com\/wp-content\/uploads\/2022\/08\/oSOSa_Legal-1536x864.jpg 1536w, https:\/\/outdoorsosapp.com\/wp-content\/uploads\/2022\/08\/oSOSa_Legal-18x10.jpg 18w\" sizes=\"auto, (max-width: 1920px) 100vw, 1920px\" \/><div class=\"wp-block-cover__inner-container is-layout-flow wp-block-cover-is-layout-flow\">\n<h1 class=\"has-nv-site-bg-color has-text-color wp-block-heading\">Clause de non-responsabilit\u00e9<\/h1>\n<\/div><\/div>\n\n\n\n<div style=\"height:30px\" aria-hidden=\"true\" class=\"wp-block-spacer\"><\/div>\n\n\n\n<h3 class=\"wp-block-heading\">Que dois-je savoir lorsque je visite le site Web?<\/h3>\n\n\n\n<p><strong>Informations<\/strong><br>Le site Web ne contient que des informations g\u00e9n\u00e9rales. Pour un conseil personnalis\u00e9, veuillez nous contacter. Nous sommes heureux de vous aider!Op de website staat alleen algemene informatie. Pour un conseil personnalis\u00e9, vous pouvez contacter les op\u00e9rateurs. Nous vous aidons graag\u00a0!<\/p>\n\n\n\n<p><strong>Accessibilit\u00e9 du site<\/strong><br>Nous mettons tout en \u0153uvre pour assurer la disponibilit\u00e9 du site Web. Le site Web est temporairement indisponible et vous subissez des dommages en cons\u00e9quence ? Dans ce cas, Outdoor SOS App\u00ae n&#039;est pas responsable.<\/p>\n\n\n\n<p><strong>Erreurs sur le site<\/strong><br>Nous veillons \u00e0 ce que les informations pr\u00e9sentes sur le site soient aussi fiables que possible. Les informations sur le site Web ne sont-elles pas (plus) correctes et subissez-vous des dommages en cons\u00e9quence\u00a0? Dans ce cas, Outdoor SOS App\u00ae n&#039;est pas responsable.<\/p>\n\n\n\n<p><strong>Royalties<\/strong><br>Toutes les informations sur le site Web, le design, le style de la maison et les logos proviennent de Outdoor SOS App\u00ae. Vous pouvez utiliser les informations du site \u00e0 des fins priv\u00e9es, par exemple pour un article ou un blog priv\u00e9. Dans ce cas, indiquez que vous avez trouv\u00e9 les informations sur www.abnamro.nl. Vous ne pouvez pas modifier les textes du site Web. Vous souhaitez utiliser les informations du site \u00e0 des fins commerciales ? Ensuite, vous devez d&#039;abord demander l&#039;autorisation \u00e0 Outdoor SOS App\u00ae.<\/p>\n\n\n\n<p><strong>Sites Web des autres<\/strong><br>Parfois, nous renvoyons \u00e0 un autre site Web, par exemple via un lien hypertexte. En cliquant sur le lien, vous serez redirig\u00e9 vers le site Web de quelqu&#039;un d&#039;autre. Nous n&#039;avons pas v\u00e9rifi\u00e9 les informations sur les sites Web des autres et n&#039;en sommes pas responsables. Nos r\u00e8gles concernant votre vie priv\u00e9e ne s&#039;appliquent pas aux sites Web des autres.<\/p>\n\n\n\n<p><strong>Espace Economique Europ\u00e9en &amp; Suisse<\/strong><br>Les informations sur le site sont destin\u00e9es \u00e0 l&#039;Espace \u00e9conomique europ\u00e9en et \u00e0 la Suisse. D&#039;autres r\u00e8gles peuvent s&#039;appliquer \u00e0 l&#039;\u00e9tranger.<\/p>\n\n\n\n<p><strong>Changements<\/strong><br>Nous pouvons modifier les r\u00e8gles de la clause de non-responsabilit\u00e9.<\/p>","protected":false},"excerpt":{"rendered":"<p>Que dois-je savoir lorsque je visite le site Web ? InformationsLe site Web contient uniquement des informations g\u00e9n\u00e9rales. Pour des conseils personnalis\u00e9s, veuillez nous contacter. Nous sommes heureux de vous aider !Le site Web contient toutes les informations g\u00e9n\u00e9rales. Pour des conseils personnels, vous pouvez rencontrer nos contacts. Nous vous aidons \u00e0 r\u00e9ussir\u00a0! Accessibilit\u00e9 du site WebNous faisons tout\u2026&nbsp;<a href=\"https:\/\/outdoorsosapp.com\/fr\/disclaimer\/\" rel=\"bookmark\">Lire la suite \u00bb<span class=\"screen-reader-text\">Clause de non-responsabilit\u00e9<\/span><\/a><\/p>","protected":false},"author":1,"featured_media":0,"parent":0,"menu_order":0,"comment_status":"closed","ping_status":"closed","template":"","meta":{"neve_meta_sidebar":"default","neve_meta_container":"","neve_meta_enable_content_width":"on","neve_meta_content_width":100,"neve_meta_title_alignment":"","neve_meta_author_avatar":"","neve_post_elements_order":"","neve_meta_disable_header":"","neve_meta_disable_footer":"","neve_meta_disable_title":"on","footnotes":""},"class_list":["post-833","page","type-page","status-publish","hentry"],"_links":{"self":[{"href":"https:\/\/outdoorsosapp.com\/fr\/wp-json\/wp\/v2\/pages\/833","targetHints":{"allow":["GET"]}}],"collection":[{"href":"https:\/\/outdoorsosapp.com\/fr\/wp-json\/wp\/v2\/pages"}],"about":[{"href":"https:\/\/outdoorsosapp.com\/fr\/wp-json\/wp\/v2\/types\/page"}],"author":[{"embeddable":true,"href":"https:\/\/outdoorsosapp.com\/fr\/wp-json\/wp\/v2\/users\/1"}],"replies":[{"embeddable":true,"href":"https:\/\/outdoorsosapp.com\/fr\/wp-json\/wp\/v2\/comments?post=833"}],"version-history":[{"count":5,"href":"https:\/\/outdoorsosapp.com\/fr\/wp-json\/wp\/v2\/pages\/833\/revisions"}],"predecessor-version":[{"id":850,"href":"https:\/\/outdoorsosapp.com\/fr\/wp-json\/wp\/v2\/pages\/833\/revisions\/850"}],"wp:attachment":[{"href":"https:\/\/outdoorsosapp.com\/fr\/wp-json\/wp\/v2\/media?parent=833"}],"curies":[{"name":"wp","href":"https:\/\/api.w.org\/{rel}","templated":true}]}}