{"id":828,"date":"2022-08-02T10:10:52","date_gmt":"2022-08-02T10:10:52","guid":{"rendered":"https:\/\/outdoorsosapp.com\/?page_id=828"},"modified":"2022-08-05T07:13:19","modified_gmt":"2022-08-05T07:13:19","slug":"privacy-and-cookies","status":"publish","type":"page","link":"https:\/\/outdoorsosapp.com\/fr\/privacy-and-cookies\/","title":{"rendered":"Confidentialit\u00e9 et cookies"},"content":{"rendered":"<div class=\"wp-block-cover alignfull\" style=\"min-height:505px;aspect-ratio:unset;\"><span aria-hidden=\"true\" class=\"wp-block-cover__background has-background-dim\"><\/span><img loading=\"lazy\" decoding=\"async\" width=\"1920\" height=\"1080\" class=\"wp-block-cover__image-background wp-image-823\" alt=\"\" src=\"https:\/\/outdoorsosapp.com\/wp-content\/uploads\/2022\/08\/oSOSa_Legal.jpg\" data-object-fit=\"cover\" srcset=\"https:\/\/outdoorsosapp.com\/wp-content\/uploads\/2022\/08\/oSOSa_Legal.jpg 1920w, https:\/\/outdoorsosapp.com\/wp-content\/uploads\/2022\/08\/oSOSa_Legal-300x169.jpg 300w, https:\/\/outdoorsosapp.com\/wp-content\/uploads\/2022\/08\/oSOSa_Legal-1024x576.jpg 1024w, https:\/\/outdoorsosapp.com\/wp-content\/uploads\/2022\/08\/oSOSa_Legal-768x432.jpg 768w, https:\/\/outdoorsosapp.com\/wp-content\/uploads\/2022\/08\/oSOSa_Legal-1536x864.jpg 1536w, https:\/\/outdoorsosapp.com\/wp-content\/uploads\/2022\/08\/oSOSa_Legal-18x10.jpg 18w\" sizes=\"auto, (max-width: 1920px) 100vw, 1920px\" \/><div class=\"wp-block-cover__inner-container is-layout-flow wp-block-cover-is-layout-flow\">\n<h1 class=\"has-nv-site-bg-color has-text-color wp-block-heading\">Confidentialit\u00e9 et cookies<\/h1>\n<\/div><\/div>\n\n\n\n<div style=\"height:35px\" aria-hidden=\"true\" class=\"wp-block-spacer\"><\/div>\n\n\n\n<h3 class=\"wp-block-heading\">D\u00c9CLARATION DE CONFIDENTIALIT\u00c9 DU SITE WEB \/ MOBILE \/ APP POUR L&#039;ESPACE \u00c9CONOMIQUE EUROP\u00c9EN ET LA SUISSE<\/h3>\n\n\n\n<p id=\"block-07088aa0-e606-4aae-8ca1-730741b1f359\">Les informations sur le site sont destin\u00e9es \u00e0 l&#039;Espace \u00e9conomique europ\u00e9en et \u00e0 la Suisse. D&#039;autres r\u00e8gles peuvent s&#039;appliquer \u00e0 l&#039;\u00e9tranger.<\/p>\n\n\n\n<p>Version du 01 ao\u00fbt 2022<br>La vie priv\u00e9e de tous nos utilisateurs est tr\u00e8s importante pour nous. Lorsque vous, en tant qu&#039;utilisateur de l&#039;application\/du site Web, utilisez le Service, nous (l&#039;\u00e9diteur de l&#039;application\/du site Web) traitons vos donn\u00e9es personnelles. Cette d\u00e9claration de confidentialit\u00e9 et de cookies d\u00e9crit comment nous prot\u00e9geons et traitons vos donn\u00e9es personnelles. Nous vous recommandons de le lire attentivement.<\/p>\n\n\n\n<h3 class=\"wp-block-heading\">Qu&#039;est-ce qui est indiqu\u00e9 dans cette d\u00e9claration de confidentialit\u00e9 et de cookies\u00a0?<\/h3>\n\n\n\n<p>Les parties vous informent dans cette d\u00e9claration de confidentialit\u00e9 et de cookies sur\u00a0:<\/p>\n\n\n\n<ul class=\"wp-block-list\"><li>Les types de donn\u00e9es personnelles trait\u00e9es\u00a0;<\/li><li>Les finalit\u00e9s pour lesquelles les Donn\u00e9es Personnelles sont trait\u00e9es\u00a0;<\/li><li>O\u00f9 les donn\u00e9es personnelles sont trait\u00e9es\u00a0;<\/li><li>Les mesures de s\u00e9curit\u00e9 mises en place pour prot\u00e9ger les Donn\u00e9es Personnelles\u00a0;<\/li><li>Limites de responsabilit\u00e9 vis-\u00e0-vis des tiers ;<\/li><li>Consulter, modifier et supprimer vos donn\u00e9es personnelles\u00a0;<\/li><li>Confidentialit\u00e9 des enfants<\/li><li>S\u00e9curit\u00e9<\/li><li>Modifications de cette d\u00e9claration de confidentialit\u00e9\u00a0;<\/li><li>Que faire si vous avez des questions ou des remarques.<\/li><\/ul>\n\n\n\n<ol class=\"wp-block-list\"><li>Les types de Donn\u00e9es Personnelles trait\u00e9es<br>A. Donn\u00e9es personnelles en utilisant notre Service<br>Afin d&#039;am\u00e9liorer le Service, nous utilisons des Donn\u00e9es anonymes. Ces informations ne seront pas rendues publiques via le Service.<br>B. Informations g\u00e9n\u00e9r\u00e9es automatiquement<br>Comme la plupart des autres sites Web et services en ligne, nous recueillons et traitons des informations g\u00e9n\u00e9r\u00e9es automatiquement sur la fa\u00e7on dont vous utilisez l&#039;application\/le site Web. Les informations recueillies incluent votre adresse IP et\/ou un ID d&#039;appareil unique.<br>Si vous vous inscrivez sp\u00e9cifiquement, l&#039;application\/le site Web peut collecter vos informations de g\u00e9olocalisation. Dans tous les cas, vous pouvez bloquer la collecte de g\u00e9olocalisation via les param\u00e8tres de votre appareil mobile.<br>Si vous acceptez sp\u00e9cifiquement d&#039;autoriser l&#039;acc\u00e8s et la collecte d&#039;informations \u00e0 partir de votre compte de r\u00e9seau social, vos informations personnelles de base dans votre compte de r\u00e9seau social seront collect\u00e9es (telles que votre nom et votre adresse e-mail) ainsi que votre identifiant d&#039;utilisateur de r\u00e9seau social ( mais pas votre mot de passe) et les param\u00e8tres li\u00e9s aux messages que vous avez partag\u00e9s via l&#039;application\/le site Web. Veuillez vous r\u00e9f\u00e9rer \u00e0 la politique de confidentialit\u00e9 du r\u00e9seau social pour plus de d\u00e9tails sur la fa\u00e7on dont vous pouvez d\u00e9finir les pr\u00e9f\u00e9rences de confidentialit\u00e9 de votre compte pour contr\u00f4ler les informations qui peuvent \u00eatre consult\u00e9es et r\u00e9cup\u00e9r\u00e9es.<br>Cela se produit \u00e9galement en ce qui concerne les informations g\u00e9n\u00e9r\u00e9es automatiquement sur la fa\u00e7on dont vous utilisez l&#039;application\/le site Web. Ce type d&#039;informations nous aide \u00e0 mieux comprendre comment l&#039;application est utilis\u00e9e et comment nous pouvons am\u00e9liorer le<br>Service adapt\u00e9 \u00e0 vos besoins en tant qu&#039;utilisateur. Si vous activez les fonctionnalit\u00e9s d&#039;autorisation de l&#039;utilisateur dans l&#039;application\/le site Web, les informations suppl\u00e9mentaires suivantes seront stock\u00e9es\u00a0:<br>\u2022 Nom;<br>\u2022 Adresse e-mail;<br>\u2022 Tranche d&#039;\u00e2ge (facultatif) ;<br>\u2022 Sexe (facultatif);<br>\u2022 Num\u00e9ro de t\u00e9l\u00e9phone (facultatif);<br>\u2022 Informations de profil suppl\u00e9mentaires renvoy\u00e9es par un fournisseur externe tel que Facebook ou LinkedIn.<br>Pour fournir au propri\u00e9taire de l&#039;application\/du site Web des informations sur l&#039;utilisation de l&#039;application\/du site Web, nous collectons \u00e9galement les informations (anonymes) suivantes\u00a0:<br>\u2022 Le moment o\u00f9 vous ouvrez l&#039;application\/le site Web\u00a0;<br>\u2022 Les blocs que vous avez ouverts dans l&#039;application\/le site Web et le temps que vous avez pass\u00e9 dans ce bloc\u00a0;<br>\u2022\u00a0Actions telles que la lecture de musique, l&#039;ouverture d&#039;URL, etc.<br>\u2022 Le moment o\u00f9 vous quittez l&#039;application\/le site Web\u00a0;<br>Remarque : si les fonctions d&#039;autorisation de l&#039;utilisateur sont activ\u00e9es, nous sommes en mesure de vous lier les informations anonymes une fois que vous vous connectez.<br>C. Informations sp\u00e9cifiques<br>Nous pouvons vous demander de vous engager dans certaines activit\u00e9s dans l&#039;application\/le site Web, comme par exemple la carte de fid\u00e9lit\u00e9, les newsletters, la publicit\u00e9, auquel cas il vous sera demand\u00e9 certaines informations personnelles. Ces informations seront stock\u00e9es dans les bases de donn\u00e9es de notre service (y compris les tiers) et seront partag\u00e9es avec nous.<br>Lorsque vous t\u00e9l\u00e9chargez des donn\u00e9es, y compris des photos dans l&#039;application\/le site Web, celles-ci seront partag\u00e9es et pourront \u00eatre consult\u00e9es par tous les autres utilisateurs de l&#039;application\/du site Web.<\/li><li>Les finalit\u00e9s pour lesquelles les Donn\u00e9es Personnelles sont trait\u00e9es ?<br>A. Objectifs<br>Les parties traitent les donn\u00e9es personnelles aux fins suivantes\u00a0:<\/li><\/ol>\n\n\n\n<ul class=\"wp-block-list\"><li>pour vous permettre d&#039;utiliser le Service\u00a0;<\/li><li>pour vous tenir au courant des informations pertinentes sur notre service\u00a0;<\/li><li>pour am\u00e9liorer et\/ou personnaliser le Service\u00a0;<\/li><li>pour vous identifier\/ou personnaliser le Service\u00a0;<\/li><li>pour vous identifier et pr\u00e9venir la fraude\u00a0;<\/li><li>fournir un soutien;<\/li><li>de transmettre vos donn\u00e9es personnelles \u00e0 des tiers, si vous nous l&#039;avez demand\u00e9 ou si nous sommes l\u00e9galement tenus de le faire.<br>B. Transmission de Donn\u00e9es Personnelles \u00e0 des tiers<br>Nous ne vendons, n&#039;\u00e9changeons ni ne louons vos donn\u00e9es personnelles \u00e0 des tiers sans votre consentement pr\u00e9alable. Cependant, nous pouvons fournir vos donn\u00e9es personnelles \u00e0 des tiers, lorsque cela est essentiel pour vous fournir le service ou pour ex\u00e9cuter vos instructions, comme pour effectuer des paiements par le biais de prestataires de paiement pour des services payants.<br>Nous pouvons \u00e9galement fournir des \u00ab\u00a0donn\u00e9es anonymes agr\u00e9g\u00e9es\u00a0\u00bb sur l&#039;utilisation du Service \u00e0 des tiers \u00e0 ces fins, si cela est jug\u00e9 appropri\u00e9. Les \u00ab\u00a0donn\u00e9es anonymes agr\u00e9g\u00e9es\u00a0\u00bb sont des donn\u00e9es qui ne permettent pas de remonter jusqu&#039;\u00e0 vous et qui ne sont donc pas consid\u00e9r\u00e9es comme des donn\u00e9es personnelles. Par exemple, nous pouvons utiliser des donn\u00e9es anonymes agr\u00e9g\u00e9es pour mieux comprendre comment les Utilisateurs utilisent le Service.<br>Dans le cas o\u00f9 nous serions transf\u00e9r\u00e9s \u00e0 un tiers, ou que nous fusionnerions avec un tiers, ou subirions une r\u00e9organisation, vos Donn\u00e9es Personnelles pourront \u00e9galement \u00eatre divulgu\u00e9es et\/ou transf\u00e9r\u00e9es \u00e0 ce tiers. Ce tiers aura le droit de continuer \u00e0 utiliser les donn\u00e9es personnelles et autres informations que vous nous avez fournies.<br>Nous pouvons divulguer vos donn\u00e9es personnelles s&#039;il estime, de bonne foi, qu&#039;il est n\u00e9cessaire de se conformer \u00e0 une ordonnance d&#039;un tribunal, \u00e0 une proc\u00e9dure judiciaire en cours, \u00e0 une citation \u00e0 compara\u00eetre p\u00e9nale ou civile, ou \u00e0 toute autre proc\u00e9dure judiciaire ou demande des autorit\u00e9s charg\u00e9es de l&#039;application de la loi aux Pays-Bas ou pour exercer ses droits l\u00e9gaux ou se d\u00e9fendre contre des r\u00e9clamations l\u00e9gales.<\/li><\/ul>\n\n\n\n<ol class=\"wp-block-list\" start=\"3\"><li>O\u00f9 sont trait\u00e9es les donn\u00e9es personnelles<br>Le Service est fourni en utilisant des services d&#039;h\u00e9bergement dans l&#039;Espace \u00e9conomique europ\u00e9en. Cependant, les donn\u00e9es personnelles trait\u00e9es peuvent \u00eatre transf\u00e9r\u00e9es et stock\u00e9es sur des serveurs g\u00e9r\u00e9s par situ\u00e9s dans un pays en dehors de l&#039;Espace \u00e9conomique europ\u00e9en (EEE), comme les \u00c9tats-Unis d&#039;Am\u00e9rique.<br>Am\u00e9rique. Ces tiers d\u00e9clarent qu&#039;ils doivent adh\u00e9rer aux principes Safe Harbor et qu&#039;ils sont affili\u00e9s au programme Safe Harbor du D\u00e9partement am\u00e9ricain du commerce. Cela signifie qu&#039;il doit y avoir un niveau de protection ad\u00e9quat pour le traitement des donn\u00e9es personnelles par Amazon. Vous acceptez ce transfert et ce traitement en dehors de l&#039;EEE. Nous prendrons toutes les mesures raisonnablement n\u00e9cessaires pour nous assurer que vos donn\u00e9es personnelles sont trait\u00e9es en toute s\u00e9curit\u00e9 et conform\u00e9ment \u00e0 la pr\u00e9sente politique de confidentialit\u00e9.<\/li><li>Quelles sont les mesures de s\u00e9curit\u00e9 mises en place pour prot\u00e9ger les Donn\u00e9es Personnelles ?<br>La s\u00e9curit\u00e9 de vos donn\u00e9es et de celles des autres Utilisateurs est tr\u00e8s importante pour nous. Nous avons mis en place des mesures techniques et organisationnelles pour prot\u00e9ger vos Donn\u00e9es Personnelles contre la perte ou toute forme de traitement illicite. Nous avons mis en place les mesures suivantes : protection de nos serveurs par pare-feux, connexions SSL et cryptage des donn\u00e9es sensibles. Cette liste n&#039;est pas exhaustive.<\/li><li>Limites de responsabilit\u00e9 vis-\u00e0-vis des tiers<br>Notre Service peut contenir des services et des produits propos\u00e9s par des tiers, et\/ou des liens hypertextes vers des sites Web ou des services de partenaires, d&#039;annonceurs et d&#039;autres tiers.<br>Les parties n&#039;ont aucun contr\u00f4le ou influence sur le contenu, les sites Web ou les services de ces tiers. Diff\u00e9rentes politiques de confidentialit\u00e9 peuvent s&#039;appliquer \u00e0 l&#039;utilisation de sites Web et de services tiers. Cette d\u00e9claration de confidentialit\u00e9 ne concerne que les donn\u00e9es personnelles qui ont \u00e9t\u00e9 obtenues par des parties gr\u00e2ce \u00e0 votre utilisation du service \u00e0 ses propres fins. Les parties d\u00e9clinent toute responsabilit\u00e9 quant au contenu, aux pratiques ou au fonctionnement des sites Web et services de tiers.<\/li><li>Affichage et suppression des donn\u00e9es personnelles<br>Vous pouvez envoyer une demande d&#039;acc\u00e8s ou de suppression des informations personnelles collect\u00e9es via votre utilisation de l&#039;application\/du site Web, en nous contactant par e-mail. Il peut vous \u00eatre demand\u00e9 de fournir des informations suppl\u00e9mentaires pour v\u00e9rifier votre identit\u00e9.<\/li><li>Confidentialit\u00e9 des enfants<br>Les informations personnelles sur les enfants ne sont pas collect\u00e9es sciemment ou intentionnellement.<\/li><li>S\u00e9curit\u00e9<br>Des mesures sont mises en \u0153uvre pour s\u00e9curiser vos informations personnelles, afin de minimiser les risques de dommages, de perte d&#039;informations et d&#039;acc\u00e8s ou d&#039;utilisation non autoris\u00e9s d&#039;informations. Cependant, ces mesures ne sont pas en mesure de fournir une s\u00e9curit\u00e9 absolue des informations. Par cons\u00e9quent, bien que des efforts soient faits pour s\u00e9curiser vos informations personnelles, cela n&#039;est pas garanti et vous ne pouvez pas raisonnablement vous attendre \u00e0 ce que l&#039;application\/le site Web et ses bases de donn\u00e9es associ\u00e9es soient \u00e0 l&#039;abri de tout acte r\u00e9pr\u00e9hensible, dysfonctionnement, interception ou acc\u00e8s non autoris\u00e9, ou d&#039;autres types d&#039;abus et abuser.<\/li><li>Modifications de cette d\u00e9claration de confidentialit\u00e9<br>Cette d\u00e9claration peut \u00eatre mise \u00e0 jour \u00e0 tout moment. Les Parties publieront toute version mise \u00e0 jour de la D\u00e9claration de confidentialit\u00e9 via le Service. Les parties vous encouragent \u00e0 consulter cette page de temps \u00e0 autre pour \u00eatre au courant de tout changement apport\u00e9 \u00e0 cette d\u00e9claration de confidentialit\u00e9 et pour rester inform\u00e9 de la mani\u00e8re dont les parties prot\u00e8gent vos donn\u00e9es personnelles. Vous reconnaissez et acceptez qu&#039;il est de votre responsabilit\u00e9 de consulter p\u00e9riodiquement cette d\u00e9claration de confidentialit\u00e9 et de vous familiariser avec les mises \u00e0 jour.<br>Vous acceptez d&#039;\u00eatre li\u00e9 par toute modification apport\u00e9e \u00e0 cette D\u00e9claration. Votre utilisation continue de l&#039;application\/du site Web apr\u00e8s l&#039;entr\u00e9e en vigueur de la modification indiquera votre acceptation de la d\u00e9claration modifi\u00e9e. Si vous n&#039;\u00eates pas d&#039;accord avec la d\u00e9claration modifi\u00e9e, vous devez d\u00e9sinstaller l&#039;application et \u00e9viter toute utilisation ult\u00e9rieure de celle-ci.<\/li><li>Que faire si vous avez des questions ou des remarques<br>Si vous avez des questions ou des remarques concernant cette d\u00e9claration de confidentialit\u00e9, veuillez nous contacter en envoyant un e-mail.<br>Cette d\u00e9claration de confidentialit\u00e9 et de cookies a \u00e9t\u00e9 mise \u00e0 jour pour la derni\u00e8re fois\u00a0: 01<sup>St<\/sup> d&#039;ao\u00fbt 2022.<\/li><\/ol>","protected":false},"excerpt":{"rendered":"<p>D\u00c9CLARATION DE CONFIDENTIALIT\u00c9 DU SITE WEB \/ MOBILE \/ APP POUR L&#039;ESPACE \u00c9CONOMIQUE EUROP\u00c9EN ET LA SUISSE Les informations sur le site Web sont destin\u00e9es \u00e0 l&#039;Espace \u00e9conomique europ\u00e9en et \u00e0 la Suisse. D&#039;autres r\u00e8gles peuvent s&#039;appliquer \u00e0 l&#039;\u00e9tranger. Version du 01 ao\u00fbt 2022La confidentialit\u00e9 de tous nos utilisateurs est tr\u00e8s importante pour nous. Lorsque vous, en tant qu&#039;utilisateur de l&#039;application\/du site Web, utilisez le Service\u2026&nbsp;<a href=\"https:\/\/outdoorsosapp.com\/fr\/privacy-and-cookies\/\" rel=\"bookmark\">Lire la suite \u00bb<span class=\"screen-reader-text\">Confidentialit\u00e9 et cookies<\/span><\/a><\/p>","protected":false},"author":1,"featured_media":0,"parent":0,"menu_order":0,"comment_status":"closed","ping_status":"closed","template":"","meta":{"neve_meta_sidebar":"default","neve_meta_container":"","neve_meta_enable_content_width":"on","neve_meta_content_width":100,"neve_meta_title_alignment":"","neve_meta_author_avatar":"","neve_post_elements_order":"","neve_meta_disable_header":"","neve_meta_disable_footer":"","neve_meta_disable_title":"on","footnotes":""},"class_list":["post-828","page","type-page","status-publish","hentry"],"_links":{"self":[{"href":"https:\/\/outdoorsosapp.com\/fr\/wp-json\/wp\/v2\/pages\/828","targetHints":{"allow":["GET"]}}],"collection":[{"href":"https:\/\/outdoorsosapp.com\/fr\/wp-json\/wp\/v2\/pages"}],"about":[{"href":"https:\/\/outdoorsosapp.com\/fr\/wp-json\/wp\/v2\/types\/page"}],"author":[{"embeddable":true,"href":"https:\/\/outdoorsosapp.com\/fr\/wp-json\/wp\/v2\/users\/1"}],"replies":[{"embeddable":true,"href":"https:\/\/outdoorsosapp.com\/fr\/wp-json\/wp\/v2\/comments?post=828"}],"version-history":[{"count":16,"href":"https:\/\/outdoorsosapp.com\/fr\/wp-json\/wp\/v2\/pages\/828\/revisions"}],"predecessor-version":[{"id":880,"href":"https:\/\/outdoorsosapp.com\/fr\/wp-json\/wp\/v2\/pages\/828\/revisions\/880"}],"wp:attachment":[{"href":"https:\/\/outdoorsosapp.com\/fr\/wp-json\/wp\/v2\/media?parent=828"}],"curies":[{"name":"wp","href":"https:\/\/api.w.org\/{rel}","templated":true}]}}