{"id":61,"date":"2020-01-23T18:21:52","date_gmt":"2020-01-23T18:21:52","guid":{"rendered":"https:\/\/demosites.io\/web-agency-gb\/?page_id=61"},"modified":"2023-05-17T08:17:53","modified_gmt":"2023-05-17T08:17:53","slug":"about-us","status":"publish","type":"page","link":"https:\/\/outdoorsosapp.com\/fr\/about-us\/","title":{"rendered":"\u00c0 propos de nous"},"content":{"rendered":"<div class=\"wp-block-cover alignfull is-light\" style=\"min-height:702px;aspect-ratio:unset;\"><span aria-hidden=\"true\" class=\"wp-block-cover__background has-background-dim\"><\/span><img loading=\"lazy\" decoding=\"async\" width=\"1984\" height=\"1116\" class=\"wp-block-cover__image-background wp-image-581\" alt=\"\" src=\"https:\/\/outdoorsosapp.com\/wp-content\/uploads\/2022\/07\/oSOSa_About_Us.jpg\" style=\"object-position:36% 45%\" data-object-fit=\"cover\" data-object-position=\"36% 45%\" srcset=\"https:\/\/outdoorsosapp.com\/wp-content\/uploads\/2022\/07\/oSOSa_About_Us.jpg 1984w, https:\/\/outdoorsosapp.com\/wp-content\/uploads\/2022\/07\/oSOSa_About_Us-300x169.jpg 300w, https:\/\/outdoorsosapp.com\/wp-content\/uploads\/2022\/07\/oSOSa_About_Us-1024x576.jpg 1024w, https:\/\/outdoorsosapp.com\/wp-content\/uploads\/2022\/07\/oSOSa_About_Us-768x432.jpg 768w, https:\/\/outdoorsosapp.com\/wp-content\/uploads\/2022\/07\/oSOSa_About_Us-1536x864.jpg 1536w\" sizes=\"auto, (max-width: 1984px) 100vw, 1984px\" \/><div class=\"wp-block-cover__inner-container is-layout-flow wp-block-cover-is-layout-flow\">\n<h1 class=\"wp-block-heading has-nv-site-bg-color has-text-color\">\u00c0 propos de nous<\/h1>\n<\/div><\/div>\n\n\n\n<div class=\"wp-block-cover alignfull\" style=\"min-height:600px;aspect-ratio:unset;\"><span aria-hidden=\"true\" class=\"wp-block-cover__background has-nv-light-bg-background-color has-background-dim-100 has-background-dim\"><\/span><div class=\"wp-block-cover__inner-container is-layout-flow wp-block-cover-is-layout-flow\">\n<div class=\"wp-block-group\"><div class=\"wp-block-group__inner-container is-layout-flow wp-block-group-is-layout-flow\">\n<div style=\"height:80px\" aria-hidden=\"true\" class=\"wp-block-spacer\"><\/div>\n\n\n\n<div class=\"wp-block-columns are-vertically-aligned-center is-layout-flex wp-container-core-columns-is-layout-9d6595d7 wp-block-columns-is-layout-flex\">\n<div class=\"wp-block-column is-vertically-aligned-center is-layout-flow wp-block-column-is-layout-flow\" style=\"flex-basis:50%\">\n<figure class=\"wp-block-image size-large is-resized\"><img loading=\"lazy\" decoding=\"async\" src=\"https:\/\/outdoorsosapp.com\/wp-content\/uploads\/2022\/07\/FrankvandenWildenberg-768x1024.jpg\" alt=\"\" class=\"wp-image-526\" width=\"502\" height=\"668\" srcset=\"https:\/\/outdoorsosapp.com\/wp-content\/uploads\/2022\/07\/FrankvandenWildenberg-768x1024.jpg 768w, https:\/\/outdoorsosapp.com\/wp-content\/uploads\/2022\/07\/FrankvandenWildenberg-225x300.jpg 225w, https:\/\/outdoorsosapp.com\/wp-content\/uploads\/2022\/07\/FrankvandenWildenberg-1152x1536.jpg 1152w, https:\/\/outdoorsosapp.com\/wp-content\/uploads\/2022\/07\/FrankvandenWildenberg-1536x2048.jpg 1536w, https:\/\/outdoorsosapp.com\/wp-content\/uploads\/2022\/07\/FrankvandenWildenberg-scaled.jpg 1920w\" sizes=\"auto, (max-width: 502px) 100vw, 502px\" \/><\/figure>\n<\/div>\n\n\n\n<div class=\"wp-block-column is-vertically-aligned-center is-layout-flow wp-block-column-is-layout-flow\" style=\"flex-basis:50%\">\n<h2 class=\"wp-block-heading has-neve-text-color-color has-text-color\">Notre histoire<\/h2>\n\n\n\n<p class=\"has-neve-text-color-color has-text-color\">En 2017, Frank van den Wildenberg a eu l&#039;id\u00e9e de cr\u00e9er une application de s\u00e9curit\u00e9 pour l&#039;intervention d&#039;urgence au sein des entreprises et des organisations, comme l&#039;exige la loi n\u00e9erlandaise.<\/p>\n\n\n\n<p class=\"has-neve-text-color-color has-text-color\">Ce qui a commenc\u00e9 comme une application d'intervention d'urgence pour le march\u00e9 n\u00e9erlandais est rapidement devenu int\u00e9ressant pour un autre type d'activit\u00e9s n\u00e9cessitant des secours. Lors d'une exp\u00e9rience personnelle r\u00e9cente dans les montagnes fran\u00e7aises, un accident s'est produit devant Franck qui faisait du snowboard sur un site isol\u00e9. <\/p>\n\n\n\n<p class=\"has-neve-text-color-color has-text-color\">Tout ce qui pouvait mal tourner a mal tourn\u00e9. Probl\u00e8mes de langue, probl\u00e8me de localisation et incertitude quant \u00e0 l'aide r\u00e9ellement n\u00e9cessaire. Il a fallu plus de 3 heures avant que le jeune gar\u00e7on de 13 ans, dans la montagne avec seulement un groupe et sans ses parents, soit finalement transport\u00e9 par h\u00e9licopt\u00e8re aux urgences de l'h\u00f4pital d'Alberville (o\u00f9 ils ont confirm\u00e9 la fracture du dos du patient).<\/p>\n\n\n\n<p class=\"has-neve-text-color-color has-text-color\">Fort de cette exp\u00e9rience, Frank a organis\u00e9 un groupe d&#039;experts dans diff\u00e9rents domaines et sp\u00e9cialit\u00e9s et a lanc\u00e9 le projet Outdoor SOS App. La devise \u00ab\u00a0L&#039;aide est toujours \u00e0 proximit\u00e9\u00a0\u00bb devrait \u00e9galement \u00eatre disponible sur tous les lieux de la vie en plein air. <\/p>\n\n\n\n<p class=\"has-neve-text-color-color has-text-color\">Avec l&#039;application Outdoor SOS, un nouveau niveau de s\u00e9curit\u00e9 a \u00e9t\u00e9 cr\u00e9\u00e9 pour tous ceux qui aiment la vie en plein air\u00a0!<\/p>\n<\/div>\n<\/div>\n\n\n\n<div style=\"height:40px\" aria-hidden=\"true\" class=\"wp-block-spacer\"><\/div>\n<\/div><\/div>\n<\/div><\/div>\n\n\n\n<div class=\"wp-block-cover alignfull\" style=\"min-height:600px;aspect-ratio:unset;\"><span aria-hidden=\"true\" class=\"wp-block-cover__background has-nv-dark-bg-background-color has-background-dim\"><\/span><img loading=\"lazy\" decoding=\"async\" width=\"1920\" height=\"1079\" class=\"wp-block-cover__image-background wp-image-568\" alt=\"\" src=\"https:\/\/outdoorsosapp.com\/wp-content\/uploads\/2022\/07\/oSOSa_About_Looking.jpg\" style=\"object-position:85% 16%\" data-object-fit=\"cover\" data-object-position=\"85% 16%\" srcset=\"https:\/\/outdoorsosapp.com\/wp-content\/uploads\/2022\/07\/oSOSa_About_Looking.jpg 1920w, https:\/\/outdoorsosapp.com\/wp-content\/uploads\/2022\/07\/oSOSa_About_Looking-300x169.jpg 300w, https:\/\/outdoorsosapp.com\/wp-content\/uploads\/2022\/07\/oSOSa_About_Looking-1024x575.jpg 1024w, https:\/\/outdoorsosapp.com\/wp-content\/uploads\/2022\/07\/oSOSa_About_Looking-768x432.jpg 768w, https:\/\/outdoorsosapp.com\/wp-content\/uploads\/2022\/07\/oSOSa_About_Looking-1536x863.jpg 1536w\" sizes=\"auto, (max-width: 1920px) 100vw, 1920px\" \/><div class=\"wp-block-cover__inner-container is-layout-flow wp-block-cover-is-layout-flow\">\n<div class=\"wp-block-columns is-layout-flex wp-container-core-columns-is-layout-9d6595d7 wp-block-columns-is-layout-flex\">\n<div class=\"wp-block-column is-layout-flow wp-block-column-is-layout-flow\" style=\"flex-basis:100%\">\n<div class=\"wp-block-group\"><div class=\"wp-block-group__inner-container is-layout-flow wp-block-group-is-layout-flow\">\n<div style=\"height:80px\" aria-hidden=\"true\" class=\"wp-block-spacer\"><\/div>\n\n\n\n<div class=\"wp-block-columns are-vertically-aligned-center is-layout-flex wp-container-core-columns-is-layout-9d6595d7 wp-block-columns-is-layout-flex\">\n<div class=\"wp-block-column is-vertically-aligned-center is-layout-flow wp-block-column-is-layout-flow\" style=\"flex-basis:50%\">\n<h2 class=\"wp-block-heading has-nv-text-dark-bg-color has-text-color\">L&#039;id\u00e9e originale<\/h2>\n\n\n\n<p>Frank van den Wildenberg est le cr\u00e9ateur de l&#039;application SOSHELP-PRO, l&#039;application de s\u00e9curit\u00e9 pour les interventions d&#039;urgence au sein des entreprises et des organisations, comme l&#039;exige la loi n\u00e9erlandaise. <kbd> <\/kbd><\/p>\n\n\n\n<p>Dans son poste de coordinateur s\u00e9curit\u00e9 chez Enexis, il demandait invariablement la m\u00eame chose \u00e0 ses coll\u00e8gues : que faites-vous quand\u2026<\/p>\n\n\n\n<p>Cela devait \u00eatre diff\u00e9rent. Meilleur. Plus simple. Il est donc parti \u00e0 la recherche d&#039;une solution. Ce n&#039;\u00e9tait pas l\u00e0, alors Frank a d\u00e9cid\u00e9 en 2017 de d\u00e9velopper lui-m\u00eame une solution. Ainsi est n\u00e9e l&#039;application SOSHELP-PRO. Aussi simple qu&#039;une bou\u00e9e de sauvetage. <\/p>\n\n\n\n<div class=\"wp-block-group\"><div class=\"wp-block-group__inner-container is-layout-flow wp-block-group-is-layout-flow\">\n<p>Parce que quand quelqu&#039;un tombe \u00e0 l&#039;eau, tout ce que vous avez \u00e0 faire est de lancer la bou\u00e9e de sauvetage et avec cela vous offrez une aide imm\u00e9diate. Sans expertise, sans d\u00e9marches compliqu\u00e9es. C&#039;est ainsi que l&#039;application devait fonctionner. En cas d&#039;urgence, il vous suffit d&#039;appuyer sur le bouton SOS. L&#039;appli fait le reste !<\/p>\n<\/div><\/div>\n\n\n\n<div class=\"wp-block-group\"><div class=\"wp-block-group__inner-container is-layout-flow wp-block-group-is-layout-flow\">\n<div class=\"wp-block-group\"><div class=\"wp-block-group__inner-container is-layout-flow wp-block-group-is-layout-flow\">\n<div class=\"wp-block-group\"><div class=\"wp-block-group__inner-container is-layout-flow wp-block-group-is-layout-flow\">\n<p>En fin de compte, l&#039;application SOSHELP-PRO est une meilleure solution que les applications existantes et fonctionne de la m\u00eame mani\u00e8re, mais souvent \u00e0 un co\u00fbt encore plus bas.<\/p>\n<\/div><\/div>\n<\/div><\/div>\n<\/div><\/div>\n\n\n\n<div style=\"height:20px\" aria-hidden=\"true\" class=\"wp-block-spacer\"><\/div>\n\n\n\n<div class=\"wp-block-buttons is-layout-flex wp-block-buttons-is-layout-flex\">\n<div class=\"wp-block-button is-style-default\"><a class=\"wp-block-button__link wp-element-button\" href=\"https:\/\/outdoorsosapp.com\/fr\/contact-us\/\">NOUS CONTACTER<\/a><\/div>\n<\/div>\n\n\n\n<div style=\"height:20px\" aria-hidden=\"true\" class=\"wp-block-spacer\"><\/div>\n<\/div>\n\n\n\n<div class=\"wp-block-column is-vertically-aligned-center is-layout-flow wp-block-column-is-layout-flow\" style=\"flex-basis:50%\"><\/div>\n<\/div>\n\n\n\n<div style=\"height:40px\" aria-hidden=\"true\" class=\"wp-block-spacer\"><\/div>\n<\/div><\/div>\n<\/div>\n<\/div>\n<\/div><\/div>\n\n\n\n<div class=\"wp-block-cover alignfull\" style=\"min-height:420px;aspect-ratio:unset;\"><span aria-hidden=\"true\" class=\"wp-block-cover__background has-nv-site-bg-background-color has-background-dim-100 has-background-dim\"><\/span><div class=\"wp-block-cover__inner-container is-layout-flow wp-block-cover-is-layout-flow\">\n<div style=\"height:80px\" aria-hidden=\"true\" class=\"wp-block-spacer\"><\/div>\n\n\n\n<div class=\"wp-block-columns is-layout-flex wp-container-core-columns-is-layout-9d6595d7 wp-block-columns-is-layout-flex\">\n<div class=\"wp-block-column ticss-4ce656f1 is-layout-flow wp-block-column-is-layout-flow\">\n<figure class=\"wp-block-image size-full icon-style is-style-rounded\"><img loading=\"lazy\" decoding=\"async\" width=\"72\" height=\"72\" src=\"https:\/\/outdoorsosapp.com\/wp-content\/uploads\/2022\/07\/Mark_approved_oSOSapp.png\" alt=\"\" class=\"wp-image-791\"\/><\/figure>\n\n\n\n<h3 class=\"wp-block-heading has-text-align-left has-text-align-center has-neve-text-color-color has-text-color\">Super Efficace<\/h3>\n\n\n\n<p class=\"has-text-align-left has-neve-text-color-color has-text-color\" style=\"font-size:15px\">Plus elle est efficace, plus de vies peuvent \u00eatre sauv\u00e9es.<\/p>\n\n\n\n<div style=\"height:20px\" aria-hidden=\"true\" class=\"wp-block-spacer\"><\/div>\n<\/div>\n\n\n\n<div class=\"wp-block-column ticss-f6fc7494 is-layout-flow wp-block-column-is-layout-flow\">\n<figure class=\"wp-block-image size-full icon-style is-style-rounded\"><img loading=\"lazy\" decoding=\"async\" width=\"72\" height=\"72\" src=\"http:\/\/outdoorsosapp.com\/wp-content\/uploads\/2022\/07\/Mark_approved_oSOSapp.png\" alt=\"\" class=\"wp-image-791\"\/><\/figure>\n\n\n\n<h3 class=\"wp-block-heading has-text-align-left has-text-align-center has-neve-text-color-color has-text-color\">Profond\u00e9ment engag\u00e9<\/h3>\n\n\n\n<p class=\"has-text-align-left has-neve-text-color-color has-text-color\" style=\"font-size:15px\">Sauver des vies est notre c\u0153ur de m\u00e9tier.<\/p>\n\n\n\n<div style=\"height:20px\" aria-hidden=\"true\" class=\"wp-block-spacer\"><\/div>\n<\/div>\n\n\n\n<div class=\"wp-block-column ticss-a5b4df29 is-layout-flow wp-block-column-is-layout-flow\">\n<figure class=\"wp-block-image size-full icon-style is-style-rounded\"><img loading=\"lazy\" decoding=\"async\" width=\"72\" height=\"72\" src=\"http:\/\/outdoorsosapp.com\/wp-content\/uploads\/2022\/07\/Mark_approved_oSOSapp.png\" alt=\"\" class=\"wp-image-791\"\/><\/figure>\n\n\n\n<h3 class=\"wp-block-heading has-text-align-left has-text-align-center has-neve-text-color-color has-text-color\">Facile \u00e0 utiliser<\/h3>\n\n\n\n<p class=\"has-text-align-left has-neve-text-color-color has-text-color\" style=\"font-size:15px\">En cas d&#039;urgence, il vous suffit d&#039;appuyer sur le bouton SOS.<\/p>\n\n\n\n<div style=\"height:20px\" aria-hidden=\"true\" class=\"wp-block-spacer\"><\/div>\n<\/div>\n<\/div>\n\n\n\n<div style=\"height:30px\" aria-hidden=\"true\" class=\"wp-block-spacer\"><\/div>\n<\/div><\/div>\n\n\n\n<div class=\"wp-block-cover alignfull\" style=\"min-height:600px;aspect-ratio:unset;\"><span aria-hidden=\"true\" class=\"wp-block-cover__background has-nv-light-bg-background-color has-background-dim-100 has-background-dim\"><\/span><div class=\"wp-block-cover__inner-container is-layout-flow wp-block-cover-is-layout-flow\">\n<div class=\"wp-block-group\"><div class=\"wp-block-group__inner-container is-layout-flow wp-block-group-is-layout-flow\">\n<div style=\"height:80px\" aria-hidden=\"true\" class=\"wp-block-spacer\"><\/div>\n\n\n\n<div class=\"wp-block-columns is-layout-flex wp-container-core-columns-is-layout-9d6595d7 wp-block-columns-is-layout-flex\">\n<div class=\"wp-block-column is-layout-flow wp-block-column-is-layout-flow\"><div class=\"wp-block-image is-style-default\">\n<figure class=\"aligncenter size-large\"><img loading=\"lazy\" decoding=\"async\" width=\"1024\" height=\"991\" src=\"http:\/\/outdoorsosapp.com\/wp-content\/uploads\/2022\/07\/Eddepet-1024x991.jpg\" alt=\"\" class=\"wp-image-561\" srcset=\"https:\/\/outdoorsosapp.com\/wp-content\/uploads\/2022\/07\/Eddepet-1024x991.jpg 1024w, https:\/\/outdoorsosapp.com\/wp-content\/uploads\/2022\/07\/Eddepet-300x290.jpg 300w, https:\/\/outdoorsosapp.com\/wp-content\/uploads\/2022\/07\/Eddepet-768x743.jpg 768w, https:\/\/outdoorsosapp.com\/wp-content\/uploads\/2022\/07\/Eddepet.jpg 1489w\" sizes=\"auto, (max-width: 1024px) 100vw, 1024px\" \/><\/figure><\/div>\n\n\n<h3 class=\"wp-block-heading has-text-align-center has-neve-text-color-color has-text-color\">Edsard Kok<\/h3>\n\n\n\n<p class=\"has-text-align-center has-neve-text-color-color has-text-color\">Chef de projet senior<\/p>\n\n\n\n<ul class=\"wp-block-social-links aligncenter is-layout-flex wp-block-social-links-is-layout-flex\"><li class=\"wp-social-link wp-social-link-linkedin  wp-block-social-link\"><a rel=\"noopener nofollow\" target=\"_blank\" href=\"https:\/\/www.linkedin.com\/in\/edsard-kok\/\" class=\"wp-block-social-link-anchor\"><svg width=\"24\" height=\"24\" viewbox=\"0 0 24 24\" version=\"1.1\" xmlns=\"http:\/\/www.w3.org\/2000\/svg\" aria-hidden=\"true\" focusable=\"false\"><path d=\"M19.7,3H4.3C3.582,3,3,3.582,3,4.3v15.4C3,20.418,3.582,21,4.3,21h15.4c0.718,0,1.3-0.582,1.3-1.3V4.3 C21,3.582,20.418,3,19.7,3z M8.339,18.338H5.667v-8.59h2.672V18.338z M7.004,8.574c-0.857,0-1.549-0.694-1.549-1.548 c0-0.855,0.691-1.548,1.549-1.548c0.854,0,1.547,0.694,1.547,1.548C8.551,7.881,7.858,8.574,7.004,8.574z M18.339,18.338h-2.669 v-4.177c0-0.996-0.017-2.278-1.387-2.278c-1.389,0-1.601,1.086-1.601,2.206v4.249h-2.667v-8.59h2.559v1.174h0.037 c0.356-0.675,1.227-1.387,2.526-1.387c2.703,0,3.203,1.779,3.203,4.092V18.338z\"><\/path><\/svg><span class=\"wp-block-social-link-label screen-reader-text\">LinkedIn<\/span><\/a><\/li><\/ul>\n\n\n\n<div style=\"height:40px\" aria-hidden=\"true\" class=\"wp-block-spacer\"><\/div>\n<\/div>\n\n\n\n<div class=\"wp-block-column is-layout-flow wp-block-column-is-layout-flow\"><div class=\"wp-block-image is-style-default\">\n<figure class=\"aligncenter size-large\"><img loading=\"lazy\" decoding=\"async\" width=\"1024\" height=\"989\" src=\"http:\/\/outdoorsosapp.com\/wp-content\/uploads\/2022\/07\/FrankvandenWildenberg-1-scaled-e1658434271803-1024x989.jpg\" alt=\"\" class=\"wp-image-564\" srcset=\"https:\/\/outdoorsosapp.com\/wp-content\/uploads\/2022\/07\/FrankvandenWildenberg-1-scaled-e1658434271803-1024x989.jpg 1024w, https:\/\/outdoorsosapp.com\/wp-content\/uploads\/2022\/07\/FrankvandenWildenberg-1-scaled-e1658434271803-300x290.jpg 300w, https:\/\/outdoorsosapp.com\/wp-content\/uploads\/2022\/07\/FrankvandenWildenberg-1-scaled-e1658434271803-768x742.jpg 768w, https:\/\/outdoorsosapp.com\/wp-content\/uploads\/2022\/07\/FrankvandenWildenberg-1-scaled-e1658434271803.jpg 1491w\" sizes=\"auto, (max-width: 1024px) 100vw, 1024px\" \/><\/figure><\/div>\n\n\n<h3 class=\"wp-block-heading has-text-align-center has-neve-text-color-color has-text-color\">Franck van den Wildenberg<\/h3>\n\n\n\n<p class=\"has-text-align-center has-neve-text-color-color has-text-color\">Fondateur<\/p>\n\n\n\n<ul class=\"wp-block-social-links aligncenter is-layout-flex wp-block-social-links-is-layout-flex\"><li class=\"wp-social-link wp-social-link-facebook  wp-block-social-link\"><a rel=\"noopener nofollow\" target=\"_blank\" href=\"https:\/\/www.facebook.com\/Soshelp.nl\" class=\"wp-block-social-link-anchor\"><svg width=\"24\" height=\"24\" viewbox=\"0 0 24 24\" version=\"1.1\" xmlns=\"http:\/\/www.w3.org\/2000\/svg\" aria-hidden=\"true\" focusable=\"false\"><path d=\"M12 2C6.5 2 2 6.5 2 12c0 5 3.7 9.1 8.4 9.9v-7H7.9V12h2.5V9.8c0-2.5 1.5-3.9 3.8-3.9 1.1 0 2.2.2 2.2.2v2.5h-1.3c-1.2 0-1.6.8-1.6 1.6V12h2.8l-.4 2.9h-2.3v7C18.3 21.1 22 17 22 12c0-5.5-4.5-10-10-10z\"><\/path><\/svg><span class=\"wp-block-social-link-label screen-reader-text\">Facebook<\/span><\/a><\/li>\n\n<li class=\"wp-social-link wp-social-link-linkedin  wp-block-social-link\"><a rel=\"noopener nofollow\" target=\"_blank\" href=\"https:\/\/linkedin.com\/in\/frank-van-den-wildenberg-5ab82616\" class=\"wp-block-social-link-anchor\"><svg width=\"24\" height=\"24\" viewbox=\"0 0 24 24\" version=\"1.1\" xmlns=\"http:\/\/www.w3.org\/2000\/svg\" aria-hidden=\"true\" focusable=\"false\"><path d=\"M19.7,3H4.3C3.582,3,3,3.582,3,4.3v15.4C3,20.418,3.582,21,4.3,21h15.4c0.718,0,1.3-0.582,1.3-1.3V4.3 C21,3.582,20.418,3,19.7,3z M8.339,18.338H5.667v-8.59h2.672V18.338z M7.004,8.574c-0.857,0-1.549-0.694-1.549-1.548 c0-0.855,0.691-1.548,1.549-1.548c0.854,0,1.547,0.694,1.547,1.548C8.551,7.881,7.858,8.574,7.004,8.574z M18.339,18.338h-2.669 v-4.177c0-0.996-0.017-2.278-1.387-2.278c-1.389,0-1.601,1.086-1.601,2.206v4.249h-2.667v-8.59h2.559v1.174h0.037 c0.356-0.675,1.227-1.387,2.526-1.387c2.703,0,3.203,1.779,3.203,4.092V18.338z\"><\/path><\/svg><span class=\"wp-block-social-link-label screen-reader-text\">LinkedIn<\/span><\/a><\/li><\/ul>\n\n\n\n<div style=\"height:40px\" aria-hidden=\"true\" class=\"wp-block-spacer\"><\/div>\n<\/div>\n\n\n\n<div class=\"wp-block-column is-layout-flow wp-block-column-is-layout-flow\">\n<div style=\"height:40px\" aria-hidden=\"true\" class=\"wp-block-spacer\"><\/div>\n<\/div>\n<\/div>\n\n\n\n<div style=\"height:40px\" aria-hidden=\"true\" class=\"wp-block-spacer\"><\/div>\n<\/div><\/div>\n<\/div><\/div>","protected":false},"excerpt":{"rendered":"","protected":false},"author":1,"featured_media":0,"parent":0,"menu_order":0,"comment_status":"closed","ping_status":"closed","template":"","meta":{"neve_meta_sidebar":"default","neve_meta_container":"default","neve_meta_enable_content_width":"on","neve_meta_content_width":100,"neve_meta_title_alignment":"","neve_meta_author_avatar":"","neve_post_elements_order":"","neve_meta_disable_header":"","neve_meta_disable_footer":"","neve_meta_disable_title":"on","footnotes":""},"class_list":["post-61","page","type-page","status-publish","hentry"],"_links":{"self":[{"href":"https:\/\/outdoorsosapp.com\/fr\/wp-json\/wp\/v2\/pages\/61","targetHints":{"allow":["GET"]}}],"collection":[{"href":"https:\/\/outdoorsosapp.com\/fr\/wp-json\/wp\/v2\/pages"}],"about":[{"href":"https:\/\/outdoorsosapp.com\/fr\/wp-json\/wp\/v2\/types\/page"}],"author":[{"embeddable":true,"href":"https:\/\/outdoorsosapp.com\/fr\/wp-json\/wp\/v2\/users\/1"}],"replies":[{"embeddable":true,"href":"https:\/\/outdoorsosapp.com\/fr\/wp-json\/wp\/v2\/comments?post=61"}],"version-history":[{"count":50,"href":"https:\/\/outdoorsosapp.com\/fr\/wp-json\/wp\/v2\/pages\/61\/revisions"}],"predecessor-version":[{"id":1032,"href":"https:\/\/outdoorsosapp.com\/fr\/wp-json\/wp\/v2\/pages\/61\/revisions\/1032"}],"wp:attachment":[{"href":"https:\/\/outdoorsosapp.com\/fr\/wp-json\/wp\/v2\/media?parent=61"}],"curies":[{"name":"wp","href":"https:\/\/api.w.org\/{rel}","templated":true}]}}