{"id":5,"date":"2020-01-13T11:17:52","date_gmt":"2020-01-13T11:17:52","guid":{"rendered":"https:\/\/demosites.io\/web-agency-gb\/?page_id=5"},"modified":"2023-09-15T09:07:41","modified_gmt":"2023-09-15T09:07:41","slug":"15c42-web-agency-gb-home","status":"publish","type":"page","link":"https:\/\/outdoorsosapp.com\/fr\/","title":{"rendered":"Home"},"content":{"rendered":"<div class=\"wp-block-cover alignfull\" style=\"min-height:900px;aspect-ratio:unset;\"><span aria-hidden=\"true\" class=\"wp-block-cover__background has-background-dim-0 has-background-dim\"><\/span><img loading=\"lazy\" decoding=\"async\" width=\"2560\" height=\"1707\" class=\"wp-block-cover__image-background wp-image-444\" alt=\"\" src=\"http:\/\/outdoorsosapp.com\/wp-content\/uploads\/2022\/07\/oSOSa_home_bg_use-scaled.jpg\" style=\"object-position:50% 64%\" data-object-fit=\"cover\" data-object-position=\"50% 64%\" srcset=\"https:\/\/outdoorsosapp.com\/wp-content\/uploads\/2022\/07\/oSOSa_home_bg_use-scaled.jpg 2560w, https:\/\/outdoorsosapp.com\/wp-content\/uploads\/2022\/07\/oSOSa_home_bg_use-300x200.jpg 300w, https:\/\/outdoorsosapp.com\/wp-content\/uploads\/2022\/07\/oSOSa_home_bg_use-1024x683.jpg 1024w, https:\/\/outdoorsosapp.com\/wp-content\/uploads\/2022\/07\/oSOSa_home_bg_use-768x512.jpg 768w, https:\/\/outdoorsosapp.com\/wp-content\/uploads\/2022\/07\/oSOSa_home_bg_use-1536x1024.jpg 1536w, https:\/\/outdoorsosapp.com\/wp-content\/uploads\/2022\/07\/oSOSa_home_bg_use-2048x1365.jpg 2048w, https:\/\/outdoorsosapp.com\/wp-content\/uploads\/2022\/07\/oSOSa_home_bg_use-930x620.jpg 930w\" sizes=\"auto, (max-width: 2560px) 100vw, 2560px\" \/><div class=\"wp-block-cover__inner-container is-layout-flow wp-block-cover-is-layout-flow\">\n<h1 class=\"wp-block-heading has-text-align-center has-text-color\" style=\"color:#121212\">Et si vous avez besoin d'aide ? <\/h1>\n\n\n\n<p class=\"has-text-align-center has-nv-site-bg-color has-text-color has-medium-font-size\"><strong><em>En appuyant sur le bouton SOS de votre application Outdoor SOS vous entrerez en contact direct avec les services d'urgence !<\/em><\/strong><\/p>\n\n\n\n<div style=\"height:80px\" aria-hidden=\"true\" class=\"wp-block-spacer\"><\/div>\n\n\n\n<p><\/p>\n\n\n\n<p><\/p>\n\n\n\n<p class=\"has-text-align-center has-text-color\" style=\"color:#121212;font-size:17px\"><\/p>\n\n\n\n<div class=\"wp-block-buttons is-horizontal is-content-justification-center is-layout-flex wp-container-core-buttons-is-layout-499968f5 wp-block-buttons-is-layout-flex\">\n<div class=\"wp-block-button is-style-secondary\"><a class=\"wp-block-button__link has-nv-site-bg-color has-text-color wp-element-button\" href=\"https:\/\/outdoorsosapp.com\/fr\/outdoor-sos-app\/\">APPRENDRE ENCORE PLUS<\/a><\/div>\n<\/div>\n\n\n\n<div style=\"height:80px\" aria-hidden=\"true\" class=\"wp-block-spacer\"><\/div>\n\n\n\n<div style=\"height:80px\" aria-hidden=\"true\" class=\"wp-block-spacer\"><\/div>\n<\/div><\/div>\n\n\n\n<div style=\"height:80px\" aria-hidden=\"true\" class=\"wp-block-spacer\"><\/div>\n\n\n\n<div class=\"wp-block-columns is-layout-flex wp-container-core-columns-is-layout-9d6595d7 wp-block-columns-is-layout-flex\">\n<div class=\"wp-block-column is-layout-flow wp-block-column-is-layout-flow\"><div class=\"wp-block-image icon-style is-style-rounded\">\n<figure class=\"aligncenter size-full is-resized\"><img loading=\"lazy\" decoding=\"async\" src=\"https:\/\/outdoorsosapp.com\/wp-content\/uploads\/2022\/07\/easy-to-use-oSOSa.png\" alt=\"\" class=\"wp-image-366\" style=\"width:75px;height:75px\" width=\"75\" height=\"75\" title=\"\" srcset=\"https:\/\/outdoorsosapp.com\/wp-content\/uploads\/2022\/07\/easy-to-use-oSOSa.png 512w, https:\/\/outdoorsosapp.com\/wp-content\/uploads\/2022\/07\/easy-to-use-oSOSa-300x300.png 300w, https:\/\/outdoorsosapp.com\/wp-content\/uploads\/2022\/07\/easy-to-use-oSOSa-150x150.png 150w\" sizes=\"auto, (max-width: 75px) 100vw, 75px\" \/><\/figure><\/div>\n\n\n<h3 class=\"wp-block-heading has-text-align-center has-neve-text-color-color has-text-color\">Facile \u00e0 utiliser<\/h3>\n\n\n\n<p class=\"has-text-align-center\"><br>Si vous avez besoin d'aide, appuyez tout simplement sur le bouton SOS.<\/p>\n\n\n\n<div style=\"height:20px\" aria-hidden=\"true\" class=\"wp-block-spacer\"><\/div>\n<\/div>\n\n\n\n<div class=\"wp-block-column is-layout-flow wp-block-column-is-layout-flow\"><div class=\"wp-block-image icon-style is-style-rounded\">\n<figure class=\"aligncenter size-full is-resized\"><img loading=\"lazy\" decoding=\"async\" src=\"https:\/\/outdoorsosapp.com\/wp-content\/uploads\/2022\/07\/pinpoint_rescue-on-map-oSOSa.png\" alt=\"\" class=\"wp-image-765\" style=\"width:75px;height:75px\" width=\"75\" height=\"75\"\/><\/figure><\/div>\n\n\n<h3 class=\"wp-block-heading has-text-align-center has-neve-text-color-color has-text-color\">Trouver les sauveteurs les plus proches<\/h3>\n\n\n\n<p class=\"has-text-align-center\">Localise en temps r\u00e9el les intervenants d'urgence disponibles les plus proches.<\/p>\n\n\n\n<div style=\"height:20px\" aria-hidden=\"true\" class=\"wp-block-spacer\"><\/div>\n<\/div>\n\n\n\n<div class=\"wp-block-column is-layout-flow wp-block-column-is-layout-flow\"><div class=\"wp-block-image icon-style is-style-rounded\">\n<figure class=\"aligncenter size-full is-resized\"><img loading=\"lazy\" decoding=\"async\" src=\"https:\/\/outdoorsosapp.com\/wp-content\/uploads\/2022\/07\/direct_contact_oSOSa.png\" alt=\"\" class=\"wp-image-367\" style=\"width:43px;height:74px\" width=\"43\" height=\"74\"\/><\/figure><\/div>\n\n\n<h3 class=\"wp-block-heading has-text-align-center has-neve-text-color-color has-text-color\">Contact toujours direct<\/h3>\n\n\n\n<p class=\"has-text-align-center\">Contact vid\u00e9o direct avec les services d'urgence<\/p>\n\n\n\n<div style=\"height:20px\" aria-hidden=\"true\" class=\"wp-block-spacer\"><\/div>\n<\/div>\n\n\n\n<div class=\"wp-block-column is-layout-flow wp-block-column-is-layout-flow\"><div class=\"wp-block-image icon-style is-style-rounded\">\n<figure class=\"aligncenter size-full is-resized\"><img loading=\"lazy\" decoding=\"async\" src=\"https:\/\/outdoorsosapp.com\/wp-content\/uploads\/2022\/07\/help_on_the_way-oSOSa.png\" alt=\"\" class=\"wp-image-368\" style=\"width:75px;height:75px\" width=\"75\" height=\"75\"\/><\/figure><\/div>\n\n\n<h3 class=\"wp-block-heading has-text-align-center has-neve-text-color-color has-text-color\">L&#039;aide est en route<\/h3>\n\n\n\n<p class=\"has-text-align-center\">Gr\u00e2ce au positionnement pr\u00e9cis de l'emplacement, les secours arrivent le plus rapidement possible.<\/p>\n\n\n\n<div style=\"height:20px\" aria-hidden=\"true\" class=\"wp-block-spacer\"><\/div>\n<\/div>\n<\/div>\n\n\n\n<div style=\"height:80px\" aria-hidden=\"true\" class=\"wp-block-spacer\"><\/div>\n\n\n\n<div class=\"wp-block-cover alignfull is-light\" style=\"min-height:600px;aspect-ratio:unset;\"><span aria-hidden=\"true\" class=\"wp-block-cover__background has-nv-light-bg-background-color has-background-dim\"><\/span><img loading=\"lazy\" decoding=\"async\" width=\"1599\" height=\"899\" class=\"wp-block-cover__image-background wp-image-388\" alt=\"\" src=\"http:\/\/outdoorsosapp.com\/wp-content\/uploads\/2022\/07\/oSOSa_Mod5a.jpeg\" data-object-fit=\"cover\" srcset=\"https:\/\/outdoorsosapp.com\/wp-content\/uploads\/2022\/07\/oSOSa_Mod5a.jpeg 1599w, https:\/\/outdoorsosapp.com\/wp-content\/uploads\/2022\/07\/oSOSa_Mod5a-300x169.jpeg 300w, https:\/\/outdoorsosapp.com\/wp-content\/uploads\/2022\/07\/oSOSa_Mod5a-1024x576.jpeg 1024w, https:\/\/outdoorsosapp.com\/wp-content\/uploads\/2022\/07\/oSOSa_Mod5a-768x432.jpeg 768w, https:\/\/outdoorsosapp.com\/wp-content\/uploads\/2022\/07\/oSOSa_Mod5a-1536x864.jpeg 1536w\" sizes=\"auto, (max-width: 1599px) 100vw, 1599px\" \/><div class=\"wp-block-cover__inner-container is-layout-flow wp-block-cover-is-layout-flow\">\n<div class=\"wp-block-group\"><div class=\"wp-block-group__inner-container is-layout-flow wp-block-group-is-layout-flow\">\n<div style=\"height:80px\" aria-hidden=\"true\" class=\"wp-block-spacer\"><\/div>\n\n\n\n<div class=\"wp-block-columns are-vertically-aligned-center is-layout-flex wp-container-core-columns-is-layout-9d6595d7 wp-block-columns-is-layout-flex\">\n<div class=\"wp-block-column is-vertically-aligned-center is-layout-flow wp-block-column-is-layout-flow\" style=\"flex-basis:50%\">\n<figure class=\"wp-block-image size-full\"><img loading=\"lazy\" decoding=\"async\" width=\"600\" height=\"600\" src=\"https:\/\/outdoorsosapp.com\/wp-content\/uploads\/2022\/07\/0102_templ_600x600.png\" alt=\"\" class=\"wp-image-579\" srcset=\"https:\/\/outdoorsosapp.com\/wp-content\/uploads\/2022\/07\/0102_templ_600x600.png 600w, https:\/\/outdoorsosapp.com\/wp-content\/uploads\/2022\/07\/0102_templ_600x600-300x300.png 300w, https:\/\/outdoorsosapp.com\/wp-content\/uploads\/2022\/07\/0102_templ_600x600-150x150.png 150w\" sizes=\"auto, (max-width: 600px) 100vw, 600px\" \/><\/figure>\n<\/div>\n\n\n\n<div class=\"wp-block-column is-vertically-aligned-center is-layout-flow wp-block-column-is-layout-flow\" style=\"flex-basis:50%\">\n<div style=\"height:20px\" aria-hidden=\"true\" class=\"wp-block-spacer\"><\/div>\n\n\n\n<h2 class=\"wp-block-heading has-text-align-left has-neve-text-color-color has-text-color\">l'Appli qui sauve des vies<\/h2>\n\n\n\n<p>Les activit\u00e9s en plein air sont super \u00e0 faire, mais un accident est si vite arriv\u00e9 juste au coin de la rue. Avec l'application Outdoor SOS, vous vous aidez et vous aidez les autres !<br>Assurez-vous de l&#039;avoir \u00e9galement t\u00e9l\u00e9charg\u00e9 !<\/p>\n\n\n\n<p>Ne quittez jamais la maison sans l&#039;application Outdoor SOS\u00a0!<\/p>\n\n\n\n<div class=\"wp-block-buttons is-horizontal is-content-justification-left is-layout-flex wp-container-core-buttons-is-layout-7e5fce0a wp-block-buttons-is-layout-flex\">\n<div class=\"wp-block-button is-style-secondary\"><a class=\"wp-block-button__link wp-element-button\" href=\"https:\/\/outdoorsosapp.com\/fr\/outdoor-sos-app\/\">APPRENDRE ENCORE PLUS<\/a><\/div>\n<\/div>\n<\/div>\n<\/div>\n\n\n\n<div style=\"height:40px\" aria-hidden=\"true\" class=\"wp-block-spacer\"><\/div>\n<\/div><\/div>\n<\/div><\/div>\n\n\n\n<div class=\"wp-block-cover alignfull\" style=\"min-height:600px;aspect-ratio:unset;\"><span aria-hidden=\"true\" class=\"wp-block-cover__background has-nv-site-bg-background-color has-background-dim-100 has-background-dim\"><\/span><div class=\"wp-block-cover__inner-container is-layout-flow wp-block-cover-is-layout-flow\">\n<div class=\"wp-block-group\"><div class=\"wp-block-group__inner-container is-layout-flow wp-block-group-is-layout-flow\">\n<div style=\"height:80px\" aria-hidden=\"true\" class=\"wp-block-spacer\"><\/div>\n\n\n\n<div class=\"wp-block-columns are-vertically-aligned-center is-layout-flex wp-container-core-columns-is-layout-9d6595d7 wp-block-columns-is-layout-flex\">\n<div class=\"wp-block-column is-vertically-aligned-center is-layout-flow wp-block-column-is-layout-flow\" style=\"flex-basis:50%\">\n<h2 class=\"wp-block-heading has-text-align-left has-neve-text-color-color has-text-color\">Facile \u00e0 utiliser<\/h2>\n\n\n\n<p class=\"has-text-align-left has-neve-text-color-color has-text-color\" style=\"font-size:17px\">L'application Outdoor SOS est con\u00e7ue pour \u00eatre utilis\u00e9e sans effort, sur tous les appareils mobiles et pour tout le monde et pour tout le monde.<\/p>\n\n\n\n<p class=\"has-text-align-left has-neve-text-color-color has-text-color\" style=\"font-size:17px\">Avant de partir, il suffit de t\u00e9l\u00e9charger l'application, de se connecter une fois et c'est parti.<\/p>\n\n\n\n<div class=\"wp-block-buttons is-horizontal is-content-justification-left is-layout-flex wp-container-core-buttons-is-layout-7e5fce0a wp-block-buttons-is-layout-flex\">\n<div class=\"wp-block-button is-style-secondary\"><a class=\"wp-block-button__link wp-element-button\" href=\"https:\/\/outdoorsosapp.com\/fr\/outdoor-sos-app\/\">APPRENDRE ENCORE PLUS<\/a><\/div>\n<\/div>\n\n\n\n<div style=\"height:40px\" aria-hidden=\"true\" class=\"wp-block-spacer\"><\/div>\n<\/div>\n\n\n\n<div class=\"wp-block-column is-vertically-aligned-center is-layout-flow wp-block-column-is-layout-flow\" style=\"flex-basis:50%\">\n<figure class=\"wp-block-image size-full\"><img loading=\"lazy\" decoding=\"async\" width=\"600\" height=\"600\" src=\"https:\/\/outdoorsosapp.com\/wp-content\/uploads\/2022\/07\/oSOSa_summer_mountain_hike_600.jpg\" alt=\"\" class=\"wp-image-395\" srcset=\"https:\/\/outdoorsosapp.com\/wp-content\/uploads\/2022\/07\/oSOSa_summer_mountain_hike_600.jpg 600w, https:\/\/outdoorsosapp.com\/wp-content\/uploads\/2022\/07\/oSOSa_summer_mountain_hike_600-300x300.jpg 300w, https:\/\/outdoorsosapp.com\/wp-content\/uploads\/2022\/07\/oSOSa_summer_mountain_hike_600-150x150.jpg 150w\" sizes=\"auto, (max-width: 600px) 100vw, 600px\" \/><\/figure>\n<\/div>\n<\/div>\n\n\n\n<div style=\"height:40px\" aria-hidden=\"true\" class=\"wp-block-spacer\"><\/div>\n<\/div><\/div>\n<\/div><\/div>\n\n\n\n<div class=\"wp-block-cover alignfull\" style=\"min-height:600px;aspect-ratio:unset;\"><span aria-hidden=\"true\" class=\"wp-block-cover__background has-nv-dark-bg-background-color has-background-dim\"><\/span><img loading=\"lazy\" decoding=\"async\" width=\"1599\" height=\"1066\" class=\"wp-block-cover__image-background wp-image-385\" alt=\"\" src=\"http:\/\/outdoorsosapp.com\/wp-content\/uploads\/2022\/07\/oSOSa_Mod3.jpeg\" data-object-fit=\"cover\" srcset=\"https:\/\/outdoorsosapp.com\/wp-content\/uploads\/2022\/07\/oSOSa_Mod3.jpeg 1599w, https:\/\/outdoorsosapp.com\/wp-content\/uploads\/2022\/07\/oSOSa_Mod3-300x200.jpeg 300w, https:\/\/outdoorsosapp.com\/wp-content\/uploads\/2022\/07\/oSOSa_Mod3-1024x683.jpeg 1024w, https:\/\/outdoorsosapp.com\/wp-content\/uploads\/2022\/07\/oSOSa_Mod3-768x512.jpeg 768w, https:\/\/outdoorsosapp.com\/wp-content\/uploads\/2022\/07\/oSOSa_Mod3-1536x1024.jpeg 1536w, https:\/\/outdoorsosapp.com\/wp-content\/uploads\/2022\/07\/oSOSa_Mod3-930x620.jpeg 930w\" sizes=\"auto, (max-width: 1599px) 100vw, 1599px\" \/><div class=\"wp-block-cover__inner-container is-layout-flow wp-block-cover-is-layout-flow\">\n<div class=\"wp-block-group\"><div class=\"wp-block-group__inner-container is-layout-flow wp-block-group-is-layout-flow\">\n<div style=\"height:80px\" aria-hidden=\"true\" class=\"wp-block-spacer\"><\/div>\n\n\n\n<div class=\"wp-block-columns are-vertically-aligned-center is-layout-flex wp-container-core-columns-is-layout-9d6595d7 wp-block-columns-is-layout-flex\">\n<div class=\"wp-block-column is-vertically-aligned-center is-layout-flow wp-block-column-is-layout-flow\" style=\"flex-basis:50%\"><\/div>\n\n\n\n<div class=\"wp-block-column is-vertically-aligned-center is-layout-flow wp-block-column-is-layout-flow\" style=\"flex-basis:50%\">\n<div style=\"height:40px\" aria-hidden=\"true\" class=\"wp-block-spacer\"><\/div>\n\n\n\n<h2 class=\"wp-block-heading has-text-align-left has-nv-text-dark-bg-color has-text-color\">O\u00f9 que vous soyez, vous serez sauv\u00e9 !<\/h2>\n\n\n\n<p class=\"has-text-align-left has-nv-text-dark-bg-color has-text-color\" style=\"font-size:17px\">Gr\u00e2ce \u00e0 la d\u00e9termination pr\u00e9cise de votre position sur une carte num\u00e9rique, les services d'urgence peuvent vous localiser au m<sup>2<\/sup> pr\u00e8s. <\/p>\n\n\n\n<p>Avec l'application Outdoor SOS, vous gagnez un temps pr\u00e9cieux et vous \u00eates aid\u00e9s plus rapidement que jamais !<\/p>\n\n\n\n<div class=\"wp-block-buttons is-horizontal is-content-justification-left is-layout-flex wp-container-core-buttons-is-layout-7e5fce0a wp-block-buttons-is-layout-flex\">\n<div class=\"wp-block-button is-style-default\"><a class=\"wp-block-button__link wp-element-button\" href=\"https:\/\/outdoorsosapp.com\/fr\/outdoor-sos-app\/\">APPRENDRE ENCORE PLUS<\/a><\/div>\n<\/div>\n<\/div>\n<\/div>\n\n\n\n<div style=\"height:50px\" aria-hidden=\"true\" class=\"wp-block-spacer\"><\/div>\n<\/div><\/div>\n<\/div><\/div>\n\n\n\n<div class=\"wp-block-cover alignfull\" style=\"min-height:600px;aspect-ratio:unset;\"><span aria-hidden=\"true\" class=\"wp-block-cover__background has-nv-site-bg-background-color has-background-dim-100 has-background-dim\"><\/span><div class=\"wp-block-cover__inner-container is-layout-flow wp-block-cover-is-layout-flow\">\n<div class=\"wp-block-group\"><div class=\"wp-block-group__inner-container is-layout-flow wp-block-group-is-layout-flow\">\n<div style=\"height:80px\" aria-hidden=\"true\" class=\"wp-block-spacer\"><\/div>\n\n\n\n<h2 class=\"wp-block-heading has-neve-text-color-color has-text-color\">Les images en disent plus que 1000 mots !<\/h2>\n\n\n\n<p class=\"has-nv-dark-bg-color has-text-color\">L'application Outdoor SOS pr\u00e9sente une caract\u00e9ristique unique qu'aucune autre application ne poss\u00e8de. Gr\u00e2ce \u00e0 la connexion vid\u00e9o directe avec les services d'urgence, vous avez l'impression qu'ils sont d\u00e9j\u00e0 \u00e0 c\u00f4t\u00e9 de vous !<\/p>\n\n\n\n<p class=\"has-nv-dark-bg-color has-text-color\">Restez calme et restez en s\u00e9curit\u00e9 ! <\/p>\n\n\n\n<h2 class=\"wp-block-heading has-nv-dark-bg-color has-text-color\">L'aide est toujours \u00e0 proximit\u00e9 !<\/h2>\n\n\n\n<div style=\"height:20px\" aria-hidden=\"true\" class=\"wp-block-spacer\"><\/div>\n\n\n\n<div class=\"wp-block-columns are-vertically-aligned-center is-layout-flex wp-container-core-columns-is-layout-9d6595d7 wp-block-columns-is-layout-flex\">\n<div class=\"wp-block-column is-vertically-aligned-center is-layout-flow wp-block-column-is-layout-flow\" style=\"flex-basis:50%\">\n<figure class=\"wp-block-image size-full\"><img loading=\"lazy\" decoding=\"async\" width=\"600\" height=\"600\" src=\"https:\/\/outdoorsosapp.com\/wp-content\/uploads\/2022\/07\/oSOSa_winter_mountainBike_600.jpg\" alt=\"\" class=\"wp-image-398\" srcset=\"https:\/\/outdoorsosapp.com\/wp-content\/uploads\/2022\/07\/oSOSa_winter_mountainBike_600.jpg 600w, https:\/\/outdoorsosapp.com\/wp-content\/uploads\/2022\/07\/oSOSa_winter_mountainBike_600-300x300.jpg 300w, https:\/\/outdoorsosapp.com\/wp-content\/uploads\/2022\/07\/oSOSa_winter_mountainBike_600-150x150.jpg 150w\" sizes=\"auto, (max-width: 600px) 100vw, 600px\" \/><\/figure>\n\n\n\n<div style=\"height:40px\" aria-hidden=\"true\" class=\"wp-block-spacer\"><\/div>\n<\/div>\n\n\n\n<div class=\"wp-block-column is-vertically-aligned-center is-layout-flow wp-block-column-is-layout-flow\" style=\"flex-basis:50%\">\n<figure class=\"wp-block-image size-full\"><img loading=\"lazy\" decoding=\"async\" width=\"600\" height=\"600\" src=\"https:\/\/outdoorsosapp.com\/wp-content\/uploads\/2022\/07\/oSOSa_directions_600.jpg\" alt=\"\" class=\"wp-image-399\" srcset=\"https:\/\/outdoorsosapp.com\/wp-content\/uploads\/2022\/07\/oSOSa_directions_600.jpg 600w, https:\/\/outdoorsosapp.com\/wp-content\/uploads\/2022\/07\/oSOSa_directions_600-300x300.jpg 300w, https:\/\/outdoorsosapp.com\/wp-content\/uploads\/2022\/07\/oSOSa_directions_600-150x150.jpg 150w\" sizes=\"auto, (max-width: 600px) 100vw, 600px\" \/><\/figure>\n\n\n\n<div style=\"height:40px\" aria-hidden=\"true\" class=\"wp-block-spacer\"><\/div>\n<\/div>\n<\/div>\n\n\n\n<div style=\"height:40px\" aria-hidden=\"true\" class=\"wp-block-spacer\"><\/div>\n<\/div><\/div>\n<\/div><\/div>\n\n\n\n<div class=\"wp-block-cover alignfull\" style=\"min-height:420px;aspect-ratio:unset;\"><span aria-hidden=\"true\" class=\"wp-block-cover__background has-nv-light-bg-background-color has-background-dim-100 has-background-dim\"><\/span><div class=\"wp-block-cover__inner-container is-layout-flow wp-block-cover-is-layout-flow\">\n<div style=\"height:80px\" aria-hidden=\"true\" class=\"wp-block-spacer\"><\/div>\n\n\n\n<div class=\"wp-block-columns is-layout-flex wp-container-core-columns-is-layout-9d6595d7 wp-block-columns-is-layout-flex\">\n<div class=\"wp-block-column ticss-4ce656f1 is-layout-flow wp-block-column-is-layout-flow\">\n<figure class=\"wp-block-image size-large is-resized is-style-rounded\"><img loading=\"lazy\" decoding=\"async\" src=\"http:\/\/outdoorsosapp.com\/wp-content\/uploads\/2020\/12\/neve-web-design-studio-03.1.jpg\" alt=\"\" class=\"wp-image-215\" style=\"width:80px;height:80px\" width=\"80\" height=\"80\"\/><\/figure>\n\n\n\n<p class=\"has-text-align-left has-neve-text-color-color has-text-color\">\u00ab\u00a0En tant que moniteur de snowboard, la s\u00e9curit\u00e9 de mes \u00e9l\u00e8ves et des autres est la priorit\u00e9 num\u00e9ro un. Avec l\u2019application Outdoor SOS toujours \u00e0 mes c\u00f4t\u00e9s, je sais que je peux faire une diff\u00e9rence en termes de rapidit\u00e9 et de s\u00e9curit\u00e9 pour tout le monde\u00a0!\u00a0\u00bb<\/p>\n\n\n\n<p class=\"has-neve-text-color-color has-text-color\">JANET<\/p>\n\n\n\n<div style=\"height:20px\" aria-hidden=\"true\" class=\"wp-block-spacer\"><\/div>\n<\/div>\n\n\n\n<div class=\"wp-block-column ticss-f6fc7494 is-layout-flow wp-block-column-is-layout-flow\">\n<figure class=\"wp-block-image size-large is-resized is-style-rounded\"><img loading=\"lazy\" decoding=\"async\" src=\"http:\/\/outdoorsosapp.com\/wp-content\/uploads\/2020\/12\/neve-web-design-studio-04.1.jpg\" alt=\"\" class=\"wp-image-216\" style=\"width:80px;height:80px\" width=\"80\" height=\"80\"\/><\/figure>\n\n\n\n<p class=\"has-text-align-left has-neve-text-color-color has-text-color\">\u00ab Je fais partie des nombreux secouristes de notre r\u00e9gion. En hiver, il y a beaucoup de monde, mais en \u00e9t\u00e9, il y en a peu, ce qui rend plus difficile la recherche et l&#039;aide des gens. Lorsque nous utilisons l\u2019application Outdoor SOS, nous gagnons beaucoup de temps, du temps que nous pouvons utiliser pour r\u00e9conforter quelqu\u2019un au lieu de chercher avec des h\u00e9licopt\u00e8res\u00a0!\u00a0\u00bb<\/p>\n\n\n\n<p class=\"has-neve-text-color-color has-text-color\">Fran\u00e7ois<\/p>\n\n\n\n<div style=\"height:20px\" aria-hidden=\"true\" class=\"wp-block-spacer\"><\/div>\n<\/div>\n\n\n\n<div class=\"wp-block-column ticss-a5b4df29 is-layout-flow wp-block-column-is-layout-flow\">\n<figure class=\"wp-block-image size-large is-resized is-style-rounded\"><img loading=\"lazy\" decoding=\"async\" src=\"http:\/\/outdoorsosapp.com\/wp-content\/uploads\/2020\/12\/neve-web-design-studio-02.1.jpg\" alt=\"\" class=\"wp-image-214\" style=\"width:80px;height:80px\" width=\"80\" height=\"80\"\/><\/figure>\n\n\n\n<p class=\"has-text-align-left has-neve-text-color-color has-text-color\">\u00ab Pourquoi nous a-t-il fallu si longtemps pour avoir cette remarquable application qui sauve des vies\u00a0? Maintenant que nous l'avons test\u00e9, nous pouvons aider plus rapidement et plus efficacement que jamais et surtout, calmer les personnes dans le besoin d\u00e8s qu'elles vous voient \u00e0 l'\u00e9cran, sachant qu'elles seront bient\u00f4t secourues. Je suis convaincu que cette application fonctionne vraiment !\u00a0\u00bb<\/p>\n\n\n\n<p class=\"has-neve-text-color-color has-text-color\">Olivier<\/p>\n\n\n\n<div style=\"height:20px\" aria-hidden=\"true\" class=\"wp-block-spacer\"><\/div>\n<\/div>\n<\/div>\n\n\n\n<div style=\"height:30px\" aria-hidden=\"true\" class=\"wp-block-spacer\"><\/div>\n<\/div><\/div>\n\n\n\n<div class=\"wp-block-cover alignfull\" style=\"min-height:300px;aspect-ratio:unset;\"><span aria-hidden=\"true\" class=\"wp-block-cover__background has-nv-dark-bg-background-color has-background-dim\"><\/span><img loading=\"lazy\" decoding=\"async\" width=\"1366\" height=\"768\" class=\"wp-block-cover__image-background wp-image-521\" alt=\"\" src=\"https:\/\/outdoorsosapp.com\/wp-content\/uploads\/2022\/07\/oSOSa_border_forest.jpg\" data-object-fit=\"cover\" srcset=\"https:\/\/outdoorsosapp.com\/wp-content\/uploads\/2022\/07\/oSOSa_border_forest.jpg 1366w, https:\/\/outdoorsosapp.com\/wp-content\/uploads\/2022\/07\/oSOSa_border_forest-300x169.jpg 300w, https:\/\/outdoorsosapp.com\/wp-content\/uploads\/2022\/07\/oSOSa_border_forest-1024x576.jpg 1024w, https:\/\/outdoorsosapp.com\/wp-content\/uploads\/2022\/07\/oSOSa_border_forest-768x432.jpg 768w\" sizes=\"auto, (max-width: 1366px) 100vw, 1366px\" \/><div class=\"wp-block-cover__inner-container is-layout-flow wp-block-cover-is-layout-flow\">\n<div style=\"height:140px\" aria-hidden=\"true\" class=\"wp-block-spacer\"><\/div>\n\n\n\n<h2 class=\"wp-block-heading has-text-align-center has-nv-text-dark-bg-color has-text-color\">Aidons-nous les uns les autres et profitons ensemble de la vie en plein air <\/h2>\n\n\n\n<p class=\"has-text-align-center\">Vous pouvez vous aider et aider les autres en t\u00e9l\u00e9chargeant l&#039;application Outdoor SOS et en vous connectant une fois. La vie en plein air suit la r\u00e8gle de l&#039;entraide en cas de besoin. Avec l&#039;application Outdoor SOS, vous pouvez contribuer \u00e0 sauver des vies et \u00e0 profiter ensemble de mani\u00e8re plus responsable. <\/p>\n\n\n\n<div class=\"wp-block-buttons is-horizontal is-content-justification-center is-layout-flex wp-container-core-buttons-is-layout-499968f5 wp-block-buttons-is-layout-flex\">\n<div class=\"wp-block-button is-style-default\"><a class=\"wp-block-button__link wp-element-button\" href=\"https:\/\/outdoorsosapp.com\/fr\/contact-us\/\">NOUS CONTACTER<\/a><\/div>\n<\/div>\n\n\n\n<div style=\"height:140px\" aria-hidden=\"true\" class=\"wp-block-spacer\"><\/div>\n<\/div><\/div>","protected":false},"excerpt":{"rendered":"<p>Facile \u00e0 utiliser Si vous avez besoin d&#039;aide, appuyez simplement sur le bouton SOS. Trouver les sauveteurs les plus proches Localise les sauveteurs d&#039;urgence disponibles les plus proches en temps r\u00e9el. Contact toujours direct Contact vid\u00e9o imm\u00e9diat avec les services d&#039;urgence. L&#039;aide est en route En raison de la pr\u00e9cision du positionnement g\u00e9ographique, l&#039;aide arrive d\u00e8s que possible.<\/p>","protected":false},"author":1,"featured_media":0,"parent":0,"menu_order":0,"comment_status":"closed","ping_status":"closed","template":"","meta":{"neve_meta_sidebar":"default","neve_meta_container":"default","neve_meta_enable_content_width":"on","neve_meta_content_width":100,"neve_meta_title_alignment":"","neve_meta_author_avatar":"","neve_post_elements_order":"","neve_meta_disable_header":"","neve_meta_disable_footer":"","neve_meta_disable_title":"on","footnotes":""},"class_list":["post-5","page","type-page","status-publish","hentry"],"_links":{"self":[{"href":"https:\/\/outdoorsosapp.com\/fr\/wp-json\/wp\/v2\/pages\/5","targetHints":{"allow":["GET"]}}],"collection":[{"href":"https:\/\/outdoorsosapp.com\/fr\/wp-json\/wp\/v2\/pages"}],"about":[{"href":"https:\/\/outdoorsosapp.com\/fr\/wp-json\/wp\/v2\/types\/page"}],"author":[{"embeddable":true,"href":"https:\/\/outdoorsosapp.com\/fr\/wp-json\/wp\/v2\/users\/1"}],"replies":[{"embeddable":true,"href":"https:\/\/outdoorsosapp.com\/fr\/wp-json\/wp\/v2\/comments?post=5"}],"version-history":[{"count":47,"href":"https:\/\/outdoorsosapp.com\/fr\/wp-json\/wp\/v2\/pages\/5\/revisions"}],"predecessor-version":[{"id":1083,"href":"https:\/\/outdoorsosapp.com\/fr\/wp-json\/wp\/v2\/pages\/5\/revisions\/1083"}],"wp:attachment":[{"href":"https:\/\/outdoorsosapp.com\/fr\/wp-json\/wp\/v2\/media?parent=5"}],"curies":[{"name":"wp","href":"https:\/\/api.w.org\/{rel}","templated":true}]}}