{"id":964,"date":"2023-04-06T07:54:04","date_gmt":"2023-04-06T07:54:04","guid":{"rendered":"https:\/\/outdoorsosapp.com\/?page_id=964"},"modified":"2023-07-25T10:12:22","modified_gmt":"2023-07-25T10:12:22","slug":"app-demonstration","status":"publish","type":"page","link":"https:\/\/outdoorsosapp.com\/de\/app-demonstration\/","title":{"rendered":"App-Demonstration"},"content":{"rendered":"<div class=\"wp-block-cover alignfull is-light\" style=\"min-height:579px;aspect-ratio:unset;\"><span aria-hidden=\"true\" class=\"wp-block-cover__background has-background-dim\"><\/span><img loading=\"lazy\" decoding=\"async\" width=\"1599\" height=\"822\" class=\"wp-block-cover__image-background wp-image-965\" alt=\"\" src=\"https:\/\/outdoorsosapp.com\/wp-content\/uploads\/2023\/04\/WhatsApp-Image-2022-07-05-at-10.57.12-PM-2.jpeg\" data-object-fit=\"cover\" srcset=\"https:\/\/outdoorsosapp.com\/wp-content\/uploads\/2023\/04\/WhatsApp-Image-2022-07-05-at-10.57.12-PM-2.jpeg 1599w, https:\/\/outdoorsosapp.com\/wp-content\/uploads\/2023\/04\/WhatsApp-Image-2022-07-05-at-10.57.12-PM-2-300x154.jpeg 300w, https:\/\/outdoorsosapp.com\/wp-content\/uploads\/2023\/04\/WhatsApp-Image-2022-07-05-at-10.57.12-PM-2-1024x526.jpeg 1024w, https:\/\/outdoorsosapp.com\/wp-content\/uploads\/2023\/04\/WhatsApp-Image-2022-07-05-at-10.57.12-PM-2-768x395.jpeg 768w, https:\/\/outdoorsosapp.com\/wp-content\/uploads\/2023\/04\/WhatsApp-Image-2022-07-05-at-10.57.12-PM-2-1536x790.jpeg 1536w, https:\/\/outdoorsosapp.com\/wp-content\/uploads\/2023\/04\/WhatsApp-Image-2022-07-05-at-10.57.12-PM-2-18x9.jpeg 18w\" sizes=\"auto, (max-width: 1599px) 100vw, 1599px\" \/><div class=\"wp-block-cover__inner-container is-layout-flow wp-block-cover-is-layout-flow\">\n<h1 class=\"wp-block-heading has-nv-text-dark-bg-color has-text-color\">Klarheit ist alles, was Sie brauchen!<\/h1>\n<\/div><\/div>\n\n\n\n<div style=\"height:39px\" aria-hidden=\"true\" class=\"wp-block-spacer\"><\/div>\n\n\n\n<h2 class=\"wp-block-heading\">Sehen Sie sich das Demonstrationsvideo an<\/h2>\n\n\n\n<div class=\"wp-block-cover alignfull\" style=\"min-height:600px;aspect-ratio:unset;\"><span aria-hidden=\"true\" class=\"wp-block-cover__background has-nv-light-bg-background-color has-background-dim-100 has-background-dim\"><\/span><div class=\"wp-block-cover__inner-container is-layout-flow wp-block-cover-is-layout-flow\">\n<div class=\"wp-block-group\"><div class=\"wp-block-group__inner-container is-layout-flow wp-block-group-is-layout-flow\">\n<div style=\"height:80px\" aria-hidden=\"true\" class=\"wp-block-spacer\"><\/div>\n\n\n\n<div class=\"wp-block-columns are-vertically-aligned-center is-layout-flex wp-container-core-columns-is-layout-9d6595d7 wp-block-columns-is-layout-flex\">\n<div class=\"wp-block-column is-vertically-aligned-center is-layout-flow wp-block-column-is-layout-flow\" style=\"flex-basis:100%\">\n<figure class=\"wp-block-video\"><video controls src=\"https:\/\/outdoorsosapp.com\/wp-content\/uploads\/2023\/04\/Alarmering-met-Smartphones-SD-480p.mov\"><\/video><\/figure>\n\n\n\n<h3 class=\"wp-block-heading has-text-align-center has-neve-text-color-color has-text-color\">Einfach zu verwenden<\/h3>\n\n\n\n<p class=\"has-text-align-left has-neve-text-color-color has-text-color\">Die Anwendung wurde so entwickelt, dass sie in einer Paniksituation einfach zu bedienen ist, ohne dass zus\u00e4tzliche \u00dcbungen oder Kenntnisse erforderlich sind. <\/p>\n\n\n\n<p class=\"has-nv-dark-bg-color has-text-color\">Das obige Demonstrationsvideo ist die Blaupause f\u00fcr den niederl\u00e4ndischen Markt f\u00fcr Notfalldienste in B\u00fcros und Industrieumgebungen. Da die einzigartigen Grundfunktionen der entwickelten Anwendung universell f\u00fcr alle Situationen sind, in denen Hilfe ben\u00f6tigt wird, findet die Anwendung aufgrund ihrer lebenswichtigen und wesentlichen Merkmale des direkten Videokontakts und der sofortigen Ortung auf einer digitalen Karte auch im Outdoor-Leben Verwendung.<\/p>\n\n\n\n<p class=\"has-nv-dark-bg-color has-text-color\">Mit der Entwicklung der Outdoor SOS App erf\u00fcllen wir einen langj\u00e4hrigen Wunsch von Einsatzkr\u00e4ften, schneller und effektiver zu agieren, ohne hohe Kosten oder komplizierte Abl\u00e4ufe.<\/p>\n\n\n\n<p class=\"has-nv-dark-bg-color has-text-color\">Da die Anwendung selbst f\u00fcr jeden neuen Kunden individuell entwickelt wird, sieht unsere Roadmap die Fertigstellung einer universellen Demonstrationsversion bis sp\u00e4testens Ende 2023 vor.<\/p>\n\n\n\n<p class=\"has-nv-dark-bg-color has-text-color\">Bitte, <a href=\"https:\/\/outdoorsosapp.com\/de\/contact-us\/\" data-type=\"URL\" data-id=\"https:\/\/outdoorsosapp.com\/contact-us\/\">kontaktiere uns<\/a> F\u00fcr weitere Informationen oder eine Lebensdemonstration an Ihrem Standort stehen wir Ihnen jederzeit gerne zur Verf\u00fcgung. <\/p>\n\n\n\n<div class=\"wp-block-buttons is-content-justification-center is-layout-flex wp-container-core-buttons-is-layout-16018d1d wp-block-buttons-is-layout-flex\">\n<div class=\"wp-block-button is-style-primary\"><a class=\"wp-block-button__link wp-element-button\" href=\"https:\/\/outdoorsosapp.com\/de\/app-impression\/\">BILDSCHIRMEINDR\u00dcCKE<\/a><\/div>\n\n\n\n<div class=\"wp-block-button is-style-default\"><a class=\"wp-block-button__link wp-element-button\" href=\"https:\/\/outdoorsosapp.com\/de\/download-brochure\/\">BROSCH\u00dcRE<\/a><\/div>\n<\/div>\n\n\n\n<div style=\"height:63px\" aria-hidden=\"true\" class=\"wp-block-spacer\"><\/div>\n\n\n\n<h2 class=\"wp-block-heading has-nv-dark-bg-color has-text-color\">Ihre Bewerbung<\/h2>\n\n\n\n<p class=\"has-nv-dark-bg-color has-text-color\">Das Demonstrationsvideo ist die niederl\u00e4ndische Version f\u00fcr Emergency Response Services, die Ihnen einen Eindruck von den technischen Funktionen im Einsatz vermittelt. <\/p>\n\n\n\n<p class=\"has-nv-dark-bg-color has-text-color\">Ihre Anwendung wird eine ma\u00dfgeschneiderte Anwendung sein, die auf Ihren W\u00fcnschen basiert. Die auf unserer Website und in unseren Brosch\u00fcren pr\u00e4sentierten Bildschirmimpressionen sollen Ihnen eine Vorstellung davon vermitteln, wie Ihre Anwendung aussehen k\u00f6nnte. <\/p>\n\n\n\n<h2 class=\"wp-block-heading has-nv-dark-bg-color has-text-color\">Zusammen k\u00f6nnen wir<\/h2>\n\n\n\n<p class=\"has-nv-dark-bg-color has-text-color\">Wenn Sie sich f\u00fcr The Outdoor SOS Application entscheiden, werden wir uns gemeinsam auf den Weg machen, um die Anwendung genau nach Ihren Anforderungen und W\u00fcnschen zu entwickeln. Unser technischer Support und unsere Kreativteams f\u00fchren Sie Schritt f\u00fcr Schritt durch die Erstellung Ihrer ma\u00dfgeschneiderten Anwendung.  <\/p>\n\n\n\n<p class=\"has-nv-dark-bg-color has-text-color\">Bitte kontaktieren Sie uns f\u00fcr ein pers\u00f6nliches Gespr\u00e4ch, um alle Optionen zu erfahren, die wir f\u00fcr Sie anbieten k\u00f6nnen.  <\/p>\n\n\n\n<p class=\"has-nv-dark-bg-color has-text-color\">  <\/p>\n\n\n\n<div class=\"wp-block-buttons is-content-justification-center is-layout-flex wp-container-core-buttons-is-layout-16018d1d wp-block-buttons-is-layout-flex\">\n<div class=\"wp-block-button is-style-primary\"><a class=\"wp-block-button__link has-text-align-center wp-element-button\" href=\"https:\/\/outdoorsosapp.com\/de\/contact-us\/\">KONTAKTIERE UNS<\/a><\/div>\n<\/div>\n\n\n\n<div style=\"height:40px\" aria-hidden=\"true\" class=\"wp-block-spacer\"><\/div>\n<\/div>\n<\/div>\n\n\n\n<div style=\"height:40px\" aria-hidden=\"true\" class=\"wp-block-spacer\"><\/div>\n<\/div><\/div>\n<\/div><\/div>\n\n\n\n<div class=\"wp-block-cover alignfull is-light\" style=\"min-height:653px;aspect-ratio:unset;\"><span aria-hidden=\"true\" class=\"wp-block-cover__background has-nv-dark-bg-background-color has-background-dim\"><\/span><img loading=\"lazy\" decoding=\"async\" width=\"1920\" height=\"1280\" class=\"wp-block-cover__image-background wp-image-982\" alt=\"\" src=\"https:\/\/outdoorsosapp.com\/wp-content\/uploads\/2023\/04\/WhatsApp-Image-2022-07-06-at-10.42.05-PM-2.jpeg\" data-object-fit=\"cover\" srcset=\"https:\/\/outdoorsosapp.com\/wp-content\/uploads\/2023\/04\/WhatsApp-Image-2022-07-06-at-10.42.05-PM-2.jpeg 1920w, https:\/\/outdoorsosapp.com\/wp-content\/uploads\/2023\/04\/WhatsApp-Image-2022-07-06-at-10.42.05-PM-2-300x200.jpeg 300w, https:\/\/outdoorsosapp.com\/wp-content\/uploads\/2023\/04\/WhatsApp-Image-2022-07-06-at-10.42.05-PM-2-1024x683.jpeg 1024w, https:\/\/outdoorsosapp.com\/wp-content\/uploads\/2023\/04\/WhatsApp-Image-2022-07-06-at-10.42.05-PM-2-768x512.jpeg 768w, https:\/\/outdoorsosapp.com\/wp-content\/uploads\/2023\/04\/WhatsApp-Image-2022-07-06-at-10.42.05-PM-2-1536x1024.jpeg 1536w, https:\/\/outdoorsosapp.com\/wp-content\/uploads\/2023\/04\/WhatsApp-Image-2022-07-06-at-10.42.05-PM-2-18x12.jpeg 18w, https:\/\/outdoorsosapp.com\/wp-content\/uploads\/2023\/04\/WhatsApp-Image-2022-07-06-at-10.42.05-PM-2-930x620.jpeg 930w\" sizes=\"auto, (max-width: 1920px) 100vw, 1920px\" \/><div class=\"wp-block-cover__inner-container is-layout-flow wp-block-cover-is-layout-flow\">\n<div style=\"height:80px\" aria-hidden=\"true\" class=\"wp-block-spacer\"><\/div>\n\n\n\n<h3 class=\"wp-block-heading has-text-align-center has-nv-text-dark-bg-color has-text-color\">\u201eAnderen helfen zu wollen ist eine Gabe und ein Talent. Wir k\u00f6nnen ihnen nur die besten Werkzeuge zur Verf\u00fcgung stellen!\u201c<\/h3>\n\n\n\n<div style=\"height:80px\" aria-hidden=\"true\" class=\"wp-block-spacer\"><\/div>\n<\/div><\/div>","protected":false},"excerpt":{"rendered":"<p>Sehen Sie sich das Demonstrationsvideo an<\/p>","protected":false},"author":1,"featured_media":0,"parent":0,"menu_order":0,"comment_status":"closed","ping_status":"closed","template":"","meta":{"neve_meta_sidebar":"full-width","neve_meta_container":"","neve_meta_enable_content_width":"on","neve_meta_content_width":100,"neve_meta_title_alignment":"","neve_meta_author_avatar":"","neve_post_elements_order":"","neve_meta_disable_header":"","neve_meta_disable_footer":"","neve_meta_disable_title":"on","footnotes":""},"class_list":["post-964","page","type-page","status-publish","hentry"],"_links":{"self":[{"href":"https:\/\/outdoorsosapp.com\/de\/wp-json\/wp\/v2\/pages\/964","targetHints":{"allow":["GET"]}}],"collection":[{"href":"https:\/\/outdoorsosapp.com\/de\/wp-json\/wp\/v2\/pages"}],"about":[{"href":"https:\/\/outdoorsosapp.com\/de\/wp-json\/wp\/v2\/types\/page"}],"author":[{"embeddable":true,"href":"https:\/\/outdoorsosapp.com\/de\/wp-json\/wp\/v2\/users\/1"}],"replies":[{"embeddable":true,"href":"https:\/\/outdoorsosapp.com\/de\/wp-json\/wp\/v2\/comments?post=964"}],"version-history":[{"count":12,"href":"https:\/\/outdoorsosapp.com\/de\/wp-json\/wp\/v2\/pages\/964\/revisions"}],"predecessor-version":[{"id":1071,"href":"https:\/\/outdoorsosapp.com\/de\/wp-json\/wp\/v2\/pages\/964\/revisions\/1071"}],"wp:attachment":[{"href":"https:\/\/outdoorsosapp.com\/de\/wp-json\/wp\/v2\/media?parent=964"}],"curies":[{"name":"wp","href":"https:\/\/api.w.org\/{rel}","templated":true}]}}