{"id":833,"date":"2022-08-02T10:16:10","date_gmt":"2022-08-02T10:16:10","guid":{"rendered":"https:\/\/outdoorsosapp.com\/?page_id=833"},"modified":"2022-08-02T11:13:23","modified_gmt":"2022-08-02T11:13:23","slug":"disclaimer","status":"publish","type":"page","link":"https:\/\/outdoorsosapp.com\/de\/disclaimer\/","title":{"rendered":"Haftungsausschluss"},"content":{"rendered":"<div class=\"wp-block-cover alignfull\" style=\"min-height:505px;aspect-ratio:unset;\"><span aria-hidden=\"true\" class=\"wp-block-cover__background has-background-dim\"><\/span><img loading=\"lazy\" decoding=\"async\" width=\"1920\" height=\"1080\" class=\"wp-block-cover__image-background wp-image-823\" alt=\"\" src=\"https:\/\/outdoorsosapp.com\/wp-content\/uploads\/2022\/08\/oSOSa_Legal.jpg\" data-object-fit=\"cover\" srcset=\"https:\/\/outdoorsosapp.com\/wp-content\/uploads\/2022\/08\/oSOSa_Legal.jpg 1920w, https:\/\/outdoorsosapp.com\/wp-content\/uploads\/2022\/08\/oSOSa_Legal-300x169.jpg 300w, https:\/\/outdoorsosapp.com\/wp-content\/uploads\/2022\/08\/oSOSa_Legal-1024x576.jpg 1024w, https:\/\/outdoorsosapp.com\/wp-content\/uploads\/2022\/08\/oSOSa_Legal-768x432.jpg 768w, https:\/\/outdoorsosapp.com\/wp-content\/uploads\/2022\/08\/oSOSa_Legal-1536x864.jpg 1536w, https:\/\/outdoorsosapp.com\/wp-content\/uploads\/2022\/08\/oSOSa_Legal-18x10.jpg 18w\" sizes=\"auto, (max-width: 1920px) 100vw, 1920px\" \/><div class=\"wp-block-cover__inner-container is-layout-flow wp-block-cover-is-layout-flow\">\n<h1 class=\"has-nv-site-bg-color has-text-color wp-block-heading\">Haftungsausschluss<\/h1>\n<\/div><\/div>\n\n\n\n<div style=\"height:30px\" aria-hidden=\"true\" class=\"wp-block-spacer\"><\/div>\n\n\n\n<h3 class=\"wp-block-heading\">Was muss ich wissen, wenn ich die Website besuche?<\/h3>\n\n\n\n<p><strong>Information<\/strong><br>Die Website enth\u00e4lt nur allgemeine Informationen. F\u00fcr eine pers\u00f6nliche Beratung kontaktieren Sie uns bitte. Wir helfen Ihnen gerne weiter!Op de website staat allen algemene informatie. Voor een persoonlijk advies, kunt u met ons contact opnemen. Wir helfen dir graag!<\/p>\n\n\n\n<p><strong>Zug\u00e4nglichkeit der Website<\/strong><br>Wir bem\u00fchen uns, die Verf\u00fcgbarkeit der Website sicherzustellen. Ist die Website vor\u00fcbergehend nicht verf\u00fcgbar und Sie erleiden dadurch einen Schaden? Dann haftet Outdoor SOS App\u00ae nicht.<\/p>\n\n\n\n<p><strong>Fehler auf der Website<\/strong><br>Wir stellen sicher, dass die Informationen auf der Website so zuverl\u00e4ssig wie m\u00f6glich sind. Sind die Informationen auf der Website nicht (mehr) korrekt und erleiden Sie dadurch einen Schaden? Dann haftet Outdoor SOS App\u00ae nicht.<\/p>\n\n\n\n<p><strong>K\u00f6nigtum<\/strong><br>Alle Informationen auf der Website, das Design, der Hausstil und die Logos stammen von der Outdoor SOS App\u00ae. Sie d\u00fcrfen die Informationen auf der Website f\u00fcr private Zwecke verwenden, beispielsweise f\u00fcr eine Zeitung oder einen privaten Blog. Geben Sie in diesem Fall an, dass Sie die Informationen auf www.abnamro.nl gefunden haben. Sie d\u00fcrfen die Texte der Website nicht ver\u00e4ndern. M\u00f6chten Sie Informationen auf der Website f\u00fcr kommerzielle Zwecke verwenden? Dann m\u00fcssen Sie zuerst die Outdoor SOS App\u00ae um Erlaubnis fragen.<\/p>\n\n\n\n<p><strong>Webseiten anderer<\/strong><br>Manchmal verweisen wir auf eine andere Website, beispielsweise \u00fcber einen Hyperlink. Wenn Sie auf den Link klicken, gelangen Sie auf die Website einer anderen Person. Wir haben die Informationen auf den Websites anderer nicht \u00fcberpr\u00fcft und sind daf\u00fcr nicht verantwortlich. Unsere Datenschutzbestimmungen gelten nicht f\u00fcr Websites anderer.<\/p>\n\n\n\n<p><strong>Europ\u00e4ischer Wirtschaftsraum &amp; Schweiz<\/strong><br>Die Informationen auf der Website sind f\u00fcr den Europ\u00e4ischen Wirtschaftsraum und die Schweiz bestimmt. Im Ausland k\u00f6nnen andere Regeln gelten.<\/p>\n\n\n\n<p><strong>\u00c4nderungen<\/strong><br>Wir k\u00f6nnen die Regeln des Haftungsausschlusses \u00e4ndern.<\/p>","protected":false},"excerpt":{"rendered":"<p>Was muss ich beim Besuch der Website beachten? Informationen: Die Website enth\u00e4lt nur allgemeine Informationen. F\u00fcr eine pers\u00f6nliche Beratung kontaktieren Sie uns bitte. Wir helfen Ihnen gerne weiter! Auf der Website finden Sie alle allgemeinen Informationen. F\u00fcr eine pers\u00f6nliche Beratung k\u00f6nnen Sie sich an unsere Kontaktm\u00f6glichkeiten wenden. Wir haben dir beim Graag geholfen! Barrierefreiheit der WebsiteWir sorgen daf\u00fcr, dass\u2026&nbsp;<a href=\"https:\/\/outdoorsosapp.com\/de\/disclaimer\/\" rel=\"bookmark\">Weiterlesen \u00bb<span class=\"screen-reader-text\">Haftungsausschluss<\/span><\/a><\/p>","protected":false},"author":1,"featured_media":0,"parent":0,"menu_order":0,"comment_status":"closed","ping_status":"closed","template":"","meta":{"neve_meta_sidebar":"default","neve_meta_container":"","neve_meta_enable_content_width":"on","neve_meta_content_width":100,"neve_meta_title_alignment":"","neve_meta_author_avatar":"","neve_post_elements_order":"","neve_meta_disable_header":"","neve_meta_disable_footer":"","neve_meta_disable_title":"on","footnotes":""},"class_list":["post-833","page","type-page","status-publish","hentry"],"_links":{"self":[{"href":"https:\/\/outdoorsosapp.com\/de\/wp-json\/wp\/v2\/pages\/833","targetHints":{"allow":["GET"]}}],"collection":[{"href":"https:\/\/outdoorsosapp.com\/de\/wp-json\/wp\/v2\/pages"}],"about":[{"href":"https:\/\/outdoorsosapp.com\/de\/wp-json\/wp\/v2\/types\/page"}],"author":[{"embeddable":true,"href":"https:\/\/outdoorsosapp.com\/de\/wp-json\/wp\/v2\/users\/1"}],"replies":[{"embeddable":true,"href":"https:\/\/outdoorsosapp.com\/de\/wp-json\/wp\/v2\/comments?post=833"}],"version-history":[{"count":5,"href":"https:\/\/outdoorsosapp.com\/de\/wp-json\/wp\/v2\/pages\/833\/revisions"}],"predecessor-version":[{"id":850,"href":"https:\/\/outdoorsosapp.com\/de\/wp-json\/wp\/v2\/pages\/833\/revisions\/850"}],"wp:attachment":[{"href":"https:\/\/outdoorsosapp.com\/de\/wp-json\/wp\/v2\/media?parent=833"}],"curies":[{"name":"wp","href":"https:\/\/api.w.org\/{rel}","templated":true}]}}