{"id":828,"date":"2022-08-02T10:10:52","date_gmt":"2022-08-02T10:10:52","guid":{"rendered":"https:\/\/outdoorsosapp.com\/?page_id=828"},"modified":"2022-08-05T07:13:19","modified_gmt":"2022-08-05T07:13:19","slug":"privacy-and-cookies","status":"publish","type":"page","link":"https:\/\/outdoorsosapp.com\/de\/privacy-and-cookies\/","title":{"rendered":"Datenschutz und Cookies"},"content":{"rendered":"<div class=\"wp-block-cover alignfull\" style=\"min-height:505px;aspect-ratio:unset;\"><span aria-hidden=\"true\" class=\"wp-block-cover__background has-background-dim\"><\/span><img loading=\"lazy\" decoding=\"async\" width=\"1920\" height=\"1080\" class=\"wp-block-cover__image-background wp-image-823\" alt=\"\" src=\"https:\/\/outdoorsosapp.com\/wp-content\/uploads\/2022\/08\/oSOSa_Legal.jpg\" data-object-fit=\"cover\" srcset=\"https:\/\/outdoorsosapp.com\/wp-content\/uploads\/2022\/08\/oSOSa_Legal.jpg 1920w, https:\/\/outdoorsosapp.com\/wp-content\/uploads\/2022\/08\/oSOSa_Legal-300x169.jpg 300w, https:\/\/outdoorsosapp.com\/wp-content\/uploads\/2022\/08\/oSOSa_Legal-1024x576.jpg 1024w, https:\/\/outdoorsosapp.com\/wp-content\/uploads\/2022\/08\/oSOSa_Legal-768x432.jpg 768w, https:\/\/outdoorsosapp.com\/wp-content\/uploads\/2022\/08\/oSOSa_Legal-1536x864.jpg 1536w, https:\/\/outdoorsosapp.com\/wp-content\/uploads\/2022\/08\/oSOSa_Legal-18x10.jpg 18w\" sizes=\"auto, (max-width: 1920px) 100vw, 1920px\" \/><div class=\"wp-block-cover__inner-container is-layout-flow wp-block-cover-is-layout-flow\">\n<h1 class=\"has-nv-site-bg-color has-text-color wp-block-heading\">Datenschutz &amp; Cookies<\/h1>\n<\/div><\/div>\n\n\n\n<div style=\"height:35px\" aria-hidden=\"true\" class=\"wp-block-spacer\"><\/div>\n\n\n\n<h3 class=\"wp-block-heading\">DATENSCHUTZERKL\u00c4RUNG F\u00dcR WEBSITE\/MOBILGER\u00c4TE\/APP F\u00dcR DEN EUROP\u00c4ISCHEN WIRTSCHAFTSRAUM UND DIE SCHWEIZ<\/h3>\n\n\n\n<p id=\"block-07088aa0-e606-4aae-8ca1-730741b1f359\">Die Informationen auf der Website sind f\u00fcr den Europ\u00e4ischen Wirtschaftsraum und die Schweiz bestimmt. Im Ausland k\u00f6nnen andere Regeln gelten.<\/p>\n\n\n\n<p>Fassung, 01.08.2022<br>Die Privatsph\u00e4re aller unserer Nutzer ist uns sehr wichtig. Wenn Sie als App-\/Website-Benutzer den Dienst nutzen, verarbeiten wir (der App-\/Website-Herausgeber) Ihre personenbezogenen Daten. Diese Datenschutz- und Cookie-Erkl\u00e4rung beschreibt, wie wir Ihre personenbezogenen Daten sch\u00fctzen und verarbeiten. Wir empfehlen Ihnen, es sorgf\u00e4ltig zu lesen.<\/p>\n\n\n\n<h3 class=\"wp-block-heading\">Was steht in dieser Datenschutz- und Cookie-Erkl\u00e4rung?<\/h3>\n\n\n\n<p>Parteien informieren Sie in dieser Datenschutz- und Cookie-Erkl\u00e4rung \u00fcber:<\/p>\n\n\n\n<ul class=\"wp-block-list\"><li>Die Arten der verarbeiteten personenbezogenen Daten;<\/li><li>Die Zwecke, f\u00fcr die personenbezogene Daten verarbeitet werden;<\/li><li>Wo die personenbezogenen Daten verarbeitet werden;<\/li><li>Die Sicherheitsma\u00dfnahmen zum Schutz personenbezogener Daten;<\/li><li>Haftungsbeschr\u00e4nkung gegen\u00fcber Dritten;<\/li><li>Anzeigen, \u00c4ndern und L\u00f6schen Ihrer personenbezogenen Daten;<\/li><li>Privatsph\u00e4re der Kinder<\/li><li>Sicherheit<\/li><li>\u00c4nderungen an dieser Datenschutzerkl\u00e4rung;<\/li><li>Was zu tun ist, wenn Sie Fragen oder Anmerkungen haben.<\/li><\/ul>\n\n\n\n<ol class=\"wp-block-list\"><li>Die Arten der verarbeiteten personenbezogenen Daten<br>A. Personenbezogene Daten durch Nutzung unseres Dienstes<br>Um den Service zu verbessern, verwenden wir anonyme Daten. Diese Informationen werden nicht \u00fcber den Dienst ver\u00f6ffentlicht.<br>B. Automatisch generierte Informationen<br>Wie die meisten anderen Websites und Onlinedienste sammeln und verarbeiten wir automatisch generierte Informationen dar\u00fcber, wie Sie die App\/Website nutzen. Die gesammelten Informationen umfassen Ihre IP-Adresse und\/oder eine eindeutige Ger\u00e4te-ID.<br>Wenn Sie ausdr\u00fccklich zustimmen, kann die App\/Website Ihre Standortinformationen erfassen. In jedem Fall k\u00f6nnen Sie die Erfassung der Geolokalisierung \u00fcber die Einstellungen Ihres Mobilger\u00e4ts blockieren.<br>Wenn Sie sich ausdr\u00fccklich daf\u00fcr entscheiden, den Zugriff und die Erfassung von Informationen von Ihrem Konto bei sozialen Netzwerken zuzulassen, werden Ihre grundlegenden pers\u00f6nlichen Daten in Ihrem Konto bei sozialen Netzwerken (wie Ihr Name und Ihre E-Mail-Adresse) sowie Ihre Benutzer-ID f\u00fcr soziale Netzwerke ( aber nicht Ihr Passwort) und Parameter in Bezug auf die Beitr\u00e4ge, die Sie \u00fcber die App\/Website geteilt haben. Weitere Informationen dazu, wie Sie die Datenschutzeinstellungen Ihres Kontos festlegen k\u00f6nnen, um die Informationen zu kontrollieren, auf die zugegriffen und die abgerufen werden k\u00f6nnen, finden Sie in der Datenschutzrichtlinie des sozialen Netzwerks.<br>Dies erfolgt auch im Hinblick auf die automatisch generierten Informationen dar\u00fcber, wie Sie die App\/Website nutzen. Diese Art von Informationen helfen uns, besser zu verstehen, wie die App verwendet wird und wie wir sie verbessern k\u00f6nnen<br>Service, der den Bed\u00fcrfnissen von Ihnen als Benutzer entspricht. Wenn Sie die Benutzerautorisierungsfunktionen innerhalb der App\/Website aktivieren, werden die folgenden zus\u00e4tzlichen Informationen gespeichert:<br>\u2022 Name;<br>\u2022 E-Mail-Addresse;<br>\u2022 Altersbereich (optional);<br>\u2022 Geschlecht (optional);<br>\u2022 Telefonnummer (freiwillig);<br>\u2022 Zus\u00e4tzliche Profilinformationen, die von einem externen Anbieter wie Facebook oder LinkedIn zur\u00fcckgegeben werden.<br>Um dem App-\/Website-Eigent\u00fcmer Informationen \u00fcber die Nutzung der App\/Website bereitzustellen, erfassen wir auch die folgenden (anonymen) Informationen:<br>\u2022 In dem Moment, in dem Sie die App\/Website \u00f6ffnen;<br>\u2022 Die Bl\u00f6cke, die Sie in der App\/Website ge\u00f6ffnet haben, und die Zeit, die Sie in diesem Block verbracht haben;<br>\u2022 Aktionen wie Musikwiedergabe, Aufrufen von URLs etc.<br>\u2022 In dem Moment, in dem Sie die App\/Website verlassen;<br>Hinweis: Wenn die Benutzerautorisierungsfunktionen aktiviert sind, k\u00f6nnen wir die anonymen Informationen mit Ihnen verkn\u00fcpfen, sobald Sie sich anmelden.<br>C. Spezifische Informationen<br>Wir k\u00f6nnen Sie bitten, sich an bestimmten Aktivit\u00e4ten in der App\/Website zu beteiligen, wie zum Beispiel Treuekarten, Newsletter, Werbung, in diesem Fall werden Sie nach bestimmten pers\u00f6nlichen Informationen gefragt. Diese Informationen werden in den Datenbanken unseres Dienstes (einschlie\u00dflich Dritter) gespeichert und mit uns geteilt.<br>Wenn Sie Daten, einschlie\u00dflich Fotos, in die App\/Website hochladen, werden diese geteilt und k\u00f6nnen von allen anderen Benutzern der App\/Website eingesehen werden.<\/li><li>Die Zwecke, f\u00fcr die personenbezogene Daten verarbeitet werden?<br>A. Zwecke<br>Die Parteien verarbeiten personenbezogene Daten f\u00fcr die folgenden Zwecke:<\/li><\/ol>\n\n\n\n<ul class=\"wp-block-list\"><li>um Ihnen die Nutzung des Dienstes zu erm\u00f6glichen;<\/li><li>um Sie mit relevanten Informationen \u00fcber unseren Service auf dem Laufenden zu halten;<\/li><li>um den Dienst zu verbessern und\/oder anzupassen;<\/li><li>um Sie zu identifizieren\/oder den Dienst anzupassen;<\/li><li>um Sie zu identifizieren und Betrug zu verhindern;<\/li><li>um Unterst\u00fctzung zu leisten;<\/li><li>Ihre personenbezogenen Daten an Dritte weiterzugeben, wenn Sie uns dazu aufgefordert haben oder wenn wir gesetzlich dazu verpflichtet sind.<br>B. \u00dcbermittlung personenbezogener Daten an Dritte<br>Wir verkaufen, handeln oder vermieten Ihre personenbezogenen Daten nicht ohne Ihre vorherige Zustimmung an Dritte. Wir k\u00f6nnen Ihre personenbezogenen Daten jedoch an Dritte weitergeben, wenn dies f\u00fcr die Bereitstellung des Dienstes f\u00fcr Sie oder f\u00fcr die Ausf\u00fchrung Ihrer Anweisungen erforderlich ist, z. B. f\u00fcr Zahlungen \u00fcber Zahlungsanbieter f\u00fcr kostenpflichtige Dienste.<br>Wir k\u00f6nnen \u201eaggregierte anonyme Daten\u201c \u00fcber die Nutzung des Dienstes auch f\u00fcr solche Zwecke an Dritte weitergeben, wenn wir dies f\u00fcr angemessen halten. \u201eAggregierte anonyme Daten\u201c sind Daten, die nicht zu Ihnen zur\u00fcckverfolgt werden k\u00f6nnen und daher nicht als personenbezogene Daten gelten. Beispielsweise k\u00f6nnen wir aggregierte anonyme Daten verwenden, um besser zu verstehen, wie Benutzer den Dienst nutzen.<br>F\u00fcr den Fall, dass wir an einen Dritten \u00fcbertragen werden oder mit einem Dritten fusionieren oder eine Umstrukturierung vornehmen, k\u00f6nnen Ihre personenbezogenen Daten auch an diesen Dritten weitergegeben und\/oder \u00fcbertragen werden. Dieser Dritte hat das Recht, personenbezogene Daten und andere Informationen, die Sie uns zur Verf\u00fcgung gestellt haben, weiterhin zu verwenden.<br>Wir k\u00f6nnen Ihre personenbezogenen Daten offenlegen, wenn wir nach Treu und Glauben der Ansicht sind, dass dies erforderlich ist, um einem Gerichtsbeschluss, einem laufenden Gerichtsverfahren, einer straf- oder zivilrechtlichen Vorladung oder einem anderen Rechtsverfahren oder einer Aufforderung durch die Strafverfolgungsbeh\u00f6rden in den Niederlanden nachzukommen oder sie auszu\u00fcben seine gesetzlichen Rechte oder verteidigt sich gegen rechtliche Anspr\u00fcche.<\/li><\/ul>\n\n\n\n<ol class=\"wp-block-list\" start=\"3\"><li>Wo werden die personenbezogenen Daten verarbeitet<br>Der Dienst wird durch die Nutzung von Hosting-Diensten im Europ\u00e4ischen Wirtschaftsraum bereitgestellt. Die verarbeiteten personenbezogenen Daten k\u00f6nnen jedoch an Server \u00fcbertragen und auf Servern gespeichert werden, die sich in einem Land au\u00dferhalb des Europ\u00e4ischen Wirtschaftsraums (EWR) befinden, wie z. B. den Vereinigten Staaten von Amerika<br>Amerika. Diese Drittparteien erkl\u00e4ren, dass sie sich an die Safe-Harbor-Prinzipien halten und dem Safe-Harbor-Programm des US-Handelsministeriums angeschlossen sind. Das bedeutet, dass f\u00fcr die Verarbeitung personenbezogener Daten durch Amazon ein angemessenes Schutzniveau bestehen sollte. Sie stimmen dieser \u00dcbertragung und Verarbeitung au\u00dferhalb des EWR zu. Wir werden alle vern\u00fcnftigerweise notwendigen Schritte unternehmen, um sicherzustellen, dass Ihre personenbezogenen Daten sicher und in \u00dcbereinstimmung mit dieser Datenschutzrichtlinie behandelt werden.<\/li><li>Welche Sicherheitsma\u00dfnahmen sind vorhanden, um personenbezogene Daten zu sch\u00fctzen?<br>Die Sicherheit Ihrer Daten und die anderer Nutzer ist uns sehr wichtig. Wir haben technische und organisatorische Ma\u00dfnahmen ergriffen, um Ihre personenbezogenen Daten vor Verlust oder jeglicher Form unrechtm\u00e4\u00dfiger Verarbeitung zu sch\u00fctzen. Wir haben folgende Ma\u00dfnahmen umgesetzt: Schutz unserer Server durch Firewalls, SSL-Verbindungen und Verschl\u00fcsselung sensibler Daten. Diese Liste ist nicht vollst\u00e4ndig.<\/li><li>Haftungsbeschr\u00e4nkung gegen\u00fcber Dritten<br>Unser Service kann Dienste und Produkte enthalten, die von Dritten angeboten werden, und\/oder Hyperlinks zu den Websites oder Diensten von Partnern, Werbetreibenden und anderen Dritten.<br>Die Parteien haben keine Kontrolle oder Einfluss auf die Inhalte, Websites oder Dienste dieser Dritten. F\u00fcr die Nutzung von Websites und Diensten Dritter k\u00f6nnen abweichende Datenschutzrichtlinien gelten. Diese Datenschutzerkl\u00e4rung bezieht sich nur auf personenbezogene Daten, die von Parteien durch Ihre Nutzung des Dienstes f\u00fcr ihre eigenen Zwecke erhalten wurden. Die Parteien \u00fcbernehmen keine Verantwortung oder Haftung f\u00fcr den Inhalt, die Praktiken oder den Betrieb von Websites und Diensten Dritter.<\/li><li>Anzeigen und L\u00f6schen personenbezogener Daten<br>Sie k\u00f6nnen eine Anfrage zum Zugriff auf oder zur L\u00f6schung der durch Ihre Nutzung der App\/Website erfassten personenbezogenen Daten senden, indem Sie uns per E-Mail kontaktieren. M\u00f6glicherweise werden Sie aufgefordert, zus\u00e4tzliche Informationen anzugeben, um Ihre Identit\u00e4t zu best\u00e4tigen.<\/li><li>Privatsph\u00e4re der Kinder<br>Personenbezogene Daten von Kindern werden nicht wissentlich oder absichtlich erhoben.<\/li><li>Sicherheit<br>Es werden Ma\u00dfnahmen ergriffen, um Ihre pers\u00f6nlichen Daten zu sichern, um die Risiken von Sch\u00e4den, Informationsverlust und unbefugtem Zugriff oder unbefugter Nutzung von Informationen zu minimieren. Absolute Informationssicherheit k\u00f6nnen diese Ma\u00dfnahmen jedoch nicht bieten. Obwohl Anstrengungen unternommen werden, um Ihre pers\u00f6nlichen Daten zu sch\u00fctzen, ist es daher nicht garantiert und Sie k\u00f6nnen vern\u00fcnftigerweise nicht erwarten, dass die App\/Website und die zugeh\u00f6rigen Datenbanken vor Fehlverhalten, Fehlfunktionen, unbefugtem Abfangen oder Zugriff oder anderen Arten von Missbrauch gesch\u00fctzt sind und Missbrauch.<\/li><li>\u00c4nderungen an dieser Datenschutzerkl\u00e4rung<br>Diese Erkl\u00e4rung kann jederzeit aktualisiert werden. Die Parteien werden jede aktualisierte Version der Datenschutzerkl\u00e4rung \u00fcber den Dienst ver\u00f6ffentlichen. Die Parteien empfehlen Ihnen, diese Seite von Zeit zu Zeit zu \u00fcberpr\u00fcfen, um sich \u00fcber \u00c4nderungen an dieser Datenschutzerkl\u00e4rung zu informieren und dar\u00fcber informiert zu bleiben, wie die Parteien Ihre personenbezogenen Daten sch\u00fctzen. Sie erkennen an und stimmen zu, dass es in Ihrer Verantwortung liegt, diese Datenschutzerkl\u00e4rung regelm\u00e4\u00dfig zu \u00fcberpr\u00fcfen und sich mit etwaigen Aktualisierungen vertraut zu machen.<br>Sie stimmen zu, an alle an dieser Erkl\u00e4rung vorgenommenen \u00c4nderungen gebunden zu sein. Ihre fortgesetzte Nutzung der App\/Website nach Inkrafttreten der ge\u00e4nderten Erkl\u00e4rung bedeutet, dass Sie die ge\u00e4nderte Erkl\u00e4rung akzeptieren. Wenn Sie mit der ge\u00e4nderten Erkl\u00e4rung nicht einverstanden sind, m\u00fcssen Sie die App deinstallieren und jede weitere Nutzung vermeiden.<\/li><li>Was zu tun ist, wenn Sie Fragen oder Anmerkungen haben<br>Wenn Sie Fragen oder Anmerkungen zu dieser Datenschutzerkl\u00e4rung haben, kontaktieren Sie uns bitte per E-Mail.<br>Diese Datenschutz- und Cookie-Erkl\u00e4rung wurde zuletzt aktualisiert: 01<sup>st<\/sup> August 2022.<\/li><\/ol>","protected":false},"excerpt":{"rendered":"<p>WEBSITE\/MOBILE\/APP DATENSCHUTZERKL\u00c4RUNG F\u00dcR DEN EUROP\u00c4ISCHEN WIRTSCHAFTSRAUM UND DIE SCHWEIZ Die Informationen auf der Website sind f\u00fcr den Europ\u00e4ischen Wirtschaftsraum und die Schweiz bestimmt. Im Ausland k\u00f6nnen andere Regeln gelten. Version, 01.08.2022Die Privatsph\u00e4re aller unserer Nutzer ist uns sehr wichtig. Wenn Sie als App-\/Website-Benutzer den Dienst nutzen \u2026&nbsp;<a href=\"https:\/\/outdoorsosapp.com\/de\/privacy-and-cookies\/\" rel=\"bookmark\">Weiterlesen \u00bb<span class=\"screen-reader-text\">Datenschutz und Cookies<\/span><\/a><\/p>","protected":false},"author":1,"featured_media":0,"parent":0,"menu_order":0,"comment_status":"closed","ping_status":"closed","template":"","meta":{"neve_meta_sidebar":"default","neve_meta_container":"","neve_meta_enable_content_width":"on","neve_meta_content_width":100,"neve_meta_title_alignment":"","neve_meta_author_avatar":"","neve_post_elements_order":"","neve_meta_disable_header":"","neve_meta_disable_footer":"","neve_meta_disable_title":"on","footnotes":""},"class_list":["post-828","page","type-page","status-publish","hentry"],"_links":{"self":[{"href":"https:\/\/outdoorsosapp.com\/de\/wp-json\/wp\/v2\/pages\/828","targetHints":{"allow":["GET"]}}],"collection":[{"href":"https:\/\/outdoorsosapp.com\/de\/wp-json\/wp\/v2\/pages"}],"about":[{"href":"https:\/\/outdoorsosapp.com\/de\/wp-json\/wp\/v2\/types\/page"}],"author":[{"embeddable":true,"href":"https:\/\/outdoorsosapp.com\/de\/wp-json\/wp\/v2\/users\/1"}],"replies":[{"embeddable":true,"href":"https:\/\/outdoorsosapp.com\/de\/wp-json\/wp\/v2\/comments?post=828"}],"version-history":[{"count":16,"href":"https:\/\/outdoorsosapp.com\/de\/wp-json\/wp\/v2\/pages\/828\/revisions"}],"predecessor-version":[{"id":880,"href":"https:\/\/outdoorsosapp.com\/de\/wp-json\/wp\/v2\/pages\/828\/revisions\/880"}],"wp:attachment":[{"href":"https:\/\/outdoorsosapp.com\/de\/wp-json\/wp\/v2\/media?parent=828"}],"curies":[{"name":"wp","href":"https:\/\/api.w.org\/{rel}","templated":true}]}}