{"id":71,"date":"2020-01-27T08:15:05","date_gmt":"2020-01-27T08:15:05","guid":{"rendered":"https:\/\/demosites.io\/web-agency-gb\/?page_id=71"},"modified":"2023-04-06T13:34:13","modified_gmt":"2023-04-06T13:34:13","slug":"emergency-services","status":"publish","type":"page","link":"https:\/\/outdoorsosapp.com\/de\/emergency-services\/","title":{"rendered":"4 Notdienste"},"content":{"rendered":"<div class=\"wp-block-cover alignfull is-light\" style=\"min-height:505px;aspect-ratio:unset;\"><span aria-hidden=\"true\" class=\"wp-block-cover__background has-background-dim\"><\/span><img loading=\"lazy\" decoding=\"async\" width=\"1599\" height=\"1200\" class=\"wp-block-cover__image-background wp-image-616\" alt=\"\" src=\"https:\/\/outdoorsosapp.com\/wp-content\/uploads\/2022\/07\/oSOSa_professionls.jpeg\" data-object-fit=\"cover\" srcset=\"https:\/\/outdoorsosapp.com\/wp-content\/uploads\/2022\/07\/oSOSa_professionls.jpeg 1599w, https:\/\/outdoorsosapp.com\/wp-content\/uploads\/2022\/07\/oSOSa_professionls-300x225.jpeg 300w, https:\/\/outdoorsosapp.com\/wp-content\/uploads\/2022\/07\/oSOSa_professionls-1024x768.jpeg 1024w, https:\/\/outdoorsosapp.com\/wp-content\/uploads\/2022\/07\/oSOSa_professionls-768x576.jpeg 768w, https:\/\/outdoorsosapp.com\/wp-content\/uploads\/2022\/07\/oSOSa_professionls-1536x1153.jpeg 1536w\" sizes=\"auto, (max-width: 1599px) 100vw, 1599px\" \/><div class=\"wp-block-cover__inner-container is-layout-flow wp-block-cover-is-layout-flow\">\n<h1 class=\"wp-block-heading has-nv-site-bg-color has-text-color\">Notdienste<\/h1>\n<\/div><\/div>\n\n\n\n<p class=\"has-nv-site-bg-color has-text-color\">Die Outdoor-SOS-App hilft allen, die das Leben im Freien lieben<\/p>\n\n\n\n<h2 class=\"wp-block-heading has-nv-dark-bg-color has-text-color\">Lass uns zusammen arbeiten !<\/h2>\n\n\n\n<p class=\"has-nv-dark-bg-color has-text-color\">Nichts ist frustrierender, als helfen zu wollen, aber nicht alle Informationen zu haben.<\/p>\n\n\n\n<p class=\"has-nv-dark-bg-color has-text-color\">Mit der Outdoor SOS App ist Information der Schl\u00fcssel. Die Videoverbindung gibt Ihnen einen schnellen visuellen Status des Patienten; Die genaue Position auf der digitalen Karte erm\u00f6glicht es Ihnen, die schnellstm\u00f6gliche Route zu verfolgen; Kontinuierlicher Kontakt mit dem Patienten und Ihren Mitarbeitern.<\/p>\n\n\n\n<p class=\"has-nv-dark-bg-color has-text-color\">Mit der Outdoor SOS App retten Sie Leben!<\/p>\n\n\n\n<div class=\"wp-block-cover alignfull\" style=\"min-height:600px;aspect-ratio:unset;\"><span aria-hidden=\"true\" class=\"wp-block-cover__background has-nv-light-bg-background-color has-background-dim-100 has-background-dim\"><\/span><div class=\"wp-block-cover__inner-container is-layout-flow wp-block-cover-is-layout-flow\">\n<div class=\"wp-block-group\"><div class=\"wp-block-group__inner-container is-layout-flow wp-block-group-is-layout-flow\">\n<div style=\"height:80px\" aria-hidden=\"true\" class=\"wp-block-spacer\"><\/div>\n\n\n\n<div class=\"wp-block-columns are-vertically-aligned-center is-layout-flex wp-container-core-columns-is-layout-9d6595d7 wp-block-columns-is-layout-flex\">\n<div class=\"wp-block-column is-vertically-aligned-center is-layout-flow wp-block-column-is-layout-flow\" style=\"flex-basis:50%\">\n<figure class=\"wp-block-image size-full\"><img loading=\"lazy\" decoding=\"async\" width=\"600\" height=\"600\" src=\"http:\/\/outdoorsosapp.com\/wp-content\/uploads\/2022\/07\/104_templ_600x600.png\" alt=\"\" class=\"wp-image-640\" srcset=\"https:\/\/outdoorsosapp.com\/wp-content\/uploads\/2022\/07\/104_templ_600x600.png 600w, https:\/\/outdoorsosapp.com\/wp-content\/uploads\/2022\/07\/104_templ_600x600-300x300.png 300w, https:\/\/outdoorsosapp.com\/wp-content\/uploads\/2022\/07\/104_templ_600x600-150x150.png 150w\" sizes=\"auto, (max-width: 600px) 100vw, 600px\" \/><\/figure>\n\n\n\n<h3 class=\"wp-block-heading has-text-align-center has-neve-text-color-color has-text-color\">\u00dcbersichtliche Funktionen<\/h3>\n\n\n\n<p class=\"has-text-align-center has-neve-text-color-color has-text-color\">Die Anwendung enth\u00e4lt n\u00fctzliche und h\u00e4ufig verwendete Funktionen, die einfach zu bedienen sind.<\/p>\n\n\n\n<div class=\"wp-block-buttons is-content-justification-center is-layout-flex wp-container-core-buttons-is-layout-16018d1d wp-block-buttons-is-layout-flex\">\n<div class=\"wp-block-button is-style-primary\"><a class=\"wp-block-button__link wp-element-button\" href=\"https:\/\/outdoorsosapp.com\/de\/app-impression\/#outdoorsosapp_impression-ES\">BILDSCHIRMEINDR\u00dcCKE<\/a><\/div>\n<\/div>\n\n\n\n<div style=\"height:40px\" aria-hidden=\"true\" class=\"wp-block-spacer\"><\/div>\n<\/div>\n\n\n\n<div class=\"wp-block-column is-vertically-aligned-center is-layout-flow wp-block-column-is-layout-flow\" style=\"flex-basis:50%\">\n<figure class=\"wp-block-image size-full\"><img loading=\"lazy\" decoding=\"async\" width=\"600\" height=\"600\" src=\"http:\/\/outdoorsosapp.com\/wp-content\/uploads\/2022\/07\/0506_templ_600x600.png\" alt=\"\" class=\"wp-image-625\" srcset=\"https:\/\/outdoorsosapp.com\/wp-content\/uploads\/2022\/07\/0506_templ_600x600.png 600w, https:\/\/outdoorsosapp.com\/wp-content\/uploads\/2022\/07\/0506_templ_600x600-300x300.png 300w, https:\/\/outdoorsosapp.com\/wp-content\/uploads\/2022\/07\/0506_templ_600x600-150x150.png 150w\" sizes=\"auto, (max-width: 600px) 100vw, 600px\" \/><\/figure>\n\n\n\n<h3 class=\"wp-block-heading has-text-align-center has-neve-text-color-color has-text-color\">Kontinuierliche Verbindung<\/h3>\n\n\n\n<p class=\"has-text-align-center has-neve-text-color-color has-text-color\">Die Outdoor SOS App nutzt eine direkte und kontinuierliche Video- und Tonverbindung mit Patienten und Kollegen!<\/p>\n\n\n\n<div class=\"wp-block-buttons is-content-justification-center is-layout-flex wp-container-core-buttons-is-layout-16018d1d wp-block-buttons-is-layout-flex\">\n<div class=\"wp-block-button is-style-primary\"><a class=\"wp-block-button__link wp-element-button\" href=\"https:\/\/outdoorsosapp.com\/de\/app-demonstration\/\">DEMO ANSCHAUEN<\/a><\/div>\n<\/div>\n\n\n\n<div style=\"height:40px\" aria-hidden=\"true\" class=\"wp-block-spacer\"><\/div>\n<\/div>\n<\/div>\n\n\n\n<div style=\"height:40px\" aria-hidden=\"true\" class=\"wp-block-spacer\"><\/div>\n<\/div><\/div>\n<\/div><\/div>\n\n\n\n<div class=\"wp-block-cover alignfull\" style=\"min-height:600px;aspect-ratio:unset;\"><span aria-hidden=\"true\" class=\"wp-block-cover__background has-nv-site-bg-background-color has-background-dim-100 has-background-dim\"><\/span><div class=\"wp-block-cover__inner-container is-layout-flow wp-block-cover-is-layout-flow\">\n<div class=\"wp-block-group\"><div class=\"wp-block-group__inner-container is-layout-flow wp-block-group-is-layout-flow\">\n<div style=\"height:80px\" aria-hidden=\"true\" class=\"wp-block-spacer\"><\/div>\n\n\n\n<h2 class=\"wp-block-heading has-neve-text-color-color has-text-color\">Integrierte Walkie-Talkie-Funktion<\/h2>\n\n\n\n<div style=\"height:20px\" aria-hidden=\"true\" class=\"wp-block-spacer\"><\/div>\n\n\n\n<div class=\"wp-block-columns are-vertically-aligned-center is-layout-flex wp-container-core-columns-is-layout-9d6595d7 wp-block-columns-is-layout-flex\">\n<div class=\"wp-block-column is-vertically-aligned-center is-layout-flow wp-block-column-is-layout-flow\" style=\"flex-basis:50%\">\n<figure class=\"wp-block-image size-full\"><img loading=\"lazy\" decoding=\"async\" width=\"600\" height=\"600\" src=\"https:\/\/outdoorsosapp.com\/wp-content\/uploads\/2022\/07\/0704_templ_600x600.png\" alt=\"\" class=\"wp-image-643\" srcset=\"https:\/\/outdoorsosapp.com\/wp-content\/uploads\/2022\/07\/0704_templ_600x600.png 600w, https:\/\/outdoorsosapp.com\/wp-content\/uploads\/2022\/07\/0704_templ_600x600-300x300.png 300w, https:\/\/outdoorsosapp.com\/wp-content\/uploads\/2022\/07\/0704_templ_600x600-150x150.png 150w\" sizes=\"auto, (max-width: 600px) 100vw, 600px\" \/><\/figure>\n\n\n\n<h3 class=\"wp-block-heading has-text-align-center has-nv-dark-bg-color has-text-color\">Sehen Sie, wer verf\u00fcgbar ist<\/h3>\n\n\n\n<div style=\"height:40px\" aria-hidden=\"true\" class=\"wp-block-spacer\"><\/div>\n<\/div>\n\n\n\n<div class=\"wp-block-column is-vertically-aligned-center is-layout-flow wp-block-column-is-layout-flow\" style=\"flex-basis:50%\">\n<figure class=\"wp-block-image size-full\"><img loading=\"lazy\" decoding=\"async\" width=\"600\" height=\"600\" src=\"https:\/\/outdoorsosapp.com\/wp-content\/uploads\/2022\/07\/0706_templ_600x600.png\" alt=\"\" class=\"wp-image-644\" srcset=\"https:\/\/outdoorsosapp.com\/wp-content\/uploads\/2022\/07\/0706_templ_600x600.png 600w, https:\/\/outdoorsosapp.com\/wp-content\/uploads\/2022\/07\/0706_templ_600x600-300x300.png 300w, https:\/\/outdoorsosapp.com\/wp-content\/uploads\/2022\/07\/0706_templ_600x600-150x150.png 150w\" sizes=\"auto, (max-width: 600px) 100vw, 600px\" \/><\/figure>\n\n\n\n<h3 class=\"wp-block-heading has-text-align-center has-nv-dark-bg-color has-text-color\">W\u00e4hlen Sie alle oder nur eine aus<\/h3>\n\n\n\n<div style=\"height:40px\" aria-hidden=\"true\" class=\"wp-block-spacer\"><\/div>\n<\/div>\n<\/div>\n\n\n\n<h1 class=\"wp-block-heading has-nv-dark-bg-color has-text-color\">Weitere brillante Features<\/h1>\n\n\n\n<div class=\"wp-block-columns is-layout-flex wp-container-core-columns-is-layout-9d6595d7 wp-block-columns-is-layout-flex\">\n<div class=\"wp-block-column is-layout-flow wp-block-column-is-layout-flow\">\n<figure class=\"wp-block-image size-full\"><img loading=\"lazy\" decoding=\"async\" width=\"600\" height=\"600\" src=\"https:\/\/outdoorsosapp.com\/wp-content\/uploads\/2022\/07\/0802_templ_600x600-1.png\" alt=\"\" class=\"wp-image-683\" srcset=\"https:\/\/outdoorsosapp.com\/wp-content\/uploads\/2022\/07\/0802_templ_600x600-1.png 600w, https:\/\/outdoorsosapp.com\/wp-content\/uploads\/2022\/07\/0802_templ_600x600-1-300x300.png 300w, https:\/\/outdoorsosapp.com\/wp-content\/uploads\/2022\/07\/0802_templ_600x600-1-150x150.png 150w\" sizes=\"auto, (max-width: 600px) 100vw, 600px\" \/><\/figure>\n\n\n\n<h3 class=\"wp-block-heading has-text-align-center has-nv-dark-bg-color has-text-color\">MAP-Funktion<\/h3>\n\n\n\n<p class=\"has-text-align-center has-nv-dark-bg-color has-text-color\">Mit der digitalen Karte in der Outdoor SOS App wissen Sie immer, wo Ihre Kollegen sind und wo der Patient ist.<\/p>\n<\/div>\n\n\n\n<div class=\"wp-block-column is-layout-flow wp-block-column-is-layout-flow\">\n<figure class=\"wp-block-image size-full\"><img loading=\"lazy\" decoding=\"async\" width=\"600\" height=\"600\" src=\"https:\/\/outdoorsosapp.com\/wp-content\/uploads\/2022\/07\/Features_In-App_Messages_templ_600x600.png\" alt=\"\" class=\"wp-image-678\" srcset=\"https:\/\/outdoorsosapp.com\/wp-content\/uploads\/2022\/07\/Features_In-App_Messages_templ_600x600.png 600w, https:\/\/outdoorsosapp.com\/wp-content\/uploads\/2022\/07\/Features_In-App_Messages_templ_600x600-300x300.png 300w, https:\/\/outdoorsosapp.com\/wp-content\/uploads\/2022\/07\/Features_In-App_Messages_templ_600x600-150x150.png 150w\" sizes=\"auto, (max-width: 600px) 100vw, 600px\" \/><\/figure>\n\n\n\n<h3 class=\"wp-block-heading has-text-align-center has-nv-dark-bg-color has-text-color\">Nachrichtenfunktion<\/h3>\n\n\n\n<p class=\"has-text-align-center has-nv-dark-bg-color has-text-color\">Die Anwendung bietet das Versenden von Standardnachrichten \u00fcber CMS oder In-App-Nachrichten an.<\/p>\n<\/div>\n\n\n\n<div class=\"wp-block-column is-layout-flow wp-block-column-is-layout-flow\">\n<figure class=\"wp-block-image size-full\"><img loading=\"lazy\" decoding=\"async\" width=\"600\" height=\"600\" src=\"https:\/\/outdoorsosapp.com\/wp-content\/uploads\/2022\/07\/Features_Multi_templ_600x600.png\" alt=\"\" class=\"wp-image-680\" srcset=\"https:\/\/outdoorsosapp.com\/wp-content\/uploads\/2022\/07\/Features_Multi_templ_600x600.png 600w, https:\/\/outdoorsosapp.com\/wp-content\/uploads\/2022\/07\/Features_Multi_templ_600x600-300x300.png 300w, https:\/\/outdoorsosapp.com\/wp-content\/uploads\/2022\/07\/Features_Multi_templ_600x600-150x150.png 150w\" sizes=\"auto, (max-width: 600px) 100vw, 600px\" \/><\/figure>\n\n\n\n<h3 class=\"wp-block-heading has-text-align-center has-nv-dark-bg-color has-text-color\">Mehrere Veranstaltungen<\/h3>\n\n\n\n<p class=\"has-text-align-center has-nv-dark-bg-color has-text-color\">Murphys Gesetz besagt, dass ein Ereignis nie allein steht. Daher ist die Anwendung bei auftretenden Ereignissen unbegrenzt.<\/p>\n<\/div>\n<\/div>\n\n\n\n<ul class=\"wp-block-list\">\n<li><\/li>\n<\/ul>\n\n\n\n<h3 class=\"wp-block-heading has-text-align-center has-nv-site-bg-color has-neve-text-color-background-color has-text-color has-background\">Letztendlich ist die Outdoor SOS App eine bessere L\u00f6sung als bestehende Apps mit mehr lebensrettenden Funktionen und geringeren Kosten.<\/h3>\n\n\n\n<div style=\"height:40px\" aria-hidden=\"true\" class=\"wp-block-spacer\"><\/div>\n\n\n\n<div class=\"wp-block-buttons is-layout-flex wp-block-buttons-is-layout-flex\">\n<div class=\"wp-block-button is-style-secondary aligncenter\"><a class=\"wp-block-button__link wp-element-button\" href=\"https:\/\/outdoorsosapp.com\/de\/offering\/\">SEHEN SIE UNSER ANGEBOT AN<\/a><\/div>\n<\/div>\n<\/div><\/div>\n\n\n\n<div style=\"height:50px\" aria-hidden=\"true\" class=\"wp-block-spacer\"><\/div>\n<\/div><\/div>\n\n\n\n<div class=\"wp-block-cover alignfull\" style=\"min-height:300px;aspect-ratio:unset;\"><span aria-hidden=\"true\" class=\"wp-block-cover__background has-nv-dark-bg-background-color has-background-dim\"><\/span><img loading=\"lazy\" decoding=\"async\" width=\"1920\" height=\"1080\" class=\"wp-block-cover__image-background wp-image-632\" alt=\"outdoor-sos-app-technology\" src=\"http:\/\/outdoorsosapp.com\/wp-content\/uploads\/2022\/07\/oSOSa_technolgy-must0help.jpg\" data-object-fit=\"cover\" srcset=\"https:\/\/outdoorsosapp.com\/wp-content\/uploads\/2022\/07\/oSOSa_technolgy-must0help.jpg 1920w, https:\/\/outdoorsosapp.com\/wp-content\/uploads\/2022\/07\/oSOSa_technolgy-must0help-300x169.jpg 300w, https:\/\/outdoorsosapp.com\/wp-content\/uploads\/2022\/07\/oSOSa_technolgy-must0help-1024x576.jpg 1024w, https:\/\/outdoorsosapp.com\/wp-content\/uploads\/2022\/07\/oSOSa_technolgy-must0help-768x432.jpg 768w, https:\/\/outdoorsosapp.com\/wp-content\/uploads\/2022\/07\/oSOSa_technolgy-must0help-1536x864.jpg 1536w\" sizes=\"auto, (max-width: 1920px) 100vw, 1920px\" \/><div class=\"wp-block-cover__inner-container is-layout-flow wp-block-cover-is-layout-flow\">\n<div style=\"height:140px\" aria-hidden=\"true\" class=\"wp-block-spacer\"><\/div>\n\n\n\n<h2 class=\"wp-block-heading has-text-align-center has-nv-text-dark-bg-color has-text-color\">Technik muss helfen<\/h2>\n\n\n\n<p class=\"has-text-align-center\">Zusammenarbeit ist der Schl\u00fcssel zu allen L\u00f6sungen. Die Outdoor SOS App und engagierte Notdienste machen den Unterschied.<\/p>\n\n\n\n<div class=\"wp-block-buttons is-horizontal is-content-justification-center is-layout-flex wp-container-core-buttons-is-layout-499968f5 wp-block-buttons-is-layout-flex\">\n<div class=\"wp-block-button is-style-primary\"><a class=\"wp-block-button__link wp-element-button\" href=\"https:\/\/outdoorsosapp.com\/de\/contact-us\/\">KONTAKTIERE UNS<\/a><\/div>\n<\/div>\n\n\n\n<div style=\"height:140px\" aria-hidden=\"true\" class=\"wp-block-spacer\"><\/div>\n<\/div><\/div>","protected":false},"excerpt":{"rendered":"<p>Die Outdoor-SOS-App hilft allen, die das Leben im Freien lieben. Lasst uns zusammenarbeiten! Nichts ist frustrierender, als helfen zu wollen, aber nicht alle Informationen zu haben. Mit der Outdoor SOS App sind Informationen der Schl\u00fcssel. Durch die Videoverbindung erhalten Sie einen schnellen visuellen Status des Patienten; Der genaue Standort auf der digitalen Karte erm\u00f6glicht\u2026&nbsp;<a href=\"https:\/\/outdoorsosapp.com\/de\/emergency-services\/\" rel=\"bookmark\">Weiterlesen \u00bb<span class=\"screen-reader-text\">4 Notdienste<\/span><\/a><\/p>","protected":false},"author":1,"featured_media":0,"parent":0,"menu_order":0,"comment_status":"closed","ping_status":"closed","template":"","meta":{"neve_meta_sidebar":"default","neve_meta_container":"","neve_meta_enable_content_width":"on","neve_meta_content_width":100,"neve_meta_title_alignment":"","neve_meta_author_avatar":"","neve_post_elements_order":"","neve_meta_disable_header":"","neve_meta_disable_footer":"","neve_meta_disable_title":"on","footnotes":""},"class_list":["post-71","page","type-page","status-publish","hentry"],"_links":{"self":[{"href":"https:\/\/outdoorsosapp.com\/de\/wp-json\/wp\/v2\/pages\/71","targetHints":{"allow":["GET"]}}],"collection":[{"href":"https:\/\/outdoorsosapp.com\/de\/wp-json\/wp\/v2\/pages"}],"about":[{"href":"https:\/\/outdoorsosapp.com\/de\/wp-json\/wp\/v2\/types\/page"}],"author":[{"embeddable":true,"href":"https:\/\/outdoorsosapp.com\/de\/wp-json\/wp\/v2\/users\/1"}],"replies":[{"embeddable":true,"href":"https:\/\/outdoorsosapp.com\/de\/wp-json\/wp\/v2\/comments?post=71"}],"version-history":[{"count":37,"href":"https:\/\/outdoorsosapp.com\/de\/wp-json\/wp\/v2\/pages\/71\/revisions"}],"predecessor-version":[{"id":1018,"href":"https:\/\/outdoorsosapp.com\/de\/wp-json\/wp\/v2\/pages\/71\/revisions\/1018"}],"wp:attachment":[{"href":"https:\/\/outdoorsosapp.com\/de\/wp-json\/wp\/v2\/media?parent=71"}],"curies":[{"name":"wp","href":"https:\/\/api.w.org\/{rel}","templated":true}]}}