{"id":5,"date":"2020-01-13T11:17:52","date_gmt":"2020-01-13T11:17:52","guid":{"rendered":"https:\/\/demosites.io\/web-agency-gb\/?page_id=5"},"modified":"2023-09-15T09:07:41","modified_gmt":"2023-09-15T09:07:41","slug":"15c42-web-agency-gb-home","status":"publish","type":"page","link":"https:\/\/outdoorsosapp.com\/de\/","title":{"rendered":"Home"},"content":{"rendered":"<div class=\"wp-block-cover alignfull\" style=\"min-height:900px;aspect-ratio:unset;\"><span aria-hidden=\"true\" class=\"wp-block-cover__background has-background-dim-0 has-background-dim\"><\/span><img loading=\"lazy\" decoding=\"async\" width=\"2560\" height=\"1707\" class=\"wp-block-cover__image-background wp-image-444\" alt=\"\" src=\"http:\/\/outdoorsosapp.com\/wp-content\/uploads\/2022\/07\/oSOSa_home_bg_use-scaled.jpg\" style=\"object-position:50% 64%\" data-object-fit=\"cover\" data-object-position=\"50% 64%\" srcset=\"https:\/\/outdoorsosapp.com\/wp-content\/uploads\/2022\/07\/oSOSa_home_bg_use-scaled.jpg 2560w, https:\/\/outdoorsosapp.com\/wp-content\/uploads\/2022\/07\/oSOSa_home_bg_use-300x200.jpg 300w, https:\/\/outdoorsosapp.com\/wp-content\/uploads\/2022\/07\/oSOSa_home_bg_use-1024x683.jpg 1024w, https:\/\/outdoorsosapp.com\/wp-content\/uploads\/2022\/07\/oSOSa_home_bg_use-768x512.jpg 768w, https:\/\/outdoorsosapp.com\/wp-content\/uploads\/2022\/07\/oSOSa_home_bg_use-1536x1024.jpg 1536w, https:\/\/outdoorsosapp.com\/wp-content\/uploads\/2022\/07\/oSOSa_home_bg_use-2048x1365.jpg 2048w, https:\/\/outdoorsosapp.com\/wp-content\/uploads\/2022\/07\/oSOSa_home_bg_use-930x620.jpg 930w\" sizes=\"auto, (max-width: 2560px) 100vw, 2560px\" \/><div class=\"wp-block-cover__inner-container is-layout-flow wp-block-cover-is-layout-flow\">\n<h1 class=\"wp-block-heading has-text-align-center has-text-color\" style=\"color:#121212\">Was ist, wenn Sie Hilfe brauchen? <\/h1>\n\n\n\n<p class=\"has-text-align-center has-nv-site-bg-color has-text-color has-medium-font-size\"><strong><em>Sie dr\u00fccken die SOS-Taste auf Ihrer Outdoor SOS-App und nehmen direkten Kontakt mit den Rettungsdiensten auf!<\/em><\/strong><\/p>\n\n\n\n<div style=\"height:80px\" aria-hidden=\"true\" class=\"wp-block-spacer\"><\/div>\n\n\n\n<p><\/p>\n\n\n\n<p><\/p>\n\n\n\n<p class=\"has-text-align-center has-text-color\" style=\"color:#121212;font-size:17px\"><\/p>\n\n\n\n<div class=\"wp-block-buttons is-horizontal is-content-justification-center is-layout-flex wp-container-core-buttons-is-layout-499968f5 wp-block-buttons-is-layout-flex\">\n<div class=\"wp-block-button is-style-secondary\"><a class=\"wp-block-button__link has-nv-site-bg-color has-text-color wp-element-button\" href=\"https:\/\/outdoorsosapp.com\/de\/outdoor-sos-app\/\">LERN MEHR<\/a><\/div>\n<\/div>\n\n\n\n<div style=\"height:80px\" aria-hidden=\"true\" class=\"wp-block-spacer\"><\/div>\n\n\n\n<div style=\"height:80px\" aria-hidden=\"true\" class=\"wp-block-spacer\"><\/div>\n<\/div><\/div>\n\n\n\n<div style=\"height:80px\" aria-hidden=\"true\" class=\"wp-block-spacer\"><\/div>\n\n\n\n<div class=\"wp-block-columns is-layout-flex wp-container-core-columns-is-layout-9d6595d7 wp-block-columns-is-layout-flex\">\n<div class=\"wp-block-column is-layout-flow wp-block-column-is-layout-flow\"><div class=\"wp-block-image icon-style is-style-rounded\">\n<figure class=\"aligncenter size-full is-resized\"><img loading=\"lazy\" decoding=\"async\" src=\"https:\/\/outdoorsosapp.com\/wp-content\/uploads\/2022\/07\/easy-to-use-oSOSa.png\" alt=\"\" class=\"wp-image-366\" style=\"width:75px;height:75px\" width=\"75\" height=\"75\" title=\"\" srcset=\"https:\/\/outdoorsosapp.com\/wp-content\/uploads\/2022\/07\/easy-to-use-oSOSa.png 512w, https:\/\/outdoorsosapp.com\/wp-content\/uploads\/2022\/07\/easy-to-use-oSOSa-300x300.png 300w, https:\/\/outdoorsosapp.com\/wp-content\/uploads\/2022\/07\/easy-to-use-oSOSa-150x150.png 150w\" sizes=\"auto, (max-width: 75px) 100vw, 75px\" \/><\/figure><\/div>\n\n\n<h3 class=\"wp-block-heading has-text-align-center has-neve-text-color-color has-text-color\">Einfach zu verwenden<\/h3>\n\n\n\n<p class=\"has-text-align-center\"><br>Wenn Sie Hilfe ben\u00f6tigen, dr\u00fccken Sie einfach die SOS-Taste.<\/p>\n\n\n\n<div style=\"height:20px\" aria-hidden=\"true\" class=\"wp-block-spacer\"><\/div>\n<\/div>\n\n\n\n<div class=\"wp-block-column is-layout-flow wp-block-column-is-layout-flow\"><div class=\"wp-block-image icon-style is-style-rounded\">\n<figure class=\"aligncenter size-full is-resized\"><img loading=\"lazy\" decoding=\"async\" src=\"https:\/\/outdoorsosapp.com\/wp-content\/uploads\/2022\/07\/pinpoint_rescue-on-map-oSOSa.png\" alt=\"\" class=\"wp-image-765\" style=\"width:75px;height:75px\" width=\"75\" height=\"75\"\/><\/figure><\/div>\n\n\n<h3 class=\"wp-block-heading has-text-align-center has-neve-text-color-color has-text-color\">Finden Sie die n\u00e4chstgelegenen Retter<\/h3>\n\n\n\n<p class=\"has-text-align-center\">Lokalisiert die n\u00e4chstgelegenen verf\u00fcgbaren Notfallretter in Echtzeit.<\/p>\n\n\n\n<div style=\"height:20px\" aria-hidden=\"true\" class=\"wp-block-spacer\"><\/div>\n<\/div>\n\n\n\n<div class=\"wp-block-column is-layout-flow wp-block-column-is-layout-flow\"><div class=\"wp-block-image icon-style is-style-rounded\">\n<figure class=\"aligncenter size-full is-resized\"><img loading=\"lazy\" decoding=\"async\" src=\"https:\/\/outdoorsosapp.com\/wp-content\/uploads\/2022\/07\/direct_contact_oSOSa.png\" alt=\"\" class=\"wp-image-367\" style=\"width:43px;height:74px\" width=\"43\" height=\"74\"\/><\/figure><\/div>\n\n\n<h3 class=\"wp-block-heading has-text-align-center has-neve-text-color-color has-text-color\">Immer direkter Kontakt<\/h3>\n\n\n\n<p class=\"has-text-align-center\">Sofortiger Videokontakt mit Rettungsdiensten.<\/p>\n\n\n\n<div style=\"height:20px\" aria-hidden=\"true\" class=\"wp-block-spacer\"><\/div>\n<\/div>\n\n\n\n<div class=\"wp-block-column is-layout-flow wp-block-column-is-layout-flow\"><div class=\"wp-block-image icon-style is-style-rounded\">\n<figure class=\"aligncenter size-full is-resized\"><img loading=\"lazy\" decoding=\"async\" src=\"https:\/\/outdoorsosapp.com\/wp-content\/uploads\/2022\/07\/help_on_the_way-oSOSa.png\" alt=\"\" class=\"wp-image-368\" style=\"width:75px;height:75px\" width=\"75\" height=\"75\"\/><\/figure><\/div>\n\n\n<h3 class=\"wp-block-heading has-text-align-center has-neve-text-color-color has-text-color\">Hilfe ist auf dem Weg<\/h3>\n\n\n\n<p class=\"has-text-align-center\">Aufgrund der genauen Standortbestimmung trifft Hilfe so schnell wie m\u00f6glich ein.<\/p>\n\n\n\n<div style=\"height:20px\" aria-hidden=\"true\" class=\"wp-block-spacer\"><\/div>\n<\/div>\n<\/div>\n\n\n\n<div style=\"height:80px\" aria-hidden=\"true\" class=\"wp-block-spacer\"><\/div>\n\n\n\n<div class=\"wp-block-cover alignfull is-light\" style=\"min-height:600px;aspect-ratio:unset;\"><span aria-hidden=\"true\" class=\"wp-block-cover__background has-nv-light-bg-background-color has-background-dim\"><\/span><img loading=\"lazy\" decoding=\"async\" width=\"1599\" height=\"899\" class=\"wp-block-cover__image-background wp-image-388\" alt=\"\" src=\"http:\/\/outdoorsosapp.com\/wp-content\/uploads\/2022\/07\/oSOSa_Mod5a.jpeg\" data-object-fit=\"cover\" srcset=\"https:\/\/outdoorsosapp.com\/wp-content\/uploads\/2022\/07\/oSOSa_Mod5a.jpeg 1599w, https:\/\/outdoorsosapp.com\/wp-content\/uploads\/2022\/07\/oSOSa_Mod5a-300x169.jpeg 300w, https:\/\/outdoorsosapp.com\/wp-content\/uploads\/2022\/07\/oSOSa_Mod5a-1024x576.jpeg 1024w, https:\/\/outdoorsosapp.com\/wp-content\/uploads\/2022\/07\/oSOSa_Mod5a-768x432.jpeg 768w, https:\/\/outdoorsosapp.com\/wp-content\/uploads\/2022\/07\/oSOSa_Mod5a-1536x864.jpeg 1536w\" sizes=\"auto, (max-width: 1599px) 100vw, 1599px\" \/><div class=\"wp-block-cover__inner-container is-layout-flow wp-block-cover-is-layout-flow\">\n<div class=\"wp-block-group\"><div class=\"wp-block-group__inner-container is-layout-flow wp-block-group-is-layout-flow\">\n<div style=\"height:80px\" aria-hidden=\"true\" class=\"wp-block-spacer\"><\/div>\n\n\n\n<div class=\"wp-block-columns are-vertically-aligned-center is-layout-flex wp-container-core-columns-is-layout-9d6595d7 wp-block-columns-is-layout-flex\">\n<div class=\"wp-block-column is-vertically-aligned-center is-layout-flow wp-block-column-is-layout-flow\" style=\"flex-basis:50%\">\n<figure class=\"wp-block-image size-full\"><img loading=\"lazy\" decoding=\"async\" width=\"600\" height=\"600\" src=\"https:\/\/outdoorsosapp.com\/wp-content\/uploads\/2022\/07\/0102_templ_600x600.png\" alt=\"\" class=\"wp-image-579\" srcset=\"https:\/\/outdoorsosapp.com\/wp-content\/uploads\/2022\/07\/0102_templ_600x600.png 600w, https:\/\/outdoorsosapp.com\/wp-content\/uploads\/2022\/07\/0102_templ_600x600-300x300.png 300w, https:\/\/outdoorsosapp.com\/wp-content\/uploads\/2022\/07\/0102_templ_600x600-150x150.png 150w\" sizes=\"auto, (max-width: 600px) 100vw, 600px\" \/><\/figure>\n<\/div>\n\n\n\n<div class=\"wp-block-column is-vertically-aligned-center is-layout-flow wp-block-column-is-layout-flow\" style=\"flex-basis:50%\">\n<div style=\"height:20px\" aria-hidden=\"true\" class=\"wp-block-spacer\"><\/div>\n\n\n\n<h2 class=\"wp-block-heading has-text-align-left has-neve-text-color-color has-text-color\">die App, die Leben rettet<\/h2>\n\n\n\n<p>Outdoor-Aktivit\u00e4ten sind toll, aber ein Unfall steht vor der T\u00fcr. Mit der Outdoor SOS App hilfst du dir und anderen!<br>Stellen Sie sicher, dass Sie es auch heruntergeladen haben!<\/p>\n\n\n\n<p>Verlasse das Haus nie ohne die Outdoor SOS App!<\/p>\n\n\n\n<div class=\"wp-block-buttons is-horizontal is-content-justification-left is-layout-flex wp-container-core-buttons-is-layout-7e5fce0a wp-block-buttons-is-layout-flex\">\n<div class=\"wp-block-button is-style-secondary\"><a class=\"wp-block-button__link wp-element-button\" href=\"https:\/\/outdoorsosapp.com\/de\/outdoor-sos-app\/\">LERN MEHR<\/a><\/div>\n<\/div>\n<\/div>\n<\/div>\n\n\n\n<div style=\"height:40px\" aria-hidden=\"true\" class=\"wp-block-spacer\"><\/div>\n<\/div><\/div>\n<\/div><\/div>\n\n\n\n<div class=\"wp-block-cover alignfull\" style=\"min-height:600px;aspect-ratio:unset;\"><span aria-hidden=\"true\" class=\"wp-block-cover__background has-nv-site-bg-background-color has-background-dim-100 has-background-dim\"><\/span><div class=\"wp-block-cover__inner-container is-layout-flow wp-block-cover-is-layout-flow\">\n<div class=\"wp-block-group\"><div class=\"wp-block-group__inner-container is-layout-flow wp-block-group-is-layout-flow\">\n<div style=\"height:80px\" aria-hidden=\"true\" class=\"wp-block-spacer\"><\/div>\n\n\n\n<div class=\"wp-block-columns are-vertically-aligned-center is-layout-flex wp-container-core-columns-is-layout-9d6595d7 wp-block-columns-is-layout-flex\">\n<div class=\"wp-block-column is-vertically-aligned-center is-layout-flow wp-block-column-is-layout-flow\" style=\"flex-basis:50%\">\n<h2 class=\"wp-block-heading has-text-align-left has-neve-text-color-color has-text-color\">Einfach zu verwenden<\/h2>\n\n\n\n<p class=\"has-text-align-left has-neve-text-color-color has-text-color\" style=\"font-size:17px\">Die Outdoor SOS App wurde so entwickelt, dass sie ohne Aufwand auf allen mobilen Endger\u00e4ten und f\u00fcr jedermann nutzbar ist.<\/p>\n\n\n\n<p class=\"has-text-align-left has-neve-text-color-color has-text-color\" style=\"font-size:17px\">Bevor Sie sich auf den Weg machen, laden Sie die App herunter und melden Sie sich nur einmal an und BEREIT.<\/p>\n\n\n\n<div class=\"wp-block-buttons is-horizontal is-content-justification-left is-layout-flex wp-container-core-buttons-is-layout-7e5fce0a wp-block-buttons-is-layout-flex\">\n<div class=\"wp-block-button is-style-secondary\"><a class=\"wp-block-button__link wp-element-button\" href=\"https:\/\/outdoorsosapp.com\/de\/outdoor-sos-app\/\">LERN MEHR<\/a><\/div>\n<\/div>\n\n\n\n<div style=\"height:40px\" aria-hidden=\"true\" class=\"wp-block-spacer\"><\/div>\n<\/div>\n\n\n\n<div class=\"wp-block-column is-vertically-aligned-center is-layout-flow wp-block-column-is-layout-flow\" style=\"flex-basis:50%\">\n<figure class=\"wp-block-image size-full\"><img loading=\"lazy\" decoding=\"async\" width=\"600\" height=\"600\" src=\"https:\/\/outdoorsosapp.com\/wp-content\/uploads\/2022\/07\/oSOSa_summer_mountain_hike_600.jpg\" alt=\"\" class=\"wp-image-395\" srcset=\"https:\/\/outdoorsosapp.com\/wp-content\/uploads\/2022\/07\/oSOSa_summer_mountain_hike_600.jpg 600w, https:\/\/outdoorsosapp.com\/wp-content\/uploads\/2022\/07\/oSOSa_summer_mountain_hike_600-300x300.jpg 300w, https:\/\/outdoorsosapp.com\/wp-content\/uploads\/2022\/07\/oSOSa_summer_mountain_hike_600-150x150.jpg 150w\" sizes=\"auto, (max-width: 600px) 100vw, 600px\" \/><\/figure>\n<\/div>\n<\/div>\n\n\n\n<div style=\"height:40px\" aria-hidden=\"true\" class=\"wp-block-spacer\"><\/div>\n<\/div><\/div>\n<\/div><\/div>\n\n\n\n<div class=\"wp-block-cover alignfull\" style=\"min-height:600px;aspect-ratio:unset;\"><span aria-hidden=\"true\" class=\"wp-block-cover__background has-nv-dark-bg-background-color has-background-dim\"><\/span><img loading=\"lazy\" decoding=\"async\" width=\"1599\" height=\"1066\" class=\"wp-block-cover__image-background wp-image-385\" alt=\"\" src=\"http:\/\/outdoorsosapp.com\/wp-content\/uploads\/2022\/07\/oSOSa_Mod3.jpeg\" data-object-fit=\"cover\" srcset=\"https:\/\/outdoorsosapp.com\/wp-content\/uploads\/2022\/07\/oSOSa_Mod3.jpeg 1599w, https:\/\/outdoorsosapp.com\/wp-content\/uploads\/2022\/07\/oSOSa_Mod3-300x200.jpeg 300w, https:\/\/outdoorsosapp.com\/wp-content\/uploads\/2022\/07\/oSOSa_Mod3-1024x683.jpeg 1024w, https:\/\/outdoorsosapp.com\/wp-content\/uploads\/2022\/07\/oSOSa_Mod3-768x512.jpeg 768w, https:\/\/outdoorsosapp.com\/wp-content\/uploads\/2022\/07\/oSOSa_Mod3-1536x1024.jpeg 1536w, https:\/\/outdoorsosapp.com\/wp-content\/uploads\/2022\/07\/oSOSa_Mod3-930x620.jpeg 930w\" sizes=\"auto, (max-width: 1599px) 100vw, 1599px\" \/><div class=\"wp-block-cover__inner-container is-layout-flow wp-block-cover-is-layout-flow\">\n<div class=\"wp-block-group\"><div class=\"wp-block-group__inner-container is-layout-flow wp-block-group-is-layout-flow\">\n<div style=\"height:80px\" aria-hidden=\"true\" class=\"wp-block-spacer\"><\/div>\n\n\n\n<div class=\"wp-block-columns are-vertically-aligned-center is-layout-flex wp-container-core-columns-is-layout-9d6595d7 wp-block-columns-is-layout-flex\">\n<div class=\"wp-block-column is-vertically-aligned-center is-layout-flow wp-block-column-is-layout-flow\" style=\"flex-basis:50%\"><\/div>\n\n\n\n<div class=\"wp-block-column is-vertically-aligned-center is-layout-flow wp-block-column-is-layout-flow\" style=\"flex-basis:50%\">\n<div style=\"height:40px\" aria-hidden=\"true\" class=\"wp-block-spacer\"><\/div>\n\n\n\n<h2 class=\"wp-block-heading has-text-align-left has-nv-text-dark-bg-color has-text-color\">Wo immer Sie sind, Sie werden gerettet!<\/h2>\n\n\n\n<p class=\"has-text-align-left has-nv-text-dark-bg-color has-text-color\" style=\"font-size:17px\">Durch die genaue Bestimmung Ihres Standorts auf einer digitalen Karte k\u00f6nnen Sie von Rettungsdiensten innerhalb von Uhr geortet werden<sup>2<\/sup> pr\u00e4zise. <\/p>\n\n\n\n<p>Mit der Outdoor SOS App wird wertvolle Zeit gespart und Hilfe erreicht Sie schneller denn je!<\/p>\n\n\n\n<div class=\"wp-block-buttons is-horizontal is-content-justification-left is-layout-flex wp-container-core-buttons-is-layout-7e5fce0a wp-block-buttons-is-layout-flex\">\n<div class=\"wp-block-button is-style-default\"><a class=\"wp-block-button__link wp-element-button\" href=\"https:\/\/outdoorsosapp.com\/de\/outdoor-sos-app\/\">LERN MEHR<\/a><\/div>\n<\/div>\n<\/div>\n<\/div>\n\n\n\n<div style=\"height:50px\" aria-hidden=\"true\" class=\"wp-block-spacer\"><\/div>\n<\/div><\/div>\n<\/div><\/div>\n\n\n\n<div class=\"wp-block-cover alignfull\" style=\"min-height:600px;aspect-ratio:unset;\"><span aria-hidden=\"true\" class=\"wp-block-cover__background has-nv-site-bg-background-color has-background-dim-100 has-background-dim\"><\/span><div class=\"wp-block-cover__inner-container is-layout-flow wp-block-cover-is-layout-flow\">\n<div class=\"wp-block-group\"><div class=\"wp-block-group__inner-container is-layout-flow wp-block-group-is-layout-flow\">\n<div style=\"height:80px\" aria-hidden=\"true\" class=\"wp-block-spacer\"><\/div>\n\n\n\n<h2 class=\"wp-block-heading has-neve-text-color-color has-text-color\">Bilder sagen mehr als 1000 Worte!<\/h2>\n\n\n\n<p class=\"has-nv-dark-bg-color has-text-color\">Die Outdoor SOS App hat die einzigartigste Funktion, die keine andere App hat. Durch die direkte Videoverbindung mit den Einsatzkr\u00e4ften haben Sie das Gef\u00fchl, als st\u00fcnden sie schon neben Ihnen!<\/p>\n\n\n\n<p class=\"has-nv-dark-bg-color has-text-color\">Bleib ruhig und bleib sicher! <\/p>\n\n\n\n<h2 class=\"wp-block-heading has-nv-dark-bg-color has-text-color\">Hilfe ist immer in der N\u00e4he!<\/h2>\n\n\n\n<div style=\"height:20px\" aria-hidden=\"true\" class=\"wp-block-spacer\"><\/div>\n\n\n\n<div class=\"wp-block-columns are-vertically-aligned-center is-layout-flex wp-container-core-columns-is-layout-9d6595d7 wp-block-columns-is-layout-flex\">\n<div class=\"wp-block-column is-vertically-aligned-center is-layout-flow wp-block-column-is-layout-flow\" style=\"flex-basis:50%\">\n<figure class=\"wp-block-image size-full\"><img loading=\"lazy\" decoding=\"async\" width=\"600\" height=\"600\" src=\"https:\/\/outdoorsosapp.com\/wp-content\/uploads\/2022\/07\/oSOSa_winter_mountainBike_600.jpg\" alt=\"\" class=\"wp-image-398\" srcset=\"https:\/\/outdoorsosapp.com\/wp-content\/uploads\/2022\/07\/oSOSa_winter_mountainBike_600.jpg 600w, https:\/\/outdoorsosapp.com\/wp-content\/uploads\/2022\/07\/oSOSa_winter_mountainBike_600-300x300.jpg 300w, https:\/\/outdoorsosapp.com\/wp-content\/uploads\/2022\/07\/oSOSa_winter_mountainBike_600-150x150.jpg 150w\" sizes=\"auto, (max-width: 600px) 100vw, 600px\" \/><\/figure>\n\n\n\n<div style=\"height:40px\" aria-hidden=\"true\" class=\"wp-block-spacer\"><\/div>\n<\/div>\n\n\n\n<div class=\"wp-block-column is-vertically-aligned-center is-layout-flow wp-block-column-is-layout-flow\" style=\"flex-basis:50%\">\n<figure class=\"wp-block-image size-full\"><img loading=\"lazy\" decoding=\"async\" width=\"600\" height=\"600\" src=\"https:\/\/outdoorsosapp.com\/wp-content\/uploads\/2022\/07\/oSOSa_directions_600.jpg\" alt=\"\" class=\"wp-image-399\" srcset=\"https:\/\/outdoorsosapp.com\/wp-content\/uploads\/2022\/07\/oSOSa_directions_600.jpg 600w, https:\/\/outdoorsosapp.com\/wp-content\/uploads\/2022\/07\/oSOSa_directions_600-300x300.jpg 300w, https:\/\/outdoorsosapp.com\/wp-content\/uploads\/2022\/07\/oSOSa_directions_600-150x150.jpg 150w\" sizes=\"auto, (max-width: 600px) 100vw, 600px\" \/><\/figure>\n\n\n\n<div style=\"height:40px\" aria-hidden=\"true\" class=\"wp-block-spacer\"><\/div>\n<\/div>\n<\/div>\n\n\n\n<div style=\"height:40px\" aria-hidden=\"true\" class=\"wp-block-spacer\"><\/div>\n<\/div><\/div>\n<\/div><\/div>\n\n\n\n<div class=\"wp-block-cover alignfull\" style=\"min-height:420px;aspect-ratio:unset;\"><span aria-hidden=\"true\" class=\"wp-block-cover__background has-nv-light-bg-background-color has-background-dim-100 has-background-dim\"><\/span><div class=\"wp-block-cover__inner-container is-layout-flow wp-block-cover-is-layout-flow\">\n<div style=\"height:80px\" aria-hidden=\"true\" class=\"wp-block-spacer\"><\/div>\n\n\n\n<div class=\"wp-block-columns is-layout-flex wp-container-core-columns-is-layout-9d6595d7 wp-block-columns-is-layout-flex\">\n<div class=\"wp-block-column ticss-4ce656f1 is-layout-flow wp-block-column-is-layout-flow\">\n<figure class=\"wp-block-image size-large is-resized is-style-rounded\"><img loading=\"lazy\" decoding=\"async\" src=\"http:\/\/outdoorsosapp.com\/wp-content\/uploads\/2020\/12\/neve-web-design-studio-03.1.jpg\" alt=\"\" class=\"wp-image-215\" style=\"width:80px;height:80px\" width=\"80\" height=\"80\"\/><\/figure>\n\n\n\n<p class=\"has-text-align-left has-neve-text-color-color has-text-color\">\u201eAls Snowboardlehrer hat die Sicherheit meiner Sch\u00fcler und anderer oberste Priorit\u00e4t. Mit der Outdoor SOS App immer dabei, wei\u00df ich, dass ich f\u00fcr alle einen Unterschied in Geschwindigkeit und Sicherheit machen kann!\u201c<\/p>\n\n\n\n<p class=\"has-neve-text-color-color has-text-color\">JANET<\/p>\n\n\n\n<div style=\"height:20px\" aria-hidden=\"true\" class=\"wp-block-spacer\"><\/div>\n<\/div>\n\n\n\n<div class=\"wp-block-column ticss-f6fc7494 is-layout-flow wp-block-column-is-layout-flow\">\n<figure class=\"wp-block-image size-large is-resized is-style-rounded\"><img loading=\"lazy\" decoding=\"async\" src=\"http:\/\/outdoorsosapp.com\/wp-content\/uploads\/2020\/12\/neve-web-design-studio-04.1.jpg\" alt=\"\" class=\"wp-image-216\" style=\"width:80px;height:80px\" width=\"80\" height=\"80\"\/><\/figure>\n\n\n\n<p class=\"has-text-align-left has-neve-text-color-color has-text-color\">\u201eIch bin einer der vielen Rettungskr\u00e4fte in unserer Gegend. Im Winter gibt es viele Menschen, im Sommer jedoch nur wenige, was es schwieriger macht, Menschen zu finden und ihnen zu helfen. Mit der Outdoor SOS-App sparen wir so viel Zeit, die wir nutzen k\u00f6nnen, um jemanden zu tr\u00f6sten, anstatt ihn mit Helikoptern suchen zu m\u00fcssen!\u201c<\/p>\n\n\n\n<p class=\"has-neve-text-color-color has-text-color\">Franz<\/p>\n\n\n\n<div style=\"height:20px\" aria-hidden=\"true\" class=\"wp-block-spacer\"><\/div>\n<\/div>\n\n\n\n<div class=\"wp-block-column ticss-a5b4df29 is-layout-flow wp-block-column-is-layout-flow\">\n<figure class=\"wp-block-image size-large is-resized is-style-rounded\"><img loading=\"lazy\" decoding=\"async\" src=\"http:\/\/outdoorsosapp.com\/wp-content\/uploads\/2020\/12\/neve-web-design-studio-02.1.jpg\" alt=\"\" class=\"wp-image-214\" style=\"width:80px;height:80px\" width=\"80\" height=\"80\"\/><\/figure>\n\n\n\n<p class=\"has-text-align-left has-neve-text-color-color has-text-color\">\u201eWarum haben wir so lange gebraucht, um diese bemerkenswerte lebensrettende App zu haben? Jetzt, wo wir es getestet haben, k\u00f6nnen wir schneller und viel effizienter als je zuvor helfen und vor allem die Menschen in Not beruhigen, sobald sie Sie auf dem Bildschirm sehen, in dem Wissen, dass sie bald gerettet werden. Ich bin \u00fcberzeugt, dass diese App wirklich funktioniert!\u201c<\/p>\n\n\n\n<p class=\"has-neve-text-color-color has-text-color\">Olivier<\/p>\n\n\n\n<div style=\"height:20px\" aria-hidden=\"true\" class=\"wp-block-spacer\"><\/div>\n<\/div>\n<\/div>\n\n\n\n<div style=\"height:30px\" aria-hidden=\"true\" class=\"wp-block-spacer\"><\/div>\n<\/div><\/div>\n\n\n\n<div class=\"wp-block-cover alignfull\" style=\"min-height:300px;aspect-ratio:unset;\"><span aria-hidden=\"true\" class=\"wp-block-cover__background has-nv-dark-bg-background-color has-background-dim\"><\/span><img loading=\"lazy\" decoding=\"async\" width=\"1366\" height=\"768\" class=\"wp-block-cover__image-background wp-image-521\" alt=\"\" src=\"https:\/\/outdoorsosapp.com\/wp-content\/uploads\/2022\/07\/oSOSa_border_forest.jpg\" data-object-fit=\"cover\" srcset=\"https:\/\/outdoorsosapp.com\/wp-content\/uploads\/2022\/07\/oSOSa_border_forest.jpg 1366w, https:\/\/outdoorsosapp.com\/wp-content\/uploads\/2022\/07\/oSOSa_border_forest-300x169.jpg 300w, https:\/\/outdoorsosapp.com\/wp-content\/uploads\/2022\/07\/oSOSa_border_forest-1024x576.jpg 1024w, https:\/\/outdoorsosapp.com\/wp-content\/uploads\/2022\/07\/oSOSa_border_forest-768x432.jpg 768w\" sizes=\"auto, (max-width: 1366px) 100vw, 1366px\" \/><div class=\"wp-block-cover__inner-container is-layout-flow wp-block-cover-is-layout-flow\">\n<div style=\"height:140px\" aria-hidden=\"true\" class=\"wp-block-spacer\"><\/div>\n\n\n\n<h2 class=\"wp-block-heading has-text-align-center has-nv-text-dark-bg-color has-text-color\">Lasst uns einander helfen und gemeinsam das Leben im Freien genie\u00dfen <\/h2>\n\n\n\n<p class=\"has-text-align-center\">Sie k\u00f6nnen sich und anderen helfen, indem Sie die Outdoor SOS App herunterladen und sich einmalig anmelden. Das Leben im Freien folgt der Regel, sich gegenseitig zu helfen, wenn Hilfe ben\u00f6tigt wird. Mit der Outdoor SOS App k\u00f6nnen Sie dazu beitragen, Leben zu retten und gemeinsam verantwortungsbewusster zu genie\u00dfen. <\/p>\n\n\n\n<div class=\"wp-block-buttons is-horizontal is-content-justification-center is-layout-flex wp-container-core-buttons-is-layout-499968f5 wp-block-buttons-is-layout-flex\">\n<div class=\"wp-block-button is-style-default\"><a class=\"wp-block-button__link wp-element-button\" href=\"https:\/\/outdoorsosapp.com\/de\/contact-us\/\">KONTAKTIERE UNS<\/a><\/div>\n<\/div>\n\n\n\n<div style=\"height:140px\" aria-hidden=\"true\" class=\"wp-block-spacer\"><\/div>\n<\/div><\/div>","protected":false},"excerpt":{"rendered":"<p>Einfach zu bedienen Wenn Sie Hilfe ben\u00f6tigen, dr\u00fccken Sie einfach die SOS-Taste. Retter in der N\u00e4he finden Zeigt die n\u00e4chstgelegenen verf\u00fcgbaren Notfallretter in Echtzeit an. Immer direkter Kontakt Sofortiger Videokontakt mit Rettungsdiensten. Hilfe ist unterwegs Aufgrund der pr\u00e4zisen Standortbestimmung trifft Hilfe so schnell wie m\u00f6glich ein.<\/p>","protected":false},"author":1,"featured_media":0,"parent":0,"menu_order":0,"comment_status":"closed","ping_status":"closed","template":"","meta":{"neve_meta_sidebar":"default","neve_meta_container":"default","neve_meta_enable_content_width":"on","neve_meta_content_width":100,"neve_meta_title_alignment":"","neve_meta_author_avatar":"","neve_post_elements_order":"","neve_meta_disable_header":"","neve_meta_disable_footer":"","neve_meta_disable_title":"on","footnotes":""},"class_list":["post-5","page","type-page","status-publish","hentry"],"_links":{"self":[{"href":"https:\/\/outdoorsosapp.com\/de\/wp-json\/wp\/v2\/pages\/5","targetHints":{"allow":["GET"]}}],"collection":[{"href":"https:\/\/outdoorsosapp.com\/de\/wp-json\/wp\/v2\/pages"}],"about":[{"href":"https:\/\/outdoorsosapp.com\/de\/wp-json\/wp\/v2\/types\/page"}],"author":[{"embeddable":true,"href":"https:\/\/outdoorsosapp.com\/de\/wp-json\/wp\/v2\/users\/1"}],"replies":[{"embeddable":true,"href":"https:\/\/outdoorsosapp.com\/de\/wp-json\/wp\/v2\/comments?post=5"}],"version-history":[{"count":47,"href":"https:\/\/outdoorsosapp.com\/de\/wp-json\/wp\/v2\/pages\/5\/revisions"}],"predecessor-version":[{"id":1083,"href":"https:\/\/outdoorsosapp.com\/de\/wp-json\/wp\/v2\/pages\/5\/revisions\/1083"}],"wp:attachment":[{"href":"https:\/\/outdoorsosapp.com\/de\/wp-json\/wp\/v2\/media?parent=5"}],"curies":[{"name":"wp","href":"https:\/\/api.w.org\/{rel}","templated":true}]}}